{"id":64832,"date":"2024-12-06T09:29:18","date_gmt":"2024-12-06T08:29:18","guid":{"rendered":"https:\/\/smania.store\/sk\/produkt\/flexibilny-polyuretanovy-skarovaci-tmel-groutpro-1-kg\/"},"modified":"2026-04-01T21:12:07","modified_gmt":"2026-04-01T19:12:07","slug":"flexibilny-polyuretanovy-skarovaci-tmel-groutpro-1-kg","status":"publish","type":"product","link":"https:\/\/smania.store\/sk\/produkt\/flexibilny-polyuretanovy-skarovaci-tmel-groutpro-1-kg\/","title":{"rendered":"Flexibiln\u00fd polyuret\u00e1nov\u00fd \u0161k\u00e1rovac\u00ed tmel GroutPro\u2122 (1 kg)"},"content":{"rendered":"<div class=\"smania_landing_description_title\">\u00da\u017easn\u00e1 inov\u00e1cia! Dokonal\u00fd tmel na steny a \u0161k\u00e1ry!<\/div>\n<div class=\"smania_landing_description_txt\">Jednoduch\u00e9 utesnenie praskl\u00edn odoln\u00fdm a pru\u017en\u00fdm tmelom za p\u00e1r min\u00fat!<\/div>\n<div class=\"smania_landing_description_subtitle\">Zabudnite na netesnosti a praskliny! S na\u0161\u00edm tmelom GroutPro\u2122 r\u00fdchlo vyrie\u0161ite v\u0161etky probl\u00e9my s popraskan\u00fdmi stenami, \u0161k\u00e1rami a netesnos\u0165ami. Tento revolu\u010dn\u00fd polym\u00e9rny polyuret\u00e1nov\u00fd tmel pon\u00faka vodotesn\u00fa ochranu a spo\u013eahlivos\u0165 na dlh\u00e9 roky. Ne\u010dakajte a zabezpe\u010dte svoj domov proti \u00fanikom!<\/div>\n<div class=\"smania_landing_description_list\">\n<ul>\n<li>Pou\u017e\u00edva sa na utesnenie trhl\u00edn a dilata\u010dn\u00fdch \u0161k\u00e1r<\/li>\n<li>Okam\u017eit\u00e9 a dlhotrvaj\u00face utesnenie<\/li>\n<li>Vodotesn\u00e9 a odoln\u00e9 vo\u010di poveternostn\u00fdm vplyvom<\/li>\n<li>Jednoduch\u00e1 aplik\u00e1cia, nie je potrebn\u00fd odborn\u00edk<\/li>\n<li>Vhodn\u00fd na pou\u017eitie v interi\u00e9ri aj exteri\u00e9ri<\/li>\n<li>Vysoko elastick\u00fd a odoln\u00fd<\/li>\n<\/ul><\/div>\n","protected":false},"excerpt":{"rendered":"<p>Odoln\u00fd vo\u010di extr\u00e9mnym teplot\u00e1m|Odoln\u00fd vo\u010di tlaku, nedeformuje sa a neprask\u00e1|Vodotesn\u00fd a odoln\u00fd proti opotrebovaniu|Bezpe\u010dn\u00e9 pou\u017eitie na v\u0161etk\u00fdch povrchoch|Ochrana proti vlhkosti a plesniam|Vzorec proti starnutiu a vysoko elastick\u00fd|Netoxick\u00fd, bez z\u00e1pachu a bezpe\u010dn\u00fd pre \u013eud\u00ed aj dom\u00e1ce zvierat\u00e1|Vysok\u00e1 \u00fa\u010dinnos\u0165 a spo\u013eahlivos\u0165 pre dlhotrvaj\u00face opravy|Ide\u00e1lny na profesion\u00e1lne aj dom\u00e1ce pou\u017eitie|Ide\u00e1lne na opravy a renov\u00e1cie|R\u00fdchle tuhnutie, bez zmr\u0161\u0165ovania|Vhodn\u00e9 na such\u00e9 pou\u017eitie|Bezpe\u010dnej\u0161ie a ne\u0161kodn\u00e9|Obsah: 1 kg (posta\u010duje na 1 a\u017e 2 m2 v z\u00e1vislosti od hr\u00fabky vrstvy, \u0161\u00edrky a h\u013abky trhl\u00edn)<\/p>\n","protected":false},"featured_media":110741,"template":"","meta":[],"product_cat":[16,2791],"product_tag":[2805,1482],"acf":[],"_links":{"self":[{"href":"https:\/\/smania.store\/sk\/wp-json\/wp\/v2\/product\/64832"}],"collection":[{"href":"https:\/\/smania.store\/sk\/wp-json\/wp\/v2\/product"}],"about":[{"href":"https:\/\/smania.store\/sk\/wp-json\/wp\/v2\/types\/product"}],"wp:featuredmedia":[{"embeddable":true,"href":"https:\/\/smania.store\/sk\/wp-json\/wp\/v2\/media\/110741"}],"wp:attachment":[{"href":"https:\/\/smania.store\/sk\/wp-json\/wp\/v2\/media?parent=64832"}],"wp:term":[{"taxonomy":"product_cat","embeddable":true,"href":"https:\/\/smania.store\/sk\/wp-json\/wp\/v2\/product_cat?post=64832"},{"taxonomy":"product_tag","embeddable":true,"href":"https:\/\/smania.store\/sk\/wp-json\/wp\/v2\/product_tag?post=64832"}],"curies":[{"name":"wp","href":"https:\/\/api.w.org\/{rel}","templated":true}]}}