{"id":63803,"date":"2024-12-03T09:02:05","date_gmt":"2024-12-03T08:02:05","guid":{"rendered":"https:\/\/smania.store\/sk\/produkt\/vodotesna-butilova-paska-herculebind\/"},"modified":"2026-03-22T09:33:37","modified_gmt":"2026-03-22T08:33:37","slug":"vodotesna-butilova-paska-herculebind","status":"publish","type":"product","link":"https:\/\/smania.store\/sk\/produkt\/vodotesna-butilova-paska-herculebind\/","title":{"rendered":"Vodotesn\u00e1 butilov\u00e1 p\u00e1ska HerculeBind\u2122"},"content":{"rendered":"<div class=\"smania_landing_description_title\">Nov\u00e1 a super siln\u00e1! Pre skuto\u010dn\u00fdch majstrov dom\u00e1cich opr\u00e1v!<\/div>\n<div class=\"smania_landing_description_txt\">Opravte a utesnite ak\u00fdko\u013evek \u00fanik!<\/div>\n<div class=\"smania_landing_description_subtitle\">Zbohom netesnosti a praskliny! Lepiaca p\u00e1ska HerculeBind\u2122 je maxim\u00e1lne r\u00fdchle a \u00fa\u010dinn\u00e9 rie\u0161enie pre ak\u00fako\u013evek opravu. \u013dahko sa pripev\u0148uje a okam\u017eite utes\u0148uje ak\u00fdko\u013evek povrch, mokr\u00fd alebo such\u00fd, studen\u00fd alebo tepl\u00fd. Vyberte si bezpe\u010dnos\u0165 a odolnos\u0165 pre ka\u017ed\u00fa n\u00fadzov\u00fa situ\u00e1ciu!<\/div>\n<div class=\"smania_landing_description_list\">\n<ul>\n<li>Super siln\u00e1 pri\u013enavos\u0165 na akomko\u013evek povrchu<\/li>\n<li>Odolnos\u0165 vo\u010di vode a extr\u00e9mnym podmienkam<\/li>\n<li>Okam\u017eit\u00e9 a trval\u00e9 utesnenie<\/li>\n<li>Vhodn\u00e9 aj na mokr\u00e9 povrchy<\/li>\n<li>Jednoduch\u00e9 pou\u017eitie, r\u00fdchla aplik\u00e1cia<\/li>\n<li>Ide\u00e1lna ve\u013ekos\u0165: 300 cm x 10 cm x 1,2 mm<\/li>\n<\/ul><\/div>\n","protected":false},"excerpt":{"rendered":"<p>Okam\u017eite oprav\u00ed ak\u00fdko\u013evek \u00fanik|Ide\u00e1lne na potrubia a strechy|Vhodn\u00e9 aj na mokr\u00e9 povrchy|Ide\u00e1lny pre ak\u00fdko\u013evek tvar a povrch|Utes\u0148uje vodu, vlhkos\u0165, paru, koroz\u00edvne chemik\u00e1lie a in\u00e9 \u00faniky|Okam\u017eit\u00e9 a bezpe\u010dn\u00e9 utesnenie|Vhodn\u00e9 na r\u00f4zne opravy domu|Neuverite\u013ene odoln\u00fd: odoln\u00fd vo\u010di vysok\u00e9mu tlaku, vode a extr\u00e9mnym teplot\u00e1m|Materi\u00e1l: hlin\u00edk a guma|Ve\u013ekos\u0165: 300 cm x 10 cm x 1,2 mm<\/p>\n","protected":false},"featured_media":63792,"template":"","meta":[],"product_cat":[16,222],"product_tag":[1781],"acf":[],"_links":{"self":[{"href":"https:\/\/smania.store\/sk\/wp-json\/wp\/v2\/product\/63803"}],"collection":[{"href":"https:\/\/smania.store\/sk\/wp-json\/wp\/v2\/product"}],"about":[{"href":"https:\/\/smania.store\/sk\/wp-json\/wp\/v2\/types\/product"}],"wp:featuredmedia":[{"embeddable":true,"href":"https:\/\/smania.store\/sk\/wp-json\/wp\/v2\/media\/63792"}],"wp:attachment":[{"href":"https:\/\/smania.store\/sk\/wp-json\/wp\/v2\/media?parent=63803"}],"wp:term":[{"taxonomy":"product_cat","embeddable":true,"href":"https:\/\/smania.store\/sk\/wp-json\/wp\/v2\/product_cat?post=63803"},{"taxonomy":"product_tag","embeddable":true,"href":"https:\/\/smania.store\/sk\/wp-json\/wp\/v2\/product_tag?post=63803"}],"curies":[{"name":"wp","href":"https:\/\/api.w.org\/{rel}","templated":true}]}}