{"id":63568,"date":"2024-12-02T11:11:11","date_gmt":"2024-12-02T10:11:11","guid":{"rendered":"https:\/\/smania.store\/sk\/produkt\/roztok-na-opravu-a-vysoky-lesk-autogloss\/"},"modified":"2026-03-16T09:59:09","modified_gmt":"2026-03-16T08:59:09","slug":"roztok-na-opravu-a-vysoky-lesk-autogloss","status":"publish","type":"product","link":"https:\/\/smania.store\/sk\/produkt\/roztok-na-opravu-a-vysoky-lesk-autogloss\/","title":{"rendered":"Roztok na opravu a vysok\u00fd lesk AutoGloss"},"content":{"rendered":"<div class=\"smania_landing_description_title\">NOVINKA! AutoGloss \u2013 rie\u0161enie na opravu a kone\u010dn\u00fa \u00fapravu vysok\u00e9ho lesku<\/div>\n<div class=\"smania_landing_description_txt\">Inovat\u00edvne zlo\u017eenie 3 v 1 vyp\u013a\u0148a \u0161krabance a nedokonalosti!<\/div>\n<div class=\"smania_landing_description_subtitle\">AutoGloss je dokonal\u00e9 rie\u0161enie 3 v 1 pre va\u0161e vozidlo! Tento vysokov\u00fdkonn\u00fd, samonivela\u010dn\u00fd ochrann\u00fd n\u00e1ter nielen opravuje nedokonalosti povrchu, ale poskytuje aj vysok\u00fd lesk a dlhotrvaj\u00facu ochranu!\ud83d\ude97\u2728<\/div>\n<div class=\"smania_landing_description_list\">\n<ul>\n<li>Bez n\u00e1mahy vyhladzuje a vyp\u013a\u0148a povrchov\u00e9 nedokonalosti<\/li>\n<li>Zv\u00fdraz\u0148uje h\u013abku a s\u00fdtos\u0165 farieb<\/li>\n<li>Poskytuje UV ochranu a zabra\u0148uje hrdzi<\/li>\n<li>R\u00fdchle a efekt\u00edvne rie\u0161enie na obnovenie bezchybn\u00e9ho vzh\u013eadu v\u00e1\u0161ho auta<\/li>\n<li>Nevy\u017eaduj\u00fa sa \u017eiadne profesion\u00e1lne slu\u017eby<\/li>\n<\/ul><\/div>\n","protected":false},"excerpt":{"rendered":"<p>Odoln\u00fd n\u00e1ter, ktor\u00fd chr\u00e1ni va\u0161e auto pred UV \u017eiaren\u00edm a hrdzou|Obnovuje lesk a s\u00fdtos\u0165 farby v\u00e1\u0161ho vozidla|Vyhladzuje a vyp\u013a\u0148a povrchov\u00e9 \u0161krabance a nerovnosti|Dlhotrvaj\u00face \u00fa\u010dinky|Jednoduch\u00e9 pou\u017eitie: naneste na povrch vozidla \u0161pongiou|Objem: 150 ml|\u010cas pou\u017eite\u013enosti: 3 roky<\/p>\n","protected":false},"featured_media":118036,"template":"","meta":[],"product_cat":[18,2791],"product_tag":[2792,2799,1504],"acf":[],"_links":{"self":[{"href":"https:\/\/smania.store\/sk\/wp-json\/wp\/v2\/product\/63568"}],"collection":[{"href":"https:\/\/smania.store\/sk\/wp-json\/wp\/v2\/product"}],"about":[{"href":"https:\/\/smania.store\/sk\/wp-json\/wp\/v2\/types\/product"}],"wp:featuredmedia":[{"embeddable":true,"href":"https:\/\/smania.store\/sk\/wp-json\/wp\/v2\/media\/118036"}],"wp:attachment":[{"href":"https:\/\/smania.store\/sk\/wp-json\/wp\/v2\/media?parent=63568"}],"wp:term":[{"taxonomy":"product_cat","embeddable":true,"href":"https:\/\/smania.store\/sk\/wp-json\/wp\/v2\/product_cat?post=63568"},{"taxonomy":"product_tag","embeddable":true,"href":"https:\/\/smania.store\/sk\/wp-json\/wp\/v2\/product_tag?post=63568"}],"curies":[{"name":"wp","href":"https:\/\/api.w.org\/{rel}","templated":true}]}}