{"id":60359,"date":"2024-11-14T12:16:44","date_gmt":"2024-11-14T11:16:44","guid":{"rendered":"https:\/\/smania.store\/sk\/produkt\/chromova-farba-v-spreji-chromius\/"},"modified":"2026-03-31T12:10:26","modified_gmt":"2026-03-31T10:10:26","slug":"chromova-farba-v-spreji-chromius","status":"publish","type":"product","link":"https:\/\/smania.store\/sk\/produkt\/chromova-farba-v-spreji-chromius\/","title":{"rendered":"Chr\u00f3mov\u00e1 farba v spreji CHROMIUS\u2122"},"content":{"rendered":"<div class=\"smania_landing_description_title\">NOVINKA: Metalick\u00fd lesk pre v\u0161etky povrchy<\/div>\n<div class=\"smania_landing_description_txt\">O\u017eivte ak\u00fdko\u013evek povrch jedin\u00fdm prechodom!<\/div>\n<div class=\"smania_landing_description_subtitle\">Objavte CHROMIUS\u2122, revolu\u010dn\u00fa farbu vytvoren\u00fa na premenu a ochranu ak\u00e9hoko\u013evek povrchu. T\u00e1to vysokokvalitn\u00e1 farba vyroben\u00e1 vo Ve\u013ekej Brit\u00e1nii s neodolate\u013en\u00fdm kovov\u00fdm efektom odol\u00e1va kor\u00f3zii a vysok\u00fdm teplot\u00e1m, \u010d\u00edm zaru\u010duje bezchybn\u00fd a dlhotrvaj\u00faci vzh\u013ead. Ide\u00e1lna pre t\u00fdch, ktor\u00ed chc\u00fa dosiahnu\u0165 profesion\u00e1lny v\u00fdsledok bez n\u00e1mahy. Nepreme\u0161kajte pr\u00edle\u017eitos\u0165 vnies\u0165 na svoje povrchy n\u00e1dych elegancie!<\/div>\n<div class=\"smania_landing_description_list\">\n<ul>\n<li>najvy\u0161\u0161ia odolnos\u0165 vo\u010di kor\u00f3zii<\/li>\n<li>Leskl\u00fd a sofistikovan\u00fd povrch<\/li>\n<li>R\u00fdchla a jednoduch\u00e1 aplik\u00e1cia<\/li>\n<li>Ide\u00e1lny na kov, drevo, sklo a \u010fal\u0161ie povrchy<\/li>\n<li>Odol\u00e1va a\u017e 90 \u00b0C bez vyblednutia<\/li>\n<li>V\u00fdnimo\u010dn\u00e1 v\u0161estrannos\u0165 na pou\u017eitie v interi\u00e9ri aj exteri\u00e9ri<\/li>\n<\/ul><\/div>\n","protected":false},"excerpt":{"rendered":"<p>Premena star\u00e9ho n\u00e1bytku|Dodajte svojmu domovu \u0161t\u00fdl|Zaru\u010den\u00e1 kvalita|Ide\u00e1lne pre kreat\u00edvnych dom\u00e1cich majstrov|Dlhotrvaj\u00faca ochrana|Zaru\u010den\u00fd kovov\u00fd efekt|Ide\u00e1lne na umeleck\u00e9 projekty|U\u017e nikdy viac nezmatn\u00edte povrchy|Objem: 450 ml<\/p>\n","protected":false},"featured_media":110815,"template":"","meta":[],"product_cat":[18,16,2791],"product_tag":[1504,2806],"acf":[],"_links":{"self":[{"href":"https:\/\/smania.store\/sk\/wp-json\/wp\/v2\/product\/60359"}],"collection":[{"href":"https:\/\/smania.store\/sk\/wp-json\/wp\/v2\/product"}],"about":[{"href":"https:\/\/smania.store\/sk\/wp-json\/wp\/v2\/types\/product"}],"wp:featuredmedia":[{"embeddable":true,"href":"https:\/\/smania.store\/sk\/wp-json\/wp\/v2\/media\/110815"}],"wp:attachment":[{"href":"https:\/\/smania.store\/sk\/wp-json\/wp\/v2\/media?parent=60359"}],"wp:term":[{"taxonomy":"product_cat","embeddable":true,"href":"https:\/\/smania.store\/sk\/wp-json\/wp\/v2\/product_cat?post=60359"},{"taxonomy":"product_tag","embeddable":true,"href":"https:\/\/smania.store\/sk\/wp-json\/wp\/v2\/product_tag?post=60359"}],"curies":[{"name":"wp","href":"https:\/\/api.w.org\/{rel}","templated":true}]}}