{"id":59460,"date":"2024-11-07T11:55:35","date_gmt":"2024-11-07T10:55:35","guid":{"rendered":"https:\/\/smania.store\/sk\/produkt\/cistic-akvaria-algacure\/"},"modified":"2026-04-15T09:05:25","modified_gmt":"2026-04-15T07:05:25","slug":"cistic-akvaria-algacure","status":"publish","type":"product","link":"https:\/\/smania.store\/sk\/produkt\/cistic-akvaria-algacure\/","title":{"rendered":"\u010cisti\u010d akv\u00e1ria AlgaCure (70 g)"},"content":{"rendered":"<div class=\"smania_landing_description_title\">Novinka! AlgaCure &#8211; \u00fa\u010dinn\u00e9 rie\u0161enie proti riasam a ne\u010distot\u00e1m<\/div>\n<div class=\"smania_landing_description_txt\">Udr\u017eujte svoje akv\u00e1rium leskl\u00e9, svie\u017ee a bez z\u00e1pachu!<\/div>\n<div class=\"smania_landing_description_subtitle\">M\u00e1te u\u017e dos\u0165 zakalenej vody, tvrdohlav\u00fdch rias a nepr\u00edjemn\u00fdch pachov vo va\u0161om akv\u00e1riu? S pr\u00edpravkom AlgaCure si m\u00f4\u017eete u\u017e\u00edva\u0165 \u017eiarivo \u010dist\u00e9, zdrav\u00e9 a vyv\u00e1\u017een\u00e9 vodn\u00e9 prostredie &#8211; bez nekone\u010dn\u00e9ho drhnutia alebo v\u00fdmeny vody.<\/div>\n<div class=\"smania_landing_description_list\">\n<ul>\n<li>Odstra\u0148uje riasy a organick\u00e9 usadeniny &#8211; prirodzene rozklad\u00e1 prebyto\u010dn\u00e9 riasy, odumret\u00e9 rastliny a ne\u010distoty<\/li>\n<li>Neutralizuje nepr\u00edjemn\u00fd z\u00e1pach &#8211; zanech\u00e1va n\u00e1dr\u017e svie\u017eu, \u010dist\u00fa a kri\u0161t\u00e1\u013eovo priezra\u010dn\u00fa<\/li>\n<li>Udr\u017euje zdrav\u00fa rovnov\u00e1hu &#8211; podporuje prirodzen\u00fa mikrobi\u00e1lnu harm\u00f3niu, aby va\u0161e akv\u00e1rium bolo stabiln\u00e9 a nen\u00e1ro\u010dn\u00e9 na \u00fadr\u017ebu<\/li>\n<li>U\u017e \u017eiadne ru\u010dn\u00e9 \u010distenie &#8211; sta\u010d\u00ed prida\u0165 do vody a necha\u0165 pr\u00edpravok pracova\u0165<\/li>\n<li>Zlep\u0161uje zdravie r\u00fdb &#8211; \u010distej\u0161ia voda znamen\u00e1 \u0161\u0165astnej\u0161ie a akt\u00edvnej\u0161ie ryby<\/li>\n<\/ul><\/div>\n","protected":false},"excerpt":{"rendered":"<p>Nie je potrebn\u00e9 ru\u010dn\u00e9 \u010distenie|Udr\u017euje stabiln\u00fa zdravotn\u00fa rovnov\u00e1hu v akv\u00e1riu|Pokro\u010dil\u00e9 biologick\u00e9 zlo\u017eenie|Vyroben\u00e9 z bezpe\u010dn\u00fdch a netoxick\u00fdch zl\u00fa\u010den\u00edn|Bezpe\u010dn\u00e9 pre vodn\u00e9 organizmy a rastliny|Obsah: 70 g<\/p>\n","protected":false},"featured_media":120170,"template":"","meta":[],"product_cat":[16,20],"product_tag":[2515],"acf":[],"_links":{"self":[{"href":"https:\/\/smania.store\/sk\/wp-json\/wp\/v2\/product\/59460"}],"collection":[{"href":"https:\/\/smania.store\/sk\/wp-json\/wp\/v2\/product"}],"about":[{"href":"https:\/\/smania.store\/sk\/wp-json\/wp\/v2\/types\/product"}],"wp:featuredmedia":[{"embeddable":true,"href":"https:\/\/smania.store\/sk\/wp-json\/wp\/v2\/media\/120170"}],"wp:attachment":[{"href":"https:\/\/smania.store\/sk\/wp-json\/wp\/v2\/media?parent=59460"}],"wp:term":[{"taxonomy":"product_cat","embeddable":true,"href":"https:\/\/smania.store\/sk\/wp-json\/wp\/v2\/product_cat?post=59460"},{"taxonomy":"product_tag","embeddable":true,"href":"https:\/\/smania.store\/sk\/wp-json\/wp\/v2\/product_tag?post=59460"}],"curies":[{"name":"wp","href":"https:\/\/api.w.org\/{rel}","templated":true}]}}