{"id":56656,"date":"2024-09-04T13:09:09","date_gmt":"2024-09-04T11:09:09","guid":{"rendered":"https:\/\/smania.store\/sk\/produkt\/odstranovac-hrdze-remove-rust\/"},"modified":"2026-03-05T06:32:21","modified_gmt":"2026-03-05T05:32:21","slug":"odstranovac-hrdze-remove-rust","status":"publish","type":"product","link":"https:\/\/smania.store\/sk\/produkt\/odstranovac-hrdze-remove-rust\/","title":{"rendered":"Odstra\u0148ova\u010d hrdze Remove Rust"},"content":{"rendered":"<div class=\"smania_landing_description_title\">NOVINKA! Remove Rust \u2013 Vr\u00e1\u0165te \u017eivot va\u0161im kovov\u00fdm predmetom<\/div>\n<div class=\"smania_landing_description_txt\">\u00da\u010dinn\u00e9 odstr\u00e1nenie hrdze bez n\u00e1mahy<\/div>\n<div class=\"smania_landing_description_subtitle\">M\u00e1te kovov\u00e9 predmety, ktor\u00e9 stratili svoju hodnotu a kr\u00e1su v d\u00f4sledku hrdze? Tento mimoriadne \u00fa\u010dinn\u00fd prostriedok na odstra\u0148ovanie hrdze obnov\u00ed va\u0161e kovov\u00e9 povrchy do ich p\u00f4vodn\u00e9ho stavu, bez potreby drah\u00e9ho a \u010dasovo n\u00e1ro\u010dn\u00e9ho br\u00fasenia alebo pieskovania.<\/div>\n<div class=\"smania_landing_description_list\">\n<ul>\n<li>Jednoduch\u00e9 odstr\u00e1nenie hrdze: S Remove Rust r\u00fdchlo a efekt\u00edvne odstr\u00e1nite hrdzu z kovov\u00fdch povrchov bez po\u0161kodenia materi\u00e1lu<\/li>\n<li>Obnova a ochrana: Obnovte kovov\u00e9 predmety a zabezpe\u010dte im dlhodob\u00fa ochranu pred bud\u00facou kor\u00f3ziou<\/li>\n<li>V\u0161estrann\u00e9 pou\u017eitie: Vynikaj\u00faci na pou\u017eitie na aut\u00e1, ploty, n\u00e1radie a \u010fal\u0161ie kovov\u00e9 predmety<\/li>\n<li>Bezpe\u010dn\u00e9 a jednoduch\u00e9 pou\u017eitie: Netoxick\u00e1 formula bez \u0161kodliv\u00fdch v\u00fdparov umo\u017e\u0148uje bezpe\u010dn\u00e9 pou\u017eitie v interi\u00e9ri aj exteri\u00e9ri<\/li>\n<\/ul><\/div>\n","protected":false},"excerpt":{"rendered":"<p>R\u00fdchle odstr\u00e1nenie: Efekt\u00edvne odstr\u00e1ni hrdzu a ne\u010distoty bez n\u00e1ro\u010dn\u00e9ho drhnutia|Dlhodob\u00e1 ochrana: Vytv\u00e1ra ochrann\u00fa bari\u00e9ru, ktor\u00e1 zabra\u0148uje \u010fal\u0161ej kor\u00f3zii|Jednoduch\u00e9 pou\u017eitie: Jednoducho naneste, nechajte p\u00f4sobi\u0165 a utrite|Ekologicky \u0161etrn\u00e9: Netoxick\u00e1 formula bez \u0161kodliv\u00fdch v\u00fdparov a nebezpe\u010dn\u00fdch chemik\u00e1li\u00ed|Objem: 200 ml, dostato\u010dn\u00fd na viacero pou\u017eit\u00ed|V\u0161estrann\u00e9 pou\u017eitie: Vhodn\u00e9 pre v\u0161etky kovov\u00e9 povrchy, od automobilov\u00fdch \u0161asi po n\u00e1radie|R\u00fdchle su\u0161enie: Povrch schne za 20 min\u00fat, pripraven\u00fd na nov\u00fd n\u00e1ter|Netoxick\u00e1 formula: Bezpe\u010dn\u00e9 na pou\u017eitie doma aj vonku, bez \u0161kodliv\u00fdch emisi\u00ed<\/p>\n","protected":false},"featured_media":64418,"template":"","meta":[],"product_cat":[18,16,2791],"product_tag":[2799,2515,1504],"acf":[],"_links":{"self":[{"href":"https:\/\/smania.store\/sk\/wp-json\/wp\/v2\/product\/56656"}],"collection":[{"href":"https:\/\/smania.store\/sk\/wp-json\/wp\/v2\/product"}],"about":[{"href":"https:\/\/smania.store\/sk\/wp-json\/wp\/v2\/types\/product"}],"wp:featuredmedia":[{"embeddable":true,"href":"https:\/\/smania.store\/sk\/wp-json\/wp\/v2\/media\/64418"}],"wp:attachment":[{"href":"https:\/\/smania.store\/sk\/wp-json\/wp\/v2\/media?parent=56656"}],"wp:term":[{"taxonomy":"product_cat","embeddable":true,"href":"https:\/\/smania.store\/sk\/wp-json\/wp\/v2\/product_cat?post=56656"},{"taxonomy":"product_tag","embeddable":true,"href":"https:\/\/smania.store\/sk\/wp-json\/wp\/v2\/product_tag?post=56656"}],"curies":[{"name":"wp","href":"https:\/\/api.w.org\/{rel}","templated":true}]}}