{"id":56611,"date":"2024-09-04T13:01:52","date_gmt":"2024-09-04T11:01:52","guid":{"rendered":"https:\/\/smania.store\/sk\/produkt\/cistic-na-skla-a-hydrofobna-ochrana-visiglass\/"},"modified":"2026-02-16T16:03:10","modified_gmt":"2026-02-16T15:03:10","slug":"cistic-na-skla-a-hydrofobna-ochrana-visiglass","status":"publish","type":"product","link":"https:\/\/smania.store\/sk\/produkt\/cistic-na-skla-a-hydrofobna-ochrana-visiglass\/","title":{"rendered":"\u010cisti\u010d na skl\u00e1 a hydrof\u00f3bna ochrana Visiglass"},"content":{"rendered":"<div class=\"smania_landing_description_title\">NOVINKA! Visiglass \u2013 Perfektn\u00e1 \u010distota a ochrana pre va\u0161e skl\u00e1<\/div>\n<div class=\"smania_landing_description_txt\">Zlep\u0161ite vidite\u013enos\u0165 a bezpe\u010dnos\u0165 na ceste<\/div>\n<div class=\"smania_landing_description_subtitle\">M\u00e1te probl\u00e9m s mastn\u00fdmi \u0161kvrnami a nepr\u00edjemn\u00fdmi zvukmi stiera\u010dov na va\u0161ich skl\u00e1ch? Visiglass je inovat\u00edvny \u010disti\u010d navrhnut\u00fd na zlep\u0161enie \u010distoty skla, ktor\u00fd nielen \u00fa\u010dinne odstra\u0148uje mastn\u00e9 \u0161kvrny a stopy po stiera\u010doch, ale tie\u017e vytv\u00e1ra ochrann\u00fa vrstvu, ktor\u00e1 odpudzuje vodu, d\u00e1\u017e\u010f a vlhkos\u0165. S Visiglass budete vidie\u0165 lep\u0161ie, jazdi\u0165 bezpe\u010dnej\u0161ie a udr\u017e\u00edte skl\u00e1 v\u00e1\u0161ho auta v bezchybnom stave.<\/div>\n<div class=\"smania_landing_description_list\">\n<ul>\n<li>V\u00fdnimo\u010dn\u00e1 \u010distiaca sila: \u00da\u010dinne odstra\u0148uje mastn\u00e9 \u0161kvrny, n\u00e1lepky a in\u00e9 ne\u010distoty zo skla<\/li>\n<li>Ochrann\u00e1 vrstva: Vytv\u00e1ra hydrof\u00f3bny povrch, ktor\u00fd odpudzuje kvapky vody a zabra\u0148uje hromadeniu vlhkosti<\/li>\n<li>Jednoduch\u00e9 pou\u017eitie: Sta\u010d\u00ed aplikova\u0165 priamo na sklo alebo prida\u0165 do kvapaliny do stiera\u010dov<\/li>\n<li>Dlhodob\u00e1 ochrana: Zabra\u0148uje op\u00e4tovn\u00e9mu v\u00fdskytu \u0161kv\u0155n a udr\u017eiava skl\u00e1 \u010dist\u00e9 na dlh\u0161iu dobu<\/li>\n<li>Bezpe\u010dn\u00e9 pre sklo: Nesp\u00f4sobuje po\u0161kodenie skla, zaru\u010duje bezchybn\u00fa \u010distotu bez \u0161krabancov<\/li>\n<\/ul><\/div>\n","protected":false},"excerpt":{"rendered":"<p>Zlep\u0161en\u00e1 vidite\u013enos\u0165: Poskytuje jasn\u00fd v\u00fdh\u013ead cez sklo, aj v da\u017edi|Dlhodob\u00e1 ochrana: Hydrofiln\u00e1 vrstva odpudzuje vodu, \u010d\u00edm zni\u017euje potrebu \u010dast\u00e9ho stierania|V\u0161estrann\u00e9 pou\u017eitie: Vhodn\u00e9 na v\u0161etky sklenen\u00e9 povrchy, vr\u00e1tane autoskliel|R\u00fdchly \u00fa\u010dinok: Ihne\u010f odstra\u0148uje odoln\u00e9 \u0161kvrny a obnovuje lesk skla|Objem: 300 ml, dostato\u010dn\u00e9 na viac aplik\u00e1ci\u00ed|Jednoduch\u00e9 pou\u017eitie: Aplikujte priamo alebo zrie\u010fte v kvapaline do stiera\u010dov|Hydrof\u00f3bna ochrana: Odpudzuje vodu a vlhkos\u0165, udr\u017euje skl\u00e1 such\u00e9 a \u010dist\u00e9|Bezpe\u010dn\u00e9 pre sklo: Neobsahuje \u0161kodliv\u00e9 chemik\u00e1lie, ktor\u00e9 by mohli po\u0161kodi\u0165 povrch skla<\/p>\n","protected":false},"featured_media":117280,"template":"","meta":[],"product_cat":[18,2791],"product_tag":[2792,2799,1504],"acf":[],"_links":{"self":[{"href":"https:\/\/smania.store\/sk\/wp-json\/wp\/v2\/product\/56611"}],"collection":[{"href":"https:\/\/smania.store\/sk\/wp-json\/wp\/v2\/product"}],"about":[{"href":"https:\/\/smania.store\/sk\/wp-json\/wp\/v2\/types\/product"}],"wp:featuredmedia":[{"embeddable":true,"href":"https:\/\/smania.store\/sk\/wp-json\/wp\/v2\/media\/117280"}],"wp:attachment":[{"href":"https:\/\/smania.store\/sk\/wp-json\/wp\/v2\/media?parent=56611"}],"wp:term":[{"taxonomy":"product_cat","embeddable":true,"href":"https:\/\/smania.store\/sk\/wp-json\/wp\/v2\/product_cat?post=56611"},{"taxonomy":"product_tag","embeddable":true,"href":"https:\/\/smania.store\/sk\/wp-json\/wp\/v2\/product_tag?post=56611"}],"curies":[{"name":"wp","href":"https:\/\/api.w.org\/{rel}","templated":true}]}}