{"id":56583,"date":"2024-09-04T12:47:44","date_gmt":"2024-09-04T10:47:44","guid":{"rendered":"https:\/\/smania.store\/sk\/produkt\/vceli-vosk-na-drevo-bee-wax\/"},"modified":"2026-04-02T12:04:11","modified_gmt":"2026-04-02T10:04:11","slug":"vceli-vosk-na-drevo-bee-wax","status":"publish","type":"product","link":"https:\/\/smania.store\/sk\/produkt\/vceli-vosk-na-drevo-bee-wax\/","title":{"rendered":"V\u010del\u00ed vosk na drevo Bee Wax"},"content":{"rendered":"<div class=\"smania_landing_description_title\">NOV\u00c9! Bee Wax \u2013 Obnovte lesk svojho dreven\u00e9ho n\u00e1bytku<\/div>\n<div class=\"smania_landing_description_txt\">Vr\u00e1\u0165te \u017eivot svojmu dreven\u00e9mu n\u00e1bytku!<\/div>\n<div class=\"smania_landing_description_subtitle\">Ste unaven\u00ed z nudn\u00e9ho a opotrebovan\u00e9ho vzh\u013eadu svojho star\u00e9ho dreven\u00e9ho n\u00e1bytku? Bee Wax je \u00fa\u017easn\u00fd le\u0161tiaci prostriedok, ktor\u00fd obnov\u00ed lesk a prirodzen\u00fa kr\u00e1su v\u00e1\u0161ho n\u00e1bytku. Nemus\u00edte sa zbavi\u0165 star\u00e9ho n\u00e1bytku \u2013 s t\u00fdmto voskom bude vyzera\u0165 ako nov\u00fd. Objem 150 ml je dostato\u010dn\u00fd na a\u017e 8 m\u00b2 dreven\u00fdch povrchov, \u010do ho rob\u00ed ide\u00e1lnym na revitaliz\u00e1ciu va\u0161ich ob\u013e\u00faben\u00fdch k\u00faskov.<\/div>\n<div class=\"smania_landing_description_list\">\n<ul>\n<li>Obnovuje lesk: O\u017eivuje dreven\u00e9 povrchy a obnovuje ich prirodzen\u00fd lesk, v\u010faka \u010domu n\u00e1bytok vyzer\u00e1 ako nov\u00fd<\/li>\n<li>Jednoduch\u00e9 pou\u017eitie: R\u00fdchla a jednoduch\u00e1 aplik\u00e1cia, ktor\u00e1 v\u00e1\u0161mu n\u00e1bytku poskytne dlhotrvaj\u00faci lesk a ochranu<\/li>\n<li>Ochrana proti po\u0161kriabaniu: Chr\u00e1ni drevo pred po\u0161koden\u00edm a zabra\u0148uje vzniku \u0161krabancov<\/li>\n<li>Vodeodoln\u00e1 ochrana: Vytv\u00e1ra vodeodoln\u00fa bari\u00e9ru, ktor\u00e1 chr\u00e1ni v\u00e1\u0161 n\u00e1bytok pred vlhkos\u0165ou<\/li>\n<li>Netoxick\u00fd a bezpe\u010dn\u00fd: Obsahuje v\u010del\u00ed vosk, ktor\u00fd je bezpe\u010dn\u00fd na pou\u017e\u00edvanie, netoxick\u00fd a \u0161etrn\u00fd k poko\u017eke<\/li>\n<\/ul><\/div>\n","protected":false},"excerpt":{"rendered":"<p>Obnova dreva: Obnovuje dreven\u00fd n\u00e1bytok do jeho prirodzen\u00e9ho stavu so zrkadlov\u00fdm leskom a ochranou|Dlhotrvaj\u00faca ochrana: Zabra\u0148uje po\u0161kodeniu a chr\u00e1ni dreven\u00e9 povrchy pred vlhkos\u0165ou a po\u0161kriaban\u00edm|Univerz\u00e1lne pou\u017eitie: Ide\u00e1lne na dreven\u00e9 podlahy, stoly, stoli\u010dky, dvere a \u010fal\u0161\u00ed dreven\u00fd n\u00e1bytok|Bezpe\u010dn\u00fd na pou\u017eitie: Netoxick\u00e1 formula s v\u010del\u00edm voskom, vhodn\u00e1 pre dom\u00e1cnosti s de\u0165mi a dom\u00e1cimi mil\u00e1\u010dikmi|Objem: 150 ml, dostato\u010dn\u00fd na a\u017e 8 m\u00b2 dreven\u00fdch povrchov|Formula s v\u010del\u00edm voskom: Pr\u00edrodn\u00e9 zlo\u017eenie, ktor\u00e9 vy\u017eivuje a chr\u00e1ni drevo|Jednoduch\u00e9 pou\u017eitie: Jednoducho naneste m\u00e4kkou handri\u010dkou a u\u017e\u00edvajte si obnoven\u00fd lesk|Netoxick\u00fd: Vosk je bezpe\u010dn\u00fd na vn\u00fatorn\u00e9 pou\u017eitie, bez \u0161kodliv\u00fdch chemik\u00e1li\u00ed<\/p>\n","protected":false},"featured_media":64619,"template":"","meta":[],"product_cat":[16,2791],"product_tag":[2515],"acf":[],"_links":{"self":[{"href":"https:\/\/smania.store\/sk\/wp-json\/wp\/v2\/product\/56583"}],"collection":[{"href":"https:\/\/smania.store\/sk\/wp-json\/wp\/v2\/product"}],"about":[{"href":"https:\/\/smania.store\/sk\/wp-json\/wp\/v2\/types\/product"}],"wp:featuredmedia":[{"embeddable":true,"href":"https:\/\/smania.store\/sk\/wp-json\/wp\/v2\/media\/64619"}],"wp:attachment":[{"href":"https:\/\/smania.store\/sk\/wp-json\/wp\/v2\/media?parent=56583"}],"wp:term":[{"taxonomy":"product_cat","embeddable":true,"href":"https:\/\/smania.store\/sk\/wp-json\/wp\/v2\/product_cat?post=56583"},{"taxonomy":"product_tag","embeddable":true,"href":"https:\/\/smania.store\/sk\/wp-json\/wp\/v2\/product_tag?post=56583"}],"curies":[{"name":"wp","href":"https:\/\/api.w.org\/{rel}","templated":true}]}}