{"id":56572,"date":"2024-09-04T12:47:01","date_gmt":"2024-09-04T10:47:01","guid":{"rendered":"https:\/\/smania.store\/sk\/produkt\/pasta-na-opravu-keramiky-ultra-paste\/"},"modified":"2026-05-13T23:21:37","modified_gmt":"2026-05-13T21:21:37","slug":"pasta-na-opravu-keramiky-ultra-paste","status":"publish","type":"product","link":"https:\/\/smania.store\/sk\/produkt\/pasta-na-opravu-keramiky-ultra-paste\/","title":{"rendered":"Pasta na opravu keramiky Ultra Paste"},"content":{"rendered":"<div class=\"smania_landing_description_title\">NOVINKA! Ultra Paste \u2013 Jednoduch\u00e9 rie\u0161enie na opravu keramiky<\/div>\n<div class=\"smania_landing_description_txt\">Opravte po\u0161koden\u00fa keramiku za okamih!<\/div>\n<div class=\"smania_landing_description_subtitle\">Ste unaven\u00ed z praskl\u00edn a po\u0161koden\u00ed na va\u0161ich ob\u013e\u00faben\u00fdch keramick\u00fdch predmetoch? S Ultra Paste bude v\u00e1\u0161 probl\u00e9m vyrie\u0161en\u00fd r\u00fdchlej\u0161ie, ne\u017e si mysl\u00edte. T\u00e1to mimoriadne \u00fa\u010dinn\u00e1 pasta je navrhnut\u00e1 na opravu od\u0161tiepen\u00fdch dla\u017ed\u00edc, zlomen\u00fdch okrajov a prasknutej keramiky, pri\u010dom poskytuje dokonal\u00fd v\u00fdsledok u\u017e po jednej aplik\u00e1cii.<\/div>\n<div class=\"smania_landing_description_list\">\n<ul>\n<li>R\u00fdchla a jednoduch\u00e1 oprava: Obnovte po\u0161koden\u00fa keramiku u\u017e za p\u00e1r min\u00fat jednou jednoduchou aplik\u00e1ciou<\/li>\n<li>Dokonal\u00e9 zl\u00fa\u010denie: Pasta sa bezchybne sp\u00e1ja s farbou a text\u00farou va\u0161ej keramiky, tak\u017ee opravy bud\u00fa nevidite\u013en\u00e9<\/li>\n<li>Univerz\u00e1lne pou\u017eitie: Ide\u00e1lna pre v\u0161etky typy keramick\u00fdch povrchov \u2013 od dla\u017ed\u00edc po \u0161\u00e1lky a v\u00e1zy<\/li>\n<li>\u0160etr\u00ed \u010das a peniaze: Vyhnite sa drah\u00fdm v\u00fdmen\u00e1m a zd\u013ahav\u00fdm oprav\u00e1m s jednoduchou a \u00fa\u010dinnou Ultra Paste<\/li>\n<li>Trval\u00e9 rie\u0161enie: Po vyschnut\u00ed je oprava pevn\u00e1 a odoln\u00e1 vo\u010di ka\u017edodenn\u00e9mu pou\u017e\u00edvaniu<\/li>\n<\/ul><\/div>\n","protected":false},"excerpt":{"rendered":"<p>Dokonal\u00e9 vyplnenie: Pasta \u00fa\u010dinne vypln\u00ed v\u0161etky praskliny, od\u0161tiepen\u00e9 okraje a dierky|R\u00fdchle schnutie: Opravy s\u00fa pevn\u00e9 u\u017e za 10 min\u00fat|Vodotesn\u00e1: Po oprave bude povrch odoln\u00fd vo\u010di vode a in\u00fdm tekutin\u00e1m|Nevidite\u013en\u00e9 opravy: Pasta sa dokonale spoj\u00ed s va\u0161ou keramikou, bez vidite\u013en\u00fdch st\u00f4p|Objem: 100 g, posta\u010duj\u00faci na viacero opr\u00e1v|Vysoko kvalitn\u00e1 formula: Navrhnut\u00e1 pre trvanlivos\u0165 a pevnos\u0165|Jednoduch\u00e9 pou\u017eitie: Sta\u010d\u00ed zmie\u0161a\u0165, nanies\u0165 a vyhladi\u0165|Univerz\u00e1lna: Vhodn\u00e1 pre dla\u017edice, porcel\u00e1n, sklenen\u00e9 predmety a mnoho \u010fal\u0161ieho|POZN\u00c1MKA: v\u00fdrobok je vhodn\u00fd len na bielu keramiku<\/p>\n","protected":false},"featured_media":110938,"template":"","meta":[],"product_cat":[16,2791],"product_tag":[2515,1484,2805],"acf":[],"_links":{"self":[{"href":"https:\/\/smania.store\/sk\/wp-json\/wp\/v2\/product\/56572"}],"collection":[{"href":"https:\/\/smania.store\/sk\/wp-json\/wp\/v2\/product"}],"about":[{"href":"https:\/\/smania.store\/sk\/wp-json\/wp\/v2\/types\/product"}],"wp:featuredmedia":[{"embeddable":true,"href":"https:\/\/smania.store\/sk\/wp-json\/wp\/v2\/media\/110938"}],"wp:attachment":[{"href":"https:\/\/smania.store\/sk\/wp-json\/wp\/v2\/media?parent=56572"}],"wp:term":[{"taxonomy":"product_cat","embeddable":true,"href":"https:\/\/smania.store\/sk\/wp-json\/wp\/v2\/product_cat?post=56572"},{"taxonomy":"product_tag","embeddable":true,"href":"https:\/\/smania.store\/sk\/wp-json\/wp\/v2\/product_tag?post=56572"}],"curies":[{"name":"wp","href":"https:\/\/api.w.org\/{rel}","templated":true}]}}