{"id":56529,"date":"2024-09-04T12:41:16","date_gmt":"2024-09-04T10:41:16","guid":{"rendered":"https:\/\/smania.store\/sk\/produkt\/tesniaci-sprej-leak-proof\/"},"modified":"2026-03-22T13:25:09","modified_gmt":"2026-03-22T12:25:09","slug":"tesniaci-sprej-leak-proof","status":"publish","type":"product","link":"https:\/\/smania.store\/sk\/produkt\/tesniaci-sprej-leak-proof\/","title":{"rendered":"Tesniaci sprej Leak Proof"},"content":{"rendered":"<div class=\"smania_landing_description_title\">NOVINKA! Leak Proof \u2013 Perfektn\u00e9 rie\u0161enie pre v\u0161etky va\u0161e \u00faniky<\/div>\n<div class=\"smania_landing_description_txt\">\u00da\u010dinne utesnite \u00faniky a praskliny okam\u017eite<\/div>\n<div class=\"smania_landing_description_subtitle\">Ste unaven\u00ed z neust\u00e1leho rie\u0161enia \u00fanikov, praskl\u00edn a medzier vo va\u0161om dome alebo vozidle? Tento v\u00fdnimo\u010dn\u00fd tesniaci sprej pon\u00faka \u0161pi\u010dkov\u00fa ochranu a v\u0161estrann\u00e9 pou\u017eitie. Jednoduch\u00e9, r\u00fdchle a \u00fa\u010dinn\u00e9 \u2013 opravte \u00faniky za p\u00e1r sek\u00fand bez potreby drah\u00fdch profesion\u00e1lnych slu\u017eieb.<\/div>\n<div class=\"smania_landing_description_list\">\n<ul>\n<li>V\u00fdnimo\u010dn\u00e1 odolnos\u0165 vo\u010di poveternostn\u00fdm vplyvom: Tesniaci sprej Leak Proof je navrhnut\u00fd tak, aby odolal v\u0161etk\u00fdm poveternostn\u00fdm podmienkam, od hor\u00facich let a\u017e po mraziv\u00e9 zimy, bez praskania alebo l\u00fapanie<\/li>\n<li>\u00daplne vodotesn\u00fd: Vytv\u00e1ra nepriepustn\u00fa bari\u00e9ru, ktor\u00e1 \u00faplne odpudzuje vodu a zabra\u0148uje prieniku vlhkosti<\/li>\n<li>Nezrovnate\u013en\u00e1 v\u0161estrannos\u0165: Pou\u017eite ho na vyplnenie medzier v okn\u00e1ch, praskl\u00edn v k\u00fape\u013e\u0148ov\u00fdch dla\u017ediciach alebo \u00fanikov vo va\u0161om vozidle<\/li>\n<li>Jednoduch\u00e9 pou\u017eitie: Jednoducho naneste sprej, vytvorte tesnenie a nechajte zaschn\u00fa\u0165 \u2013 bez komplik\u00e1ci\u00ed, bez neporiadku<\/li>\n<li>Dlhodob\u00e1 ochrana: Vytv\u00e1ra trvanliv\u00e9, pru\u017en\u00e9 tesnenie, ktor\u00e9 vydr\u017e\u00ed aj v naj\u0165a\u017e\u0161\u00edch podmienkach<\/li>\n<\/ul><\/div>\n","protected":false},"excerpt":{"rendered":"<p>Trval\u00e1 ochrana: Tesniaci sprej poskytuje dlhodob\u00fa ochranu, odol\u00e1va zm\u00e4knutiu v letnom teple a praskaniu alebo l\u00fapanie v zimnej zime|V\u0161estrann\u00e9 pou\u017eitie: Vhodn\u00e9 na drevo, kov, dla\u017edice, tkaniny, sklo, plast, hlin\u00edk, porcel\u00e1n, sadrokart\u00f3n, cement a mnoho \u010fal\u0161\u00edch|Presn\u00e1 aplik\u00e1cia: Presn\u00e1 tryska umo\u017e\u0148uje kontrolovan\u00fa aplik\u00e1ciu bez nadbyto\u010dn\u00e9ho materi\u00e1lu|Priemyseln\u00e1 kvalita: D\u00f4veruj\u00fa mu tak dom\u00e1ci majstri, ako aj profesion\u00e1li, \u010do mu prin\u00e1\u0161a ved\u00face miesto v priemysle|Objem: 375 ml, dostato\u010dn\u00e9 mno\u017estvo pre viacero projektov|R\u00fdchle schnutie: \u00da\u010dinn\u00e9 utesnenie v priebehu nieko\u013ek\u00fdch min\u00fat, bez potreby \u010fal\u0161\u00edch n\u00e1strojov|Nepremokav\u00e1 ochrana: Odolnos\u0165 vo\u010di poveternostn\u00fdm vplyvom a \u00fapln\u00e1 vodotesnos\u0165 pre dlhodob\u00fa ochranu|Pou\u017eitie: Ide\u00e1lne pre dom\u00e1cnosti, vozidl\u00e1, lode a \u010fal\u0161ie aplik\u00e1cie, kde je potrebn\u00e9 spo\u013eahliv\u00e9 tesnenie<\/p>\n","protected":false},"featured_media":117319,"template":"","meta":[],"product_cat":[16,2791],"product_tag":[2515,2805],"acf":[],"_links":{"self":[{"href":"https:\/\/smania.store\/sk\/wp-json\/wp\/v2\/product\/56529"}],"collection":[{"href":"https:\/\/smania.store\/sk\/wp-json\/wp\/v2\/product"}],"about":[{"href":"https:\/\/smania.store\/sk\/wp-json\/wp\/v2\/types\/product"}],"wp:featuredmedia":[{"embeddable":true,"href":"https:\/\/smania.store\/sk\/wp-json\/wp\/v2\/media\/117319"}],"wp:attachment":[{"href":"https:\/\/smania.store\/sk\/wp-json\/wp\/v2\/media?parent=56529"}],"wp:term":[{"taxonomy":"product_cat","embeddable":true,"href":"https:\/\/smania.store\/sk\/wp-json\/wp\/v2\/product_cat?post=56529"},{"taxonomy":"product_tag","embeddable":true,"href":"https:\/\/smania.store\/sk\/wp-json\/wp\/v2\/product_tag?post=56529"}],"curies":[{"name":"wp","href":"https:\/\/api.w.org\/{rel}","templated":true}]}}