{"id":56498,"date":"2024-09-04T12:39:21","date_gmt":"2024-09-04T10:39:21","guid":{"rendered":"https:\/\/smania.store\/sk\/produkt\/hnojivo-pre-rastliny-floravita\/"},"modified":"2026-04-17T07:39:36","modified_gmt":"2026-04-17T05:39:36","slug":"hnojivo-pre-rastliny-floravita","status":"publish","type":"product","link":"https:\/\/smania.store\/sk\/produkt\/hnojivo-pre-rastliny-floravita\/","title":{"rendered":"Hnojivo pre rastliny Floravita"},"content":{"rendered":"<div class=\"smania_landing_description_title\">NOVINKA! Floravita \u2013 Prineste \u017eivot va\u0161im rastlin\u00e1m<\/div>\n<div class=\"smania_landing_description_txt\">Revolu\u010dn\u00e9 hnojivo pre silnej\u0161ie a zdrav\u0161ie rastliny<\/div>\n<div class=\"smania_landing_description_subtitle\">Chcete, aby va\u0161e rastliny r\u00e1stli r\u00fdchlej\u0161ie, boli zdrav\u0161ie a kvitli ako nikdy predt\u00fdm? Floravita je inovat\u00edvne hnojivo navrhnut\u00e9 \u0161pi\u010dkov\u00fdmi odborn\u00edkmi, aby va\u0161im rastlin\u00e1m poskytlo prvotriednu starostlivos\u0165 a podporilo r\u00fdchlej\u0161\u00ed rast.<\/div>\n<div class=\"smania_landing_description_list\">\n<ul>\n<li>Zr\u00fdchlen\u00fd rast: Floravita umo\u017e\u0148uje rastlin\u00e1m r\u00e1s\u0165 a\u017e 2-kr\u00e1t r\u00fdchlej\u0161ie ako s in\u00fdmi hnojivami na trhu<\/li>\n<li>Zlep\u0161en\u00e1 absorpcia: Podporuje korene, aby lep\u0161ie absorbovali vodu a \u017eiviny, \u010d\u00edm zvy\u0161uje efektivitu rastu<\/li>\n<li>Ochrana pred \u0161kodcami: Vytv\u00e1ra prirodzen\u00fa bari\u00e9ru, ktor\u00e1 odpudzuje \u0161kodcov a umo\u017e\u0148uje rastlin\u00e1m r\u00e1s\u0165 bez naru\u0161enia<\/li>\n<li>Jednoduch\u00e9 pou\u017eitie: Sta\u010d\u00ed zmie\u0161a\u0165 odpor\u00fa\u010dan\u00fa d\u00e1vku s vodou a aplikova\u0165 okolo rastl\u00edn \u2013 bez starost\u00ed<\/li>\n<li>Bezpe\u010dn\u00e9 pre \u017eivotn\u00e9 prostredie: Neobsahuje \u0161kodliv\u00e9 chemik\u00e1lie ani syntetick\u00e9 pr\u00edsady, ktor\u00e9 by mohli po\u0161kodi\u0165 \u017eivotn\u00e9 prostredie<\/li>\n<\/ul>\n<\/div>\n","protected":false},"excerpt":{"rendered":"<p>R\u00fdchly a zdrav\u00fd rast: Va\u0161e rastliny bud\u00fa r\u00e1s\u0165 r\u00fdchlej\u0161ie, silnej\u0161ie a odolnej\u0161ie|Dlhodob\u00e1 ochrana: \u00da\u010dinne odpudzuje \u0161kodcov a udr\u017euje va\u0161e rastliny v bezpe\u010d\u00ed|Vhodn\u00e9 pre v\u0161etky rastliny: U\u017eito\u010dn\u00e9 pre vn\u00fatorn\u00e9 aj vonkaj\u0161ie rastliny a kvety|Ekologick\u00e9: Formula bez \u0161kodliv\u00fdch chemik\u00e1li\u00ed, bezpe\u010dn\u00e1 pre \u017eivotn\u00e9 prostredie a v\u00e1\u0161 domov|Objem: 200 ml koncentr\u00e1tu na viacer\u00e9 pou\u017eitia|Jednoduch\u00e1 aplik\u00e1cia: Zmie\u0161ajte s vodou a aplikujte na p\u00f4du okolo rastl\u00edn|Vhodn\u00e9 pre vn\u00fatorn\u00e9 aj vonkaj\u0161ie rastliny: Ide\u00e1lne pre ka\u017ed\u00fd z\u00e1hradk\u00e1rsky projekt|Prvotriedna starostlivos\u0165: Formula, ktor\u00e1 zabezpe\u010d\u00ed, \u017ee va\u0161e rastliny bud\u00fa \u017eiari\u0165 v plnej kr\u00e1se<\/p>\n","protected":false},"featured_media":56488,"template":"","meta":[],"product_cat":[16],"product_tag":[1482],"acf":[],"_links":{"self":[{"href":"https:\/\/smania.store\/sk\/wp-json\/wp\/v2\/product\/56498"}],"collection":[{"href":"https:\/\/smania.store\/sk\/wp-json\/wp\/v2\/product"}],"about":[{"href":"https:\/\/smania.store\/sk\/wp-json\/wp\/v2\/types\/product"}],"wp:featuredmedia":[{"embeddable":true,"href":"https:\/\/smania.store\/sk\/wp-json\/wp\/v2\/media\/56488"}],"wp:attachment":[{"href":"https:\/\/smania.store\/sk\/wp-json\/wp\/v2\/media?parent=56498"}],"wp:term":[{"taxonomy":"product_cat","embeddable":true,"href":"https:\/\/smania.store\/sk\/wp-json\/wp\/v2\/product_cat?post=56498"},{"taxonomy":"product_tag","embeddable":true,"href":"https:\/\/smania.store\/sk\/wp-json\/wp\/v2\/product_tag?post=56498"}],"curies":[{"name":"wp","href":"https:\/\/api.w.org\/{rel}","templated":true}]}}