{"id":56475,"date":"2024-09-04T12:31:21","date_gmt":"2024-09-04T10:31:21","guid":{"rendered":"https:\/\/smania.store\/sk\/produkt\/cistic-odtokov-a-umyvadiel-easyclean\/"},"modified":"2026-05-14T12:13:51","modified_gmt":"2026-05-14T10:13:51","slug":"cistic-odtokov-a-umyvadiel-easyclean","status":"publish","type":"product","link":"https:\/\/smania.store\/sk\/produkt\/cistic-odtokov-a-umyvadiel-easyclean\/","title":{"rendered":"\u010cisti\u010d odtokov a um\u00fdvadiel EasyClean"},"content":{"rendered":"<div class=\"smania_landing_description_title\">NOV\u00c9! EasyClean \u2013 Perfektn\u00e9 rie\u0161enie na odblokovanie odtokov<\/div>\n<div class=\"smania_landing_description_txt\">R\u00fdchlo a efekt\u00edvne odblokujte svoj vodovodn\u00fd syst\u00e9m.<\/div>\n<div class=\"smania_landing_description_subtitle\">M\u00e1te probl\u00e9my so zanesen\u00fdmi odtokmi, ktor\u00e9 v\u00e1m sp\u00f4sobuj\u00fa probl\u00e9my? EasyClean je siln\u00fd \u010distiaci prostriedok, ktor\u00fd r\u00fdchlo a jednoducho vyrie\u0161i va\u0161e probl\u00e9my s odtokmi. \u0160peci\u00e1lna formula tohto \u010distiaceho prostriedku \u00fa\u010dinne rozp\u00fa\u0161\u0165a organick\u00e9 l\u00e1tky, ako s\u00fa tuky, vlasy, papier, zvy\u0161ky mydla a oleje, ktor\u00e9 \u010dasto sp\u00f4sobuj\u00fa upchatie. \u010ci u\u017e ide o kuchynsk\u00fd odtok, toaletu alebo um\u00fdvadlo, EasyClean zabezpe\u010d\u00ed bezchybn\u00e9 fungovanie v\u00e1\u0161ho vodovodn\u00e9ho syst\u00e9mu.<\/div>\n<div class=\"smania_landing_description_list\">\n<ul>\n<li>\u00da\u010dinne odstra\u0148uje upch\u00e1vky: Rozp\u00fa\u0161\u0165a odoln\u00e9 organick\u00e9 l\u00e1tky a r\u00fdchlo obnovuje prietok va\u0161ich odtokov<\/li>\n<li>Bezpe\u010dn\u00fd pre va\u0161e potrubie: NEpo\u0161kodzuje potrubia ani septiky<\/li>\n<li>Jednoduch\u00e9 pou\u017eitie: Sta\u010d\u00ed nalia\u0165, po\u010dka\u0165 p\u00e1r min\u00fat a opl\u00e1chnu\u0165 vodou \u2013 r\u00fdchlo a bez n\u00e1mahy<\/li>\n<li>Ekologicky \u0161etrn\u00e9: Formula, ktor\u00e1 ne\u0161kod\u00ed \u017eivotn\u00e9mu prostrediu a nekontaminuje podzemn\u00e9 vody<\/li>\n<li>\u0160etr\u00ed \u010das a peniaze: Vyhnete sa drah\u00fdm a \u010dasovo n\u00e1ro\u010dn\u00fdm slu\u017eb\u00e1m in\u0161talat\u00e9rov<\/li>\n<\/ul><\/div>\n","protected":false},"excerpt":{"rendered":"<p>R\u00fdchly a efekt\u00edvny: Rozp\u00fa\u0161\u0165a tuky, vlasy, papier a in\u00e9 upch\u00e1vky za p\u00e1r min\u00fat|Bezpe\u010dn\u00fd na pou\u017eitie: Nepo\u0161kodzuje potrubie, odtoky ani septiky|Praktick\u00e9 balenie: Kompaktn\u00e9 balenie 100 g, ktor\u00e9 je mo\u017en\u00e9 \u013eahko skladova\u0165|Dlhodob\u00e1 \u00fa\u010dinnos\u0165: Udr\u017euje v\u00e1\u0161 vodovodn\u00fd syst\u00e9m v vynikaj\u00facom stave pri pravidelnom pou\u017e\u00edvan\u00ed|Zlo\u017eenie: Nekoroz\u00edvne materi\u00e1ly, ktor\u00e9 s\u00fa bezpe\u010dn\u00e9 pre v\u0161etky typy potrub\u00ed|Pou\u017eitie: Vhodn\u00fd pre kuchynsk\u00e9 odtoky, um\u00fdvadl\u00e1, vane, toalety a in\u00e9 hlavn\u00e9 odtoky|R\u00fdchla akcia: \u00da\u010dinne rozp\u00fa\u0161\u0165a upch\u00e1vky za p\u00e1r min\u00fat|Ekologicky \u0161etrn\u00e9: Formula, ktor\u00e1 ne\u0161kod\u00ed \u017eivotn\u00e9mu prostrediu a udr\u017euje pr\u00edrodn\u00e9 zdroje \u010dist\u00e9<\/p>\n","protected":false},"featured_media":117352,"template":"","meta":[],"product_cat":[16,2791,223],"product_tag":[2799,2515,1484],"acf":[],"_links":{"self":[{"href":"https:\/\/smania.store\/sk\/wp-json\/wp\/v2\/product\/56475"}],"collection":[{"href":"https:\/\/smania.store\/sk\/wp-json\/wp\/v2\/product"}],"about":[{"href":"https:\/\/smania.store\/sk\/wp-json\/wp\/v2\/types\/product"}],"wp:featuredmedia":[{"embeddable":true,"href":"https:\/\/smania.store\/sk\/wp-json\/wp\/v2\/media\/117352"}],"wp:attachment":[{"href":"https:\/\/smania.store\/sk\/wp-json\/wp\/v2\/media?parent=56475"}],"wp:term":[{"taxonomy":"product_cat","embeddable":true,"href":"https:\/\/smania.store\/sk\/wp-json\/wp\/v2\/product_cat?post=56475"},{"taxonomy":"product_tag","embeddable":true,"href":"https:\/\/smania.store\/sk\/wp-json\/wp\/v2\/product_tag?post=56475"}],"curies":[{"name":"wp","href":"https:\/\/api.w.org\/{rel}","templated":true}]}}