{"id":56434,"date":"2024-09-04T12:18:12","date_gmt":"2024-09-04T10:18:12","guid":{"rendered":"https:\/\/smania.store\/sk\/produkt\/cistic-chodnikov-viva-vex\/"},"modified":"2026-05-16T21:12:12","modified_gmt":"2026-05-16T19:12:12","slug":"cistic-chodnikov-viva-vex","status":"publish","type":"product","link":"https:\/\/smania.store\/sk\/produkt\/cistic-chodnikov-viva-vex\/","title":{"rendered":"\u010cisti\u010d chodn\u00edkov Viva Vex"},"content":{"rendered":"<div class=\"smania_landing_description_title\">NOVINKA! Viva Vex &#8211; jednoduch\u00e9 \u010distenie, vynikaj\u00face v\u00fdsledky<\/div>\n<div class=\"smania_landing_description_txt\">Dokonal\u00fd n\u00e1stroj pre dokonale \u010dist\u00fd dvor<\/div>\n<div class=\"smania_landing_description_subtitle\">Chcete, aby va\u0161a terasa, z\u00e1hradn\u00e9 chodn\u00edky alebo pr\u00edjazdov\u00e1 cesta op\u00e4\u0165 \u017eiarili ako nov\u00e9? S Viva Vex r\u00fdchlo a \u00fa\u010dinne odstr\u00e1nite v\u0161etky odoln\u00e9 \u0161kvrny, mastn\u00e9 stopy, riasy, plesne a miner\u00e1lne usadeniny. Tento mimoriadne \u00fa\u010dinn\u00fd pr\u00edpravok je \u0161peci\u00e1lne navrhnut\u00fd na \u010distenie r\u00f4znych povrchov, pri\u010dom je dostato\u010dne \u0161etrn\u00fd, aby nepo\u0161kodil va\u0161e drah\u00e9 dla\u017eobn\u00e9 kocky.<\/div>\n<div class=\"smania_landing_description_list\">\n<ul>\n<li>Jednoduch\u00e9 odstra\u0148ovanie \u0161kv\u0155n: rozl\u00fa\u010dte sa s odoln\u00fdmi \u0161kvrnami, mastn\u00fdmi usadeninami a riasami s minim\u00e1lnym \u00fasil\u00edm<\/li>\n<li>Univerz\u00e1lny: Vhodn\u00fd na \u017eulu, mramor, pieskovec, keramiku a \u010fal\u0161ie<\/li>\n<li>Vynikaj\u00face v\u00fdsledky: Viva Vex zaru\u010duje, \u017ee va\u0161a terasa alebo dvor bud\u00fa vyzera\u0165 ako nov\u00e9, bez oh\u013eadu na vek dla\u017eby<\/li>\n<li>Bezpe\u010dn\u00e9 pou\u017e\u00edvanie: Hoci je siln\u00fd proti ne\u010distot\u00e1m, pri spr\u00e1vnom pou\u017e\u00edvan\u00ed je bezpe\u010dn\u00fd pre va\u0161e povrchy<\/li>\n<li>\u0160etr\u00ed \u010das a n\u00e1mahu: R\u00fdchle a jednoduch\u00e9 \u010distenie bez potreby pr\u00e1cneho drhnutia<\/li>\n<\/ul><\/div>\n","protected":false},"excerpt":{"rendered":"<p>V\u00fdnimo\u010dn\u00e1 \u010distiaca sila: R\u00fdchlo odstra\u0148uje aj tie najodolnej\u0161ie \u0161kvrny a usadeniny|Vhodn\u00fd na r\u00f4zne materi\u00e1ly: Pou\u017e\u00edvajte ho na \u017eulu, mramor, pieskovec a in\u00e9 pr\u00edrodn\u00e9 kamene|Jednoduch\u00e9 pou\u017e\u00edvanie: Jednoducho naneste, po\u010dkajte a opl\u00e1chnite, aby ste dosiahli kr\u00e1sne v\u00fdsledky|\u0160etrn\u00fd k povrchom: Siln\u00fd proti ne\u010distot\u00e1m, ale \u0161etrn\u00fd k dla\u017ebe|Objem: 500 ml, dostato\u010dn\u00fd na v\u00e4\u010d\u0161ie povrchy|R\u00fdchly \u00fa\u010dinok: \u00da\u010dinn\u00e9 \u010distenie bez dlh\u00e9ho \u010dakania|Univerz\u00e1lny: Ide\u00e1lny na terasy, pr\u00edjazdov\u00e9 cesty, z\u00e1hradn\u00e9 chodn\u00edky a v\u0161etky vonkaj\u0161ie kamenn\u00e9 povrchy|\u0160etrn\u00fd k \u017eivotn\u00e9mu prostrediu: Zlo\u017eenie bez \u0161kodliv\u00fdch chemik\u00e1li\u00ed, \u0161etrn\u00e9 k \u017eivotn\u00e9mu prostrediu a v\u00e1\u0161mu okoliu<\/p>\n","protected":false},"featured_media":124080,"template":"","meta":[],"product_cat":[16,2791],"product_tag":[2799,1482],"acf":[],"_links":{"self":[{"href":"https:\/\/smania.store\/sk\/wp-json\/wp\/v2\/product\/56434"}],"collection":[{"href":"https:\/\/smania.store\/sk\/wp-json\/wp\/v2\/product"}],"about":[{"href":"https:\/\/smania.store\/sk\/wp-json\/wp\/v2\/types\/product"}],"wp:featuredmedia":[{"embeddable":true,"href":"https:\/\/smania.store\/sk\/wp-json\/wp\/v2\/media\/124080"}],"wp:attachment":[{"href":"https:\/\/smania.store\/sk\/wp-json\/wp\/v2\/media?parent=56434"}],"wp:term":[{"taxonomy":"product_cat","embeddable":true,"href":"https:\/\/smania.store\/sk\/wp-json\/wp\/v2\/product_cat?post=56434"},{"taxonomy":"product_tag","embeddable":true,"href":"https:\/\/smania.store\/sk\/wp-json\/wp\/v2\/product_tag?post=56434"}],"curies":[{"name":"wp","href":"https:\/\/api.w.org\/{rel}","templated":true}]}}