{"id":31863,"date":"2022-06-16T07:14:09","date_gmt":"2022-06-16T05:14:09","guid":{"rendered":"https:\/\/smania.store\/sk\/produkt\/zahradny-trpaslik-moonie\/"},"modified":"2025-12-30T01:07:06","modified_gmt":"2025-12-30T00:07:06","slug":"zahradny-trpaslik-moonie","status":"publish","type":"product","link":"https:\/\/smania.store\/sk\/produkt\/zahradny-trpaslik-moonie\/","title":{"rendered":"Z\u00e1hradn\u00fd trpasl\u00edk Moonie"},"content":{"rendered":"<div class=\"smania_landing_description_title\">Z\u00e1bavn\u00fd! Z\u00e1hradn\u00fd trpasl\u00edk Moonie<\/div>\n<div class=\"smania_landing_description_txt\">Spoznaj najnov\u0161ieho \u010dlena svojej trpasl\u00ed\u010dej rodiny!<\/div>\n<div class=\"smania_landing_description_subtitle\">Tento nezbedn\u00fd z\u00e1hradn\u00fd trpasl\u00edk Moonie priprav\u00ed tvojim hos\u0165om nezabudnute\u013en\u00e9 priv\u00edtanie! Uk\u00e1\u017e susedom, kto m\u00e1 na ulici najlep\u0161\u00ed zmysel pre humor.<\/div>\n<div class=\"smania_landing_description_list\">\n<ul>\n<li>Osobit\u00e1 dekor\u00e1cia, ktor\u00e1 rozosmeje va\u0161ich host\u00edh<\/li>\n<li>Vyroben\u00fd z odolnej \u017eivice<\/li>\n<li>Ru\u010dne ma\u013eovan\u00fd s odolnou UV vrstvou<\/li>\n<li>Kr\u00e1sne l\u00ednie a \u017eiv\u00e9 farbys<\/li>\n<li>Skvel\u00fd dar\u010dek na kolaud\u00e1ciu domu<\/li>\n<\/ul><\/div>\n","protected":false},"excerpt":{"rendered":"<p>Skvel\u00e1 dekor\u00e1cia do interi\u00e9ru aj exteri\u00e9ru|Kr\u00e1sne l\u00ednie a \u017eiv\u00e9 farby|Skel\u00fd doplnok do va\u0161ej kolekcie trpasl\u00edkov|Pre \u013eud\u00ed so skvel\u00fdm zmyslom pre humor|Ru\u010dne ma\u013eovan\u00fd|Materi\u00e1l: \u017eivica|Ve\u013ekos\u0165: 13,8 \u00d7 15 cm|Hmotnos\u0165: 196 g<\/p>\n","protected":false},"featured_media":31857,"template":"","meta":[],"product_cat":[16,2282],"product_tag":[1481,1482],"acf":[],"_links":{"self":[{"href":"https:\/\/smania.store\/sk\/wp-json\/wp\/v2\/product\/31863"}],"collection":[{"href":"https:\/\/smania.store\/sk\/wp-json\/wp\/v2\/product"}],"about":[{"href":"https:\/\/smania.store\/sk\/wp-json\/wp\/v2\/types\/product"}],"wp:featuredmedia":[{"embeddable":true,"href":"https:\/\/smania.store\/sk\/wp-json\/wp\/v2\/media\/31857"}],"wp:attachment":[{"href":"https:\/\/smania.store\/sk\/wp-json\/wp\/v2\/media?parent=31863"}],"wp:term":[{"taxonomy":"product_cat","embeddable":true,"href":"https:\/\/smania.store\/sk\/wp-json\/wp\/v2\/product_cat?post=31863"},{"taxonomy":"product_tag","embeddable":true,"href":"https:\/\/smania.store\/sk\/wp-json\/wp\/v2\/product_tag?post=31863"}],"curies":[{"name":"wp","href":"https:\/\/api.w.org\/{rel}","templated":true}]}}