{"id":31654,"date":"2022-06-08T07:04:59","date_gmt":"2022-06-08T05:04:59","guid":{"rendered":"https:\/\/smania.store\/sk\/produkt\/piknikova-podlozka-relaxnow\/"},"modified":"2025-12-06T08:23:14","modified_gmt":"2025-12-06T07:23:14","slug":"piknikova-podlozka-relaxnow","status":"publish","type":"product","link":"https:\/\/smania.store\/sk\/produkt\/piknikova-podlozka-relaxnow\/","title":{"rendered":"Prenosn\u00e1 pl\u00e1\u017eov\u00e1 podlo\u017eka RelaxNow"},"content":{"rendered":"<div class=\"smania_landing_description_title\">NOVINKA! Prenosn\u00e1 pl\u00e1\u017eov\u00e1 podlo\u017eka RelaxNow<\/div>\n<div class=\"smania_landing_description_txt\">Neuverite\u013en\u00e9 pohodlie pri le\u017ean\u00ed na pl\u00e1\u017ei!<\/div>\n<div class=\"smania_landing_description_subtitle\">U\u017ei si odpo\u010dinok na pl\u00e1\u017ei, bez ob\u00e1v z otravn\u00e9ho piesku alebo vody. Vyber si medzi na\u0161imi pieskovo odoln\u00fdmi a vodotesn\u00fdmi modelmi a p\u00f4jdi na dovolenku pln\u00fa dobrodru\u017estiev!<\/div>\n<div class=\"smania_landing_description_list\">\n<ul>\n<li>Kvalitn\u00e1 podlo\u017eka, ktor\u00e1 sa \u013eahko sklad\u00e1 do kompaktn\u00e9ho tvaru<\/li>\n<li>Vyroben\u00e1 z ultraodoln\u00e9ho TPU a polyesteru<\/li>\n<li>Jedine\u010dn\u00fd dizajn s 4 kotviacimi vreckami<\/li>\n<li>Perfektn\u00e1 na kempovanie, pikinky alebo odpo\u010dinok na pl\u00e1\u017ei<\/li>\n<li>Prisp\u00f4soben\u00e1 na pou\u017eitie na akomko\u013evek povrchu<\/li>\n<\/ul><\/div>\n","protected":false},"excerpt":{"rendered":"<p>Skvel\u00e1 pre rodinn\u00fa dovolenku|Zabra\u0148uje piesku|\u013dahk\u00e1 a odoln\u00e1 podlo\u017eka|Vodoodpudiv\u00fd n\u00e1ter|Pre vn\u00fatorn\u00e9 aj vonkaj\u0161ie pou\u017eitie|Tkanina odoln\u00e1 proti po\u0161kriabaniu|Skladacia a \u013eahko sa pren\u00e1\u0161a|4 kotviace vreck\u00e1|Jednoducho sa \u010dist\u00ed|Materi\u00e1l: polyester a TPU<\/p>\n","protected":false},"featured_media":47406,"template":"","meta":[],"product_cat":[2338,2411,2284,21],"product_tag":[1529],"acf":[],"_links":{"self":[{"href":"https:\/\/smania.store\/sk\/wp-json\/wp\/v2\/product\/31654"}],"collection":[{"href":"https:\/\/smania.store\/sk\/wp-json\/wp\/v2\/product"}],"about":[{"href":"https:\/\/smania.store\/sk\/wp-json\/wp\/v2\/types\/product"}],"wp:featuredmedia":[{"embeddable":true,"href":"https:\/\/smania.store\/sk\/wp-json\/wp\/v2\/media\/47406"}],"wp:attachment":[{"href":"https:\/\/smania.store\/sk\/wp-json\/wp\/v2\/media?parent=31654"}],"wp:term":[{"taxonomy":"product_cat","embeddable":true,"href":"https:\/\/smania.store\/sk\/wp-json\/wp\/v2\/product_cat?post=31654"},{"taxonomy":"product_tag","embeddable":true,"href":"https:\/\/smania.store\/sk\/wp-json\/wp\/v2\/product_tag?post=31654"}],"curies":[{"name":"wp","href":"https:\/\/api.w.org\/{rel}","templated":true}]}}