{"id":31286,"date":"2022-05-12T06:51:54","date_gmt":"2022-05-12T04:51:54","guid":{"rendered":"https:\/\/smania.store\/sk\/produkt\/boxy-na-zakorenovanie-rastlin-growball\/"},"modified":"2025-12-11T18:18:56","modified_gmt":"2025-12-11T17:18:56","slug":"boxy-na-zakorenovanie-rastlin-growball","status":"publish","type":"product","link":"https:\/\/smania.store\/sk\/produkt\/boxy-na-zakorenovanie-rastlin-growball\/","title":{"rendered":"Kvetin\u00e1\u010de na mno\u017eenie rastl\u00edn GrowBall"},"content":{"rendered":"<div class=\"smania_landing_description_title\">NOVINKA! Namno\u017e rastliny bezpe\u010dne a jednoducho<\/div>\n<div class=\"smania_landing_description_txt\">Zn\u00e1sob svoje z\u00e1hradn\u00e9 z\u00e1zraky u\u017e za p\u00e1r t\u00fd\u017ed\u0148ov!<\/div>\n<div class=\"smania_landing_description_subtitle\">Predstavujeme GrowBall, vysokotlakov\u00e1 rozmno\u017eovacia sada, ktor\u00e1 prin\u00e1\u0161a revol\u00faciu v mno\u017een\u00ed rastl\u00edn pre nad\u0161encov z\u00e1hradn\u00edctva. Namno\u017e rastliny bez naru\u0161enia ich prirodzen\u00e9ho rastu a vytvor prosperuj\u00facu a bohat\u00fa z\u00e1hradu. Za\u017ei \u010daro vzduchov\u00e9ho vrstvenia a dodaj svojej z\u00e1hrade \u017eivot pomocou GrowBall!<\/div>\n<div class=\"smania_landing_description_list\">\n<ul>\n<li>Jednoduch\u00e9 mno\u017eenie \u2013 bez po\u0161kodenia materskej rastliny<\/li>\n<li>Na izbov\u00e9 aj vonkaj\u0161ie kvety<\/li>\n<li>Silnej\u0161ie korenie a r\u00fdchlej\u0161ie dozrievanie<\/li>\n<li>Znovu pou\u017eite\u013en\u00fd a odoln\u00fd dizajn z PP plastu<\/li>\n<li>Tri dostupn\u00e9 ve\u013ekosti: 5, 8 a 12 cm<\/li>\n<\/ul><\/div>\n","protected":false},"excerpt":{"rendered":"<p>Vhodn\u00e9 na ru\u017ee, pop\u00ednav\u00e9 rastliny, stromy a \u010fal\u0161ie|Starod\u00e1vne vrstvenie vzduchu pre efekt\u00edvne mno\u017eenie|V\u00fdsledky vidite\u013en\u00e9 u\u017e po 6\u20138 t\u00fd\u017ed\u0148och|Bezpe\u010dnostn\u00e9 z\u00e1mky pre stabiln\u00e9 mno\u017eenie|\u0160etrn\u00e9 k \u017eivotn\u00e9mu prostrediu \u2013 bez chemik\u00e1li\u00ed|\u0160etri peniaze mno\u017een\u00edm svojich vlastn\u00fdch rastl\u00edn|Ide\u00e1lne pre z\u00e1hradn\u00edkov a nad\u0161encov do rastl\u00edn|Pestuj \u0165a\u017eko zakorenite\u013en\u00e9 rastliny ako s\u00fa magn\u00f3lie a kam\u00e9lie|Roz\u0161\u00edr svoju z\u00e1hradu bez n\u00e1mahy|Zap\u00f4sob na n\u00e1v\u0161tevu svojou svie\u017eou a \u017eiarivou z\u00e1hradou|Mno\u017estvo: 5 kusov|Rozmery kvetin\u00e1\u010da (cm): 5 (S), 8 (M), 12 (L)<\/p>\n","protected":false},"featured_media":43759,"template":"","meta":[],"product_cat":[16,2282,2411],"product_tag":[1482],"acf":[],"_links":{"self":[{"href":"https:\/\/smania.store\/sk\/wp-json\/wp\/v2\/product\/31286"}],"collection":[{"href":"https:\/\/smania.store\/sk\/wp-json\/wp\/v2\/product"}],"about":[{"href":"https:\/\/smania.store\/sk\/wp-json\/wp\/v2\/types\/product"}],"wp:featuredmedia":[{"embeddable":true,"href":"https:\/\/smania.store\/sk\/wp-json\/wp\/v2\/media\/43759"}],"wp:attachment":[{"href":"https:\/\/smania.store\/sk\/wp-json\/wp\/v2\/media?parent=31286"}],"wp:term":[{"taxonomy":"product_cat","embeddable":true,"href":"https:\/\/smania.store\/sk\/wp-json\/wp\/v2\/product_cat?post=31286"},{"taxonomy":"product_tag","embeddable":true,"href":"https:\/\/smania.store\/sk\/wp-json\/wp\/v2\/product_tag?post=31286"}],"curies":[{"name":"wp","href":"https:\/\/api.w.org\/{rel}","templated":true}]}}