{"id":27278,"date":"2021-10-29T08:17:12","date_gmt":"2021-10-29T06:17:12","guid":{"rendered":"https:\/\/smania.store\/sk\/produkt\/flausova-deka-s-rukavmi-snughug\/"},"modified":"2025-12-09T01:08:54","modified_gmt":"2025-12-09T00:08:54","slug":"flausova-deka-s-rukavmi-snughug","status":"publish","type":"product","link":"https:\/\/smania.store\/sk\/produkt\/flausova-deka-s-rukavmi-snughug\/","title":{"rendered":"Flau\u0161ov\u00e1 deka s ruk\u00e1vmi SnugHug"},"content":{"rendered":"<div class=\"smania_landing_description_title\">Nov\u00e1 atrakcia n\u00e1\u0161ho online obchodu! Flau\u0161ov\u00e1 deka s ruk\u00e1vmi SnugHug<\/div>\n<div class=\"smania_landing_description_txt\">U\u017eite si tepl\u00e9 objatie deky s ruk\u00e1vmi SnugHug!<\/div>\n<div class=\"smania_landing_description_subtitle\">Zakryte sa teplou prikr\u00fdvkou SnugHug a u\u017e\u00edvajte si teplo aj v t\u00fdch najchladnej\u0161\u00edch d\u0148och. Vysoko kvalitn\u00e1 v\u00fdroba, sp\u00e1rovan\u00e1 s atrakt\u00edvnym dizajnom sa bude stara\u0165 o va\u0161e pohodlie doma a po\u010das chladn\u00fdch noc\u00ed pod hviezdami.<\/div>\n<div class=\"smania_landing_description_list\">\n<ul>\n<li>Vyroben\u00e1 z tepl\u00e9ho, kvalitn\u00e9ho flau\u0161u<\/li>\n<li>M\u00e4kk\u00e1 a pohodln\u00e1<\/li>\n<li>Dod\u00e1va sa s kapuc\u0148ou a ruk\u00e1vmi, aby chlad nepri\u0161iel do v\u00e1s<\/li>\n<li>Dostupn\u00e9 v r\u00f4znych farb\u00e1ch<\/li>\n<li>Vhodn\u00e1 na pou\u017eitie vn\u00fatri aj vonku<\/li>\n<\/ul><\/div>\n","protected":false},"excerpt":{"rendered":"<p>Rozko\u0161n\u00fd dizajn|Neuverite\u013ene tepl\u00e1|Kvalitn\u00e1 v\u00fdroba|Niektor\u00e9 druhy svietia v tme|Materi\u00e1l: 100% polyesterov\u00e9 vl\u00e1kna|Pon\u00faka neuverite\u013en\u00e9 pohodlie|Jedna ve\u013ekos\u0165 je vhodn\u00e1 pre v\u0161etk\u00fdch|Perfektn\u00fd zimn\u00fd dar\u010dek<\/p>\n","protected":false},"featured_media":120026,"template":"","meta":[],"product_cat":[2510,21],"product_tag":[1530],"acf":[],"_links":{"self":[{"href":"https:\/\/smania.store\/sk\/wp-json\/wp\/v2\/product\/27278"}],"collection":[{"href":"https:\/\/smania.store\/sk\/wp-json\/wp\/v2\/product"}],"about":[{"href":"https:\/\/smania.store\/sk\/wp-json\/wp\/v2\/types\/product"}],"wp:featuredmedia":[{"embeddable":true,"href":"https:\/\/smania.store\/sk\/wp-json\/wp\/v2\/media\/120026"}],"wp:attachment":[{"href":"https:\/\/smania.store\/sk\/wp-json\/wp\/v2\/media?parent=27278"}],"wp:term":[{"taxonomy":"product_cat","embeddable":true,"href":"https:\/\/smania.store\/sk\/wp-json\/wp\/v2\/product_cat?post=27278"},{"taxonomy":"product_tag","embeddable":true,"href":"https:\/\/smania.store\/sk\/wp-json\/wp\/v2\/product_tag?post=27278"}],"curies":[{"name":"wp","href":"https:\/\/api.w.org\/{rel}","templated":true}]}}