{"id":123599,"date":"2026-05-06T13:39:54","date_gmt":"2026-05-06T11:39:54","guid":{"rendered":"https:\/\/smania.store\/sk\/produkt\/easyborder-plastovy-travnikovy-okraj-s-klincami-10m\/"},"modified":"2026-05-12T09:53:05","modified_gmt":"2026-05-12T07:53:05","slug":"easyborder-plastovy-travnikovy-okraj-s-klincami-10m","status":"publish","type":"product","link":"https:\/\/smania.store\/sk\/produkt\/easyborder-plastovy-travnikovy-okraj-s-klincami-10m\/","title":{"rendered":"EasyBorder\u2122 plastov\u00fd tr\u00e1vnikov\u00fd okraj s klincami &#8211; 10m"},"content":{"rendered":"<div class=\"smania_landing_description_title\">NOV\u00c9: Jednoducho formujte svoj krajinn\u00fd dizajn<\/div>\n<div class=\"smania_landing_description_txt\">Perfektn\u00e9 hranice pre upraven\u00fa z\u00e1hradu<\/div>\n<div class=\"smania_landing_description_subtitle\">EasyBorder\u2122 u\u013eah\u010duje vytv\u00e1ranie \u010dist\u00fdch a presne definovan\u00fdch okrajov z\u00e1hrady \u2013 \u017eiadne kopanie, \u017eiadny neporiadok, \u017eiadne n\u00e1stroje potrebn\u00e9. Navrhnut\u00fd na kreat\u00edvne krajin\u00e1rstvo, tento flexibiln\u00fd obrubn\u00edk sa \u013eahko oh\u00fdba tak, aby sledoval priame l\u00ednie alebo hladk\u00e9 krivky, \u010d\u00edm d\u00e1va va\u0161ej z\u00e1hrade za p\u00e1r min\u00fat upraven\u00fd, profesion\u00e1lny vzh\u013ead.<\/div>\n<div class=\"smania_landing_description_list\">\n<ul>\n<li>Trvanliv\u00fd PE materi\u00e1l zabezpe\u010duje dlh\u00fa \u017eivotnos\u0165<\/li>\n<li>Flexibiln\u00fd dizajn pre prisp\u00f4soben\u00e9 rozlo\u017eenia<\/li>\n<li>Jednoduch\u00e1 in\u0161tal\u00e1cia \u2014 nie je potrebn\u00e9 kopanie<\/li>\n<li>Obsahuje 30 klincov pre stabilitu<\/li>\n<li>Dostupn\u00e9 v d\u013a\u017eke 10 m, v\u00fd\u0161ka 5 cm<\/li>\n<li>Odoln\u00e9 vo\u010di poveternostn\u00fdm vplyvom a trv\u00e1cne<\/li>\n<\/ul><\/div>\n","protected":false},"excerpt":{"rendered":"<p>Bez n\u00e1mahy zabra\u0148uje \u0161\u00edreniu tr\u00e1vy|Flexibilne sa oh\u00fdba, aby sa prisp\u00f4sobila ak\u00e9muko\u013evek tvaru|Zabezpe\u010dte pomocou prilo\u017een\u00fdch klincov|Jednoduch\u00e9 na rezanie pre dokonal\u00e9 prisp\u00f4sobenie|Farba: \u010cierna|Rozmery: 10m d\u013a\u017eka, 5cm v\u00fd\u0161ka|Materi\u00e1l: Polyetyl\u00e9n s vysokou hustotou (HDPE)|Balenie obsahuje: 1x plastov\u00fd okraj na tr\u00e1vnik dlh\u00fd 10m, 30x klince<\/p>\n","protected":false},"featured_media":123586,"template":"","meta":[],"product_cat":[16],"product_tag":[1482],"acf":[],"_links":{"self":[{"href":"https:\/\/smania.store\/sk\/wp-json\/wp\/v2\/product\/123599"}],"collection":[{"href":"https:\/\/smania.store\/sk\/wp-json\/wp\/v2\/product"}],"about":[{"href":"https:\/\/smania.store\/sk\/wp-json\/wp\/v2\/types\/product"}],"wp:featuredmedia":[{"embeddable":true,"href":"https:\/\/smania.store\/sk\/wp-json\/wp\/v2\/media\/123586"}],"wp:attachment":[{"href":"https:\/\/smania.store\/sk\/wp-json\/wp\/v2\/media?parent=123599"}],"wp:term":[{"taxonomy":"product_cat","embeddable":true,"href":"https:\/\/smania.store\/sk\/wp-json\/wp\/v2\/product_cat?post=123599"},{"taxonomy":"product_tag","embeddable":true,"href":"https:\/\/smania.store\/sk\/wp-json\/wp\/v2\/product_tag?post=123599"}],"curies":[{"name":"wp","href":"https:\/\/api.w.org\/{rel}","templated":true}]}}