{"id":123581,"date":"2026-05-06T13:37:08","date_gmt":"2026-05-06T11:37:08","guid":{"rendered":"https:\/\/smania.store\/sk\/produkt\/vespeon-detska-elektricka-kolobezka\/"},"modified":"2026-05-12T11:07:17","modified_gmt":"2026-05-12T09:07:17","slug":"vespeon-detska-elektricka-kolobezka","status":"publish","type":"product","link":"https:\/\/smania.store\/sk\/produkt\/vespeon-detska-elektricka-kolobezka\/","title":{"rendered":"Vespeon\u2122 detsk\u00e1 elektrick\u00e1 kolobe\u017eka"},"content":{"rendered":"<div class=\"smania_landing_description_title\"> NOV\u00c9, Ohromuj\u00face RGB Atmosf\u00e9rick\u00e9 Osvetlenie <\/div>\n<div class=\"smania_landing_description_txt\"> Hladk\u00e9 jazdy, \u0161\u0165astn\u00e9 deti, bezpe\u010dn\u00e9 hry <\/div>\n<div class=\"smania_landing_description_subtitle\"> Vespeon\u2122 je \u0161t\u00fdlov\u00fd elektrick\u00fd sk\u00fater pre deti navrhnut\u00fd pre mal\u00fdch objavite\u013eov, ktor\u00ed h\u013eadaj\u00fa z\u00e1bavn\u00fd, bezpe\u010dn\u00fd a jednoduch\u00fd z\u00e1\u017eitok z jazdy. S dia\u013ekov\u00fdm ovl\u00e1dan\u00edm, \u00falo\u017en\u00fdm priestorom, svetlami, hudbou a jazdou vpred aj vzad poskytuje hodiny radostnej z\u00e1bavy, \u010di u\u017e doma, alebo vonku. <\/div>\n<div class=\"smania_landing_description_list\">\n<ul>\n<li>Zadn\u00fd \u00falo\u017en\u00fd priestor na hra\u010dky alebo ob\u010derstvenie<\/li>\n<li>Stabiln\u00e9 podporn\u00e9 kolieska pre bezpe\u010dnos\u0165<\/li>\n<li>Svetl\u00e1, hudba a tr\u00faba pre z\u00e1bavu<\/li>\n<li>Jazda dopredu a dozadu na rozvoj zru\u010dnost\u00ed<\/li>\n<\/ul><\/div>\n","protected":false},"excerpt":{"rendered":"<p>Zadn\u00fd \u00falo\u017en\u00fd priestor|Podporn\u00e9 koles\u00e1 pre stabilitu|Osvetlenie a hudba|Pohodln\u00e9 ergonomick\u00e9 plastov\u00e9 sedadlo|Odoln\u00e9 plastov\u00e9 koles\u00e1 na vn\u00fatorn\u00e9 aj vonkaj\u0161ie povrchy|Vari\u00e1cie: Biela alebo Zelen\u00e1|Bat\u00e9ria: 1 x 6V 4Ah|\u010cas nab\u00edjania: 6\u20139 hod\u00edn|\u010cas pou\u017e\u00edvania: a\u017e 2 hodiny na nabitie|Maxim\u00e1lne za\u0165a\u017eenie: pribli\u017ene 25 kg|Odpor\u00fa\u010dan\u00fd vek: 18 mesiacov a viac<\/p>\n","protected":false},"featured_media":123947,"template":"","meta":[],"product_cat":[17],"product_tag":[1513],"acf":[],"_links":{"self":[{"href":"https:\/\/smania.store\/sk\/wp-json\/wp\/v2\/product\/123581"}],"collection":[{"href":"https:\/\/smania.store\/sk\/wp-json\/wp\/v2\/product"}],"about":[{"href":"https:\/\/smania.store\/sk\/wp-json\/wp\/v2\/types\/product"}],"wp:featuredmedia":[{"embeddable":true,"href":"https:\/\/smania.store\/sk\/wp-json\/wp\/v2\/media\/123947"}],"wp:attachment":[{"href":"https:\/\/smania.store\/sk\/wp-json\/wp\/v2\/media?parent=123581"}],"wp:term":[{"taxonomy":"product_cat","embeddable":true,"href":"https:\/\/smania.store\/sk\/wp-json\/wp\/v2\/product_cat?post=123581"},{"taxonomy":"product_tag","embeddable":true,"href":"https:\/\/smania.store\/sk\/wp-json\/wp\/v2\/product_tag?post=123581"}],"curies":[{"name":"wp","href":"https:\/\/api.w.org\/{rel}","templated":true}]}}