{"id":123425,"date":"2026-05-04T07:52:50","date_gmt":"2026-05-04T05:52:50","guid":{"rendered":"https:\/\/smania.store\/sk\/produkt\/babytower-drevena-nastavitelna-ucebna-veza\/"},"modified":"2026-05-16T18:27:11","modified_gmt":"2026-05-16T16:27:11","slug":"babytower-drevena-nastavitelna-ucebna-veza","status":"publish","type":"product","link":"https:\/\/smania.store\/sk\/produkt\/babytower-drevena-nastavitelna-ucebna-veza\/","title":{"rendered":"BabyTower\u2122 dreven\u00e1 nastavite\u013en\u00e1 u\u010debn\u00e1 ve\u017ea"},"content":{"rendered":"<div class=\"smania_landing_description_title\">NOV\u00c9: Pozdvihnite svoj kuchynsk\u00fd dekor<\/div>\n<div class=\"smania_landing_description_txt\">Pozdvihnite ich svet. Bezpe\u010dne.<\/div>\n<div class=\"smania_landing_description_subtitle\">BabyTower\u2122 je pevn\u00e1 dreven\u00e1 u\u010debn\u00e1 ve\u017ea, ktor\u00e1 zdvihne va\u0161e die\u0165a do v\u00fd\u0161ky pracovnej dosky, aby mohlo bezpe\u010dne objavova\u0165, u\u010di\u0165 sa a pom\u00e1ha\u0165 po va\u0161om boku. S skladac\u00edm r\u00e1mom a 3 nastavite\u013en\u00fdmi v\u00fd\u0161kami plo\u0161iny rastie spolu s va\u0161\u00edm die\u0165a\u0165om od jeho prv\u00fdch krokov po sebaist\u00fdch pomocn\u00edkov v kuchyni.<\/div>\n<div class=\"smania_landing_description_list\">\n<ul>\n<li>Skladac\u00ed dizajn \u0161etr\u00ed priestor a \u013eahko sa usklad\u0148uje v mal\u00fdch kuchyniach <\/li>\n<li>Tri nastavite\u013en\u00e9 v\u00fd\u0161ky sa prisp\u00f4sobuj\u00fa rastu v\u00e1\u0161ho die\u0165a\u0165a od 1 do 6 rokov <\/li>\n<li>\u0160irok\u00e1 stojaca plocha zabezpe\u010duje de\u0165om stabilitu a bezpe\u010dnos\u0165 po\u010das hry alebo pomoci <\/li>\n<li>Pevn\u00e1 dreven\u00e1 kon\u0161trukcia poskytuje dlhodob\u00fa odolnos\u0165 a bezpe\u010dnos\u0165 <\/li>\n<li>Zaoblen\u00e9 hrany a ochrann\u00e1 \u00faprava zabezpe\u010duj\u00fa dizajn bezpe\u010dn\u00fd pre deti<\/li>\n<\/ul><\/div>\n","protected":false},"excerpt":{"rendered":"<p>Skladn\u00fd, priestor \u0161etriaci dizajn |3 nastavite\u013en\u00e9 v\u00fd\u0161kov\u00e9 \u00farovne |Stabiln\u00e1 \u0161irok\u00e1 stojaca plocha |Bezpe\u010dn\u00e9 zaoblen\u00e9 okraje |Pomocn\u00edk do kuchyne, hern\u00e1 ve\u017ea, ve\u017ea na u\u010denie|Materi\u00e1l: Vysokokvalitn\u00e1 preglejka s lakom bezpe\u010dn\u00fdm pre deti |Vekov\u00e1 skupina: 12 mesiacov a\u017e 6 rokov |Rozmery v rozlo\u017eenom stave: 90 x 58 x 50 cm |Podpery: bo\u010dn\u00e9 stabiliz\u00e1tory + zadn\u00e1 podporn\u00e1 ty\u010d pre extra stabilitu |Bezpe\u010dnostn\u00e1 pozn\u00e1mka: Jeden die\u0165a naraz; potrebn\u00e1 doh\u013ead dospelej osoby<\/p>\n","protected":false},"featured_media":123511,"template":"","meta":[],"product_cat":[17],"product_tag":[1488],"acf":[],"_links":{"self":[{"href":"https:\/\/smania.store\/sk\/wp-json\/wp\/v2\/product\/123425"}],"collection":[{"href":"https:\/\/smania.store\/sk\/wp-json\/wp\/v2\/product"}],"about":[{"href":"https:\/\/smania.store\/sk\/wp-json\/wp\/v2\/types\/product"}],"wp:featuredmedia":[{"embeddable":true,"href":"https:\/\/smania.store\/sk\/wp-json\/wp\/v2\/media\/123511"}],"wp:attachment":[{"href":"https:\/\/smania.store\/sk\/wp-json\/wp\/v2\/media?parent=123425"}],"wp:term":[{"taxonomy":"product_cat","embeddable":true,"href":"https:\/\/smania.store\/sk\/wp-json\/wp\/v2\/product_cat?post=123425"},{"taxonomy":"product_tag","embeddable":true,"href":"https:\/\/smania.store\/sk\/wp-json\/wp\/v2\/product_tag?post=123425"}],"curies":[{"name":"wp","href":"https:\/\/api.w.org\/{rel}","templated":true}]}}