{"id":123412,"date":"2026-05-04T07:46:35","date_gmt":"2026-05-04T05:46:35","guid":{"rendered":"https:\/\/smania.store\/sk\/produkt\/bouncepro-skladaci-trampolina-s-nastavitelnym-zabradlim\/"},"modified":"2026-05-04T08:52:45","modified_gmt":"2026-05-04T06:52:45","slug":"bouncepro-skladaci-trampolina-s-nastavitelnym-zabradlim","status":"publish","type":"product","link":"https:\/\/smania.store\/sk\/produkt\/bouncepro-skladaci-trampolina-s-nastavitelnym-zabradlim\/","title":{"rendered":"BouncePro\u2122 skladac\u00ed trampol\u00edna s nastavite\u013en\u00fdm z\u00e1bradl\u00edm"},"content":{"rendered":"<div class=\"smania_landing_description_title\">NOV\u00c9: Zlep\u0161ite svoj cvi\u010debn\u00fd re\u017eim<\/div>\n<div class=\"smania_landing_description_txt\">Nastav to r\u00fdchlo, odraz e\u0161te r\u00fdchlej\u0161ie!<\/div>\n<div class=\"smania_landing_description_subtitle\"> Vylep\u0161ite svoje dom\u00e1ce tr\u00e9ningy s BouncePro\u2122! Navrhnut\u00e9 pre bezpe\u010dn\u00e9 a intenz\u00edvne tr\u00e9ningy, posil\u0148uje kardiovaskul\u00e1rnu kond\u00edciu, rovnov\u00e1hu a silu\u2014vytv\u00e1ra kompaktn\u00fa fitness z\u00f3nu pre v\u0161etky vekov\u00e9 kateg\u00f3rie.<\/div>\n<div class=\"smania_landing_description_list\">\n<ul>\n<li>Skladn\u00fd dizajn pre jednoduch\u00e9 ulo\u017eenie <\/li>\n<li>Nastavite\u013en\u00e9 podr\u00fa\u010dky pre v\u00e4\u010d\u0161iu bezpe\u010dnos\u0165 <\/li>\n<li>U\u013eah\u010duje nap\u00e4tie v k\u013aboch s jemn\u00fdm odpru\u017een\u00edm <\/li>\n<li>Tich\u00e9 gumen\u00e9 podlo\u017eky udr\u017eiavaj\u00fa pokoj <\/li>\n<li>Podporuje cvi\u010denia v interi\u00e9ri aj exteri\u00e9ri <\/li>\n<li>Robustn\u00e1 oce\u013eov\u00e1 kon\u0161trukcia s presnou rovnov\u00e1hou<\/li>\n<\/ul><\/div>\n","protected":false},"excerpt":{"rendered":"<p>Spa\u013eujte kal\u00f3rie ka\u017ed\u00fdm skokom |Zabezpe\u010duje tich\u00e9 a pokojn\u00e9 cvi\u010denie |Materi\u00e1l odoln\u00fd proti po\u0161krabaniu |Bez n\u00e1mahy stimuluje rast svalov|Nosnos\u0165: a\u017e 250 kg |Rozmery: 100 x 92-115 cm |V\u00fd\u0161ka n\u00f4h: 22 cm |Materi\u00e1l: PP sk\u00e1kacia tkanina, polyesterov\u00e1 tkanina s mrie\u017ekou, m\u00e4kk\u00e1 guma, zosilnen\u00e1 oce\u013eov\u00e1 trubka<\/p>\n","protected":false},"featured_media":123523,"template":"","meta":[],"product_cat":[21],"product_tag":[2029],"acf":[],"_links":{"self":[{"href":"https:\/\/smania.store\/sk\/wp-json\/wp\/v2\/product\/123412"}],"collection":[{"href":"https:\/\/smania.store\/sk\/wp-json\/wp\/v2\/product"}],"about":[{"href":"https:\/\/smania.store\/sk\/wp-json\/wp\/v2\/types\/product"}],"wp:featuredmedia":[{"embeddable":true,"href":"https:\/\/smania.store\/sk\/wp-json\/wp\/v2\/media\/123523"}],"wp:attachment":[{"href":"https:\/\/smania.store\/sk\/wp-json\/wp\/v2\/media?parent=123412"}],"wp:term":[{"taxonomy":"product_cat","embeddable":true,"href":"https:\/\/smania.store\/sk\/wp-json\/wp\/v2\/product_cat?post=123412"},{"taxonomy":"product_tag","embeddable":true,"href":"https:\/\/smania.store\/sk\/wp-json\/wp\/v2\/product_tag?post=123412"}],"curies":[{"name":"wp","href":"https:\/\/api.w.org\/{rel}","templated":true}]}}