{"id":123226,"date":"2026-04-15T12:24:48","date_gmt":"2026-04-15T10:24:48","guid":{"rendered":"https:\/\/smania.store\/sk\/produkt\/kiddorider-detska-elektricka-trojkolka\/"},"modified":"2026-04-15T12:24:59","modified_gmt":"2026-04-15T10:24:59","slug":"kiddorider-detska-elektricka-trojkolka","status":"publish","type":"product","link":"https:\/\/smania.store\/sk\/produkt\/kiddorider-detska-elektricka-trojkolka\/","title":{"rendered":"KiddoRider\u2122 Detsk\u00e1 elektrick\u00e1 trojkolka"},"content":{"rendered":"<div class=\"smania_landing_description_title\">NOV\u00c9: Kone\u010dn\u00e1 jazda na dobrodru\u017estvo<\/div>\n<div class=\"smania_landing_description_txt\">Nech v\u00e1\u0161 mal\u00fd jazdec vl\u00e1dne ceste!<\/div>\n<div class=\"smania_landing_description_subtitle\">Navrhnut\u00fd pre neboj\u00e1cnych mal\u00fdch jazdcov, elektrick\u00fd trojkolesov\u00fd bicykel KiddoRider\u2122 poskytuje pevn\u00fa stabilitu, elegantn\u00fd \u0161t\u00fdl a plynul\u00fa silu pre ka\u017edodenn\u00e9 dobrodru\u017estv\u00e1.<\/div>\n<div class=\"smania_landing_description_list\">\n<ul>\n<li>Podporuje akt\u00edvnu hru vonku <\/li>\n<li>Posil\u0148uje motorick\u00e9 zru\u010dnosti a koordin\u00e1ciu <\/li>\n<li>Jasn\u00e9 LED svetl\u00e1 pre lep\u0161iu vidite\u013enos\u0165 <\/li>\n<li>Hudba a MP3 pre vzdel\u00e1vaciu z\u00e1bavu <\/li>\n<li>Pevn\u00e9 pneumatiky \u0161irok\u00e9 50 cm pre stabilitu<\/li>\n<\/ul><\/div>\n","protected":false},"excerpt":{"rendered":"<p>\u00dachvatn\u00e1 \u010derven\u00e1\/modr\u00e1 farba uchvacuje |Odoln\u00fd plast zabezpe\u010duje dlh\u00fa \u017eivotnos\u0165 |Jednoduch\u00e9 ovl\u00e1danie jedn\u00fdm tla\u010didlom |Podporuje fantazijn\u00e9 dobrodru\u017estv\u00e1|Rozmery: 92 x 56 x 50 cm |Vhodn\u00fd vek: 1-8 rokov |Maxim\u00e1lna nosnos\u0165: 50 kg |Bat\u00e9ria: Nab\u00edjate\u013en\u00e1 bat\u00e9ria 6V 7Ah<\/p>\n","protected":false},"featured_media":123215,"template":"","meta":[],"product_cat":[17,23],"product_tag":[1513,2132],"acf":[],"_links":{"self":[{"href":"https:\/\/smania.store\/sk\/wp-json\/wp\/v2\/product\/123226"}],"collection":[{"href":"https:\/\/smania.store\/sk\/wp-json\/wp\/v2\/product"}],"about":[{"href":"https:\/\/smania.store\/sk\/wp-json\/wp\/v2\/types\/product"}],"wp:featuredmedia":[{"embeddable":true,"href":"https:\/\/smania.store\/sk\/wp-json\/wp\/v2\/media\/123215"}],"wp:attachment":[{"href":"https:\/\/smania.store\/sk\/wp-json\/wp\/v2\/media?parent=123226"}],"wp:term":[{"taxonomy":"product_cat","embeddable":true,"href":"https:\/\/smania.store\/sk\/wp-json\/wp\/v2\/product_cat?post=123226"},{"taxonomy":"product_tag","embeddable":true,"href":"https:\/\/smania.store\/sk\/wp-json\/wp\/v2\/product_tag?post=123226"}],"curies":[{"name":"wp","href":"https:\/\/api.w.org\/{rel}","templated":true}]}}