{"id":123208,"date":"2026-04-15T09:27:36","date_gmt":"2026-04-15T07:27:36","guid":{"rendered":"https:\/\/smania.store\/sk\/produkt\/driftmax-elektricky-trojkolesovy-drift-kart\/"},"modified":"2026-04-15T09:27:45","modified_gmt":"2026-04-15T07:27:45","slug":"driftmax-elektricky-trojkolesovy-drift-kart","status":"publish","type":"product","link":"https:\/\/smania.store\/sk\/produkt\/driftmax-elektricky-trojkolesovy-drift-kart\/","title":{"rendered":"DriftMax\u2122 elektrick\u00fd trojkolesov\u00fd drift kart"},"content":{"rendered":"<div class=\"smania_landing_description_title\">NOV\u00c9 \u2013 Plavte a driftujte ako nikdy predt\u00fdm!<\/div>\n<div class=\"smania_landing_description_txt\">ULTIM\u00c1TNA SK\u00daSENOS\u0164 S driftovan\u00edm PRE DETI A DOSPEL\u00ddCH!<\/div>\n<div class=\"smania_landing_description_subtitle\">Rozl\u00fa\u010dte sa s nudn\u00fdmi jazdami a priv\u00edtajte vzru\u0161enie s DriftMax\u2122! Tento mocn\u00fd stroj nielen\u017ee pri\u0165ahuje poh\u013eady, ale aj poskytuje nezabudnute\u013en\u00fd z\u00e1\u017eitok z jazdy, ktor\u00fd sp\u00e1ja \u0161t\u00fdl s bezpe\u010dnos\u0165ou.<\/div>\n<div class=\"smania_landing_description_list\">\n<ul>\n<li>Pripraven\u00e9 na dobrodru\u017estvo s tromi nastaveniami r\u00fdchlosti <\/li>\n<li>R\u00fdchly 36V 250W bezuhl\u00edkov\u00fd motor <\/li>\n<li>Nab\u00edjanie za len 3-5 hod\u00edn <\/li>\n<li>Dojazd 8-15KM <\/li>\n<li>Zosta\u0148te vidite\u013en\u00ed s LED a bo\u010dn\u00fdmi svetlami <\/li>\n<li>Prisp\u00f4sobite\u013en\u00e9 nastavenia jazdy s Bluetooth<\/li>\n<\/ul><\/div>\n","protected":false},"excerpt":{"rendered":"<p>Nasko\u010d a vyraz prema\u0165|Bez n\u00e1mahy \u0161t\u00fdlov\u00fd a elegantn\u00fd dizajn|Bezpe\u010dnostn\u00e1 v\u00fdbava zahrnut\u00e1 na ochranu|Presn\u00e1 kontrola r\u00fdchlosti s \u013eahkos\u0165ou|Osvetlenie: LED predn\u00e9 a akcentov\u00e9 svetl\u00e1|R\u00fdchlostn\u00e9 re\u017eimy: 3 nastavite\u013en\u00e9 \u00farovne|Bat\u00e9ria: 36V \/ 3,6Ah l\u00edtium|Motor: 250W bezuhl\u00edkov\u00fd|Maxim\u00e1lna r\u00fdchlos\u0165: A\u017e 18 km\/h|\u010cas nab\u00edjania: 3\u20135 hod\u00edn|Dojazd: 8\u201315 km na jedno nabitie|Nosnos\u0165: A\u017e 100 kg<\/p>\n","protected":false},"featured_media":123189,"template":"","meta":[],"product_cat":[17],"product_tag":[1513],"acf":[],"_links":{"self":[{"href":"https:\/\/smania.store\/sk\/wp-json\/wp\/v2\/product\/123208"}],"collection":[{"href":"https:\/\/smania.store\/sk\/wp-json\/wp\/v2\/product"}],"about":[{"href":"https:\/\/smania.store\/sk\/wp-json\/wp\/v2\/types\/product"}],"wp:featuredmedia":[{"embeddable":true,"href":"https:\/\/smania.store\/sk\/wp-json\/wp\/v2\/media\/123189"}],"wp:attachment":[{"href":"https:\/\/smania.store\/sk\/wp-json\/wp\/v2\/media?parent=123208"}],"wp:term":[{"taxonomy":"product_cat","embeddable":true,"href":"https:\/\/smania.store\/sk\/wp-json\/wp\/v2\/product_cat?post=123208"},{"taxonomy":"product_tag","embeddable":true,"href":"https:\/\/smania.store\/sk\/wp-json\/wp\/v2\/product_tag?post=123208"}],"curies":[{"name":"wp","href":"https:\/\/api.w.org\/{rel}","templated":true}]}}