{"id":123008,"date":"2026-04-07T09:15:17","date_gmt":"2026-04-07T07:15:17","guid":{"rendered":"https:\/\/smania.store\/sk\/produkt\/rockyslide-5v1-hojdacka-a-smyklavka-pre-batolata\/"},"modified":"2026-04-14T09:39:49","modified_gmt":"2026-04-14T07:39:49","slug":"rockyslide-5v1-hojdacka-a-smyklavka-pre-batolata","status":"publish","type":"product","link":"https:\/\/smania.store\/sk\/produkt\/rockyslide-5v1-hojdacka-a-smyklavka-pre-batolata\/","title":{"rendered":"RockySlide\u2122 5v1 hojda\u010dka a \u0161myk\u013eavka pre bato\u013eat\u00e1"},"content":{"rendered":"<div class=\"smania_landing_description_title\">NOV\u00c9: Kone\u010dn\u00e9 Dobrodru\u017estvo na Vl\u00e1\u010diku<\/div>\n<div class=\"smania_landing_description_txt\">Jedna hra\u010dka. Nekone\u010dn\u00e9 dobrodru\u017estv\u00e1.<\/div>\n<div class=\"smania_landing_description_subtitle\">RockySlide\u2122 sp\u00e1ja p\u00e4\u0165 vzru\u0161uj\u00facich aktiv\u00edt v jednom pevn\u00fdm, die\u0165a\u0165u priate\u013eskom hracom sete\u2014snad, hojdaci prvok, lezeck\u00e1 stena, ko\u0161 na basketbal a hodenie prste\u0148ov. Navrhnut\u00e9 na nepretr\u017eit\u00fd pohyb a kreat\u00edvnu z\u00e1bavu, je to hra\u010dka, ktor\u00e1 udr\u017eiava deti akt\u00edvne, \u0161\u0165astn\u00e9 a bezpe\u010dne zabaven\u00e9.<\/div>\n<div class=\"smania_landing_description_list\">\n<ul>\n<li>P\u00e4\u0165 aktiv\u00edt v jednom: \u0161myk\u013eavka, hojda\u010dka, mini lezeck\u00e1 stena, basketbalov\u00fd k\u00f4\u0161 a hod kr\u00fa\u017ekov<\/li>\n<li>Siln\u00e1 a stabiln\u00e1 kon\u0161trukcia s bezpe\u010dnou, neprevr\u00e1tite\u013enou z\u00e1klad\u0148ou, ktor\u00e1 podporuje a\u017e 50 kg<\/li>\n<li>Jemn\u00fd pohyb hojdania s integrovan\u00fdm obmedzova\u010dom bezpe\u010dnosti, aby sa predi\u0161lo nadmern\u00e9mu hojdaniu<\/li>\n<li>\u0160myk\u013eavka zah\u0155\u0148a rukov\u00e4te, stabiln\u00fa \u0161tartovaciu z\u00f3nu, hladk\u00fa sekciu pre r\u00fdchlos\u0165 a m\u00e4kk\u00fa prist\u00e1vaciu plochu<\/li>\n<li>Perfektn\u00e9 na hru vo vn\u00fatri alebo vonku a \u013eahko sa pres\u00fava, ke\u010f je to potrebn\u00e9<\/li>\n<\/ul><\/div>\n","protected":false},"excerpt":{"rendered":"<p>5-v-1 multifunk\u010dn\u00e1 hra |Bezpe\u010dn\u00fd uhol hojdania |Stabiln\u00e9 a odoln\u00e9 vo\u010di prevr\u00e1teniu |Hladk\u00fd tobogan priate\u013esk\u00fd k batoliatam |Pou\u017eitie v interi\u00e9ri\/ exteri\u00e9ri|Farby: R\u00fa\u017eov\u00e1 alebo Zelen\u00e1 |Hmotnostn\u00fd limit: A\u017e 50 kg |S\u00fa\u010das\u0165ou balenia: Basketbalov\u00fd k\u00f4\u0161, nafukovacia lopta, 4 kr\u00fa\u017eky, odn\u00edmate\u013en\u00fd stoli\u010dka |Funkcie: \u0160myk\u013eavka, hojdacia lavica, lezec, hodenie kr\u00fa\u017ekov, mini basketbal |Odpor\u00fa\u010dan\u00fd vek: 3+ rokov<\/p>\n","protected":false},"featured_media":122992,"template":"","meta":[],"product_cat":[17],"product_tag":[1635],"acf":[],"_links":{"self":[{"href":"https:\/\/smania.store\/sk\/wp-json\/wp\/v2\/product\/123008"}],"collection":[{"href":"https:\/\/smania.store\/sk\/wp-json\/wp\/v2\/product"}],"about":[{"href":"https:\/\/smania.store\/sk\/wp-json\/wp\/v2\/types\/product"}],"wp:featuredmedia":[{"embeddable":true,"href":"https:\/\/smania.store\/sk\/wp-json\/wp\/v2\/media\/122992"}],"wp:attachment":[{"href":"https:\/\/smania.store\/sk\/wp-json\/wp\/v2\/media?parent=123008"}],"wp:term":[{"taxonomy":"product_cat","embeddable":true,"href":"https:\/\/smania.store\/sk\/wp-json\/wp\/v2\/product_cat?post=123008"},{"taxonomy":"product_tag","embeddable":true,"href":"https:\/\/smania.store\/sk\/wp-json\/wp\/v2\/product_tag?post=123008"}],"curies":[{"name":"wp","href":"https:\/\/api.w.org\/{rel}","templated":true}]}}