{"id":122890,"date":"2026-04-01T11:48:10","date_gmt":"2026-04-01T09:48:10","guid":{"rendered":"https:\/\/smania.store\/sk\/produkt\/beejar-dizajn-pohara-na-med-s-lyzickou\/"},"modified":"2026-04-01T11:48:10","modified_gmt":"2026-04-01T09:48:10","slug":"beejar-dizajn-pohara-na-med-s-lyzickou","status":"publish","type":"product","link":"https:\/\/smania.store\/sk\/produkt\/beejar-dizajn-pohara-na-med-s-lyzickou\/","title":{"rendered":"BeeJar\u2122 dizajn poh\u00e1ra na med s ly\u017ei\u010dkou"},"content":{"rendered":"<div class=\"smania_landing_description_title\">NOV\u00c9: Bezprobl\u00e9mov\u00e9 ulo\u017eenie top\u00e1nok pod poste\u013eou<\/div>\n<div class=\"smania_landing_description_txt\">Elegancia sa stret\u00e1va so sladkos\u0165ou<\/div>\n<div class=\"smania_landing_description_subtitle\"> Pozdvihnite svoj st\u00f4l s BeeJar\u2122, kr\u00e1sne prepracovan\u00fdm poh\u00e1rom na med, ktor\u00fd m\u00e1 vie\u010dko s mot\u00edvom v\u010dely v \u010diernej a zlatej farbe a zodpovedaj\u00facu ly\u017ei\u010dku. Ide\u00e1lny ako funk\u010dn\u00fd n\u00e1doba alebo dekorat\u00edvny stredobod, prin\u00e1\u0161a luxus a \u0161arm do ka\u017edej kuchyne, jed\u00e1lne alebo \u010dajov\u00e9ho prostredia.<\/div>\n<div class=\"smania_landing_description_list\">\n<ul>\n<li>Elegantn\u00fd dizajn v\u010dely \u2013 \u010cierna a zlat\u00e1 vie\u010dko v\u010dely dod\u00e1va okam\u017eit\u00fd luxus ka\u017edej tabu\u013eke <\/li>\n<li>Kvalitn\u00e9 materi\u00e1ly \u2013 Prieh\u013eadn\u00e1 sklenen\u00e1 jar spojen\u00e1 s leskl\u00fdmi kovov\u00fdmi akcentmi pre pr\u00e9miov\u00fd vzh\u013ead <\/li>\n<li>Funk\u010dn\u00e9 a \u0161t\u00fdlov\u00e9 \u2013 Ide\u00e1lne pre med, cukor alebo d\u017eemy, z\u00e1rove\u0148 sl\u00fa\u017ei ako dekor\u00e1cia <\/li>\n<li>S\u00fa\u010das\u0165ou je lad\u00edca ly\u017ei\u010dka \u2013 Koordinovan\u00e1 ly\u017ei\u010dka u\u013eah\u010duje serv\u00edrovanie a prid\u00e1va eleganciu <\/li>\n<li>Skvel\u00fd n\u00e1pad na dar\u010dek \u2013 Kr\u00e1sny kus pre milovn\u00edkov \u010daju, fan\u00fa\u0161ikov dom\u00e1cej dekor\u00e1cie alebo na \u0161peci\u00e1lne pr\u00edle\u017eitosti<\/li>\n<\/ul><\/div>\n","protected":false},"excerpt":{"rendered":"<p>Elegantn\u00fd \u010dierny a zlat\u00fd povrch |Odoln\u00e1 sklenen\u00e1 kon\u0161trukcia |Zah\u0155\u0148a zladen\u00fa ly\u017eicu |Ide\u00e1lne na pod\u00e1vanie alebo vystavovanie|Materi\u00e1l: Sklenen\u00e1 n\u00e1doba + le\u0161ten\u00e9 kovov\u00e9 vie\u010dko |T\u00e9ma: V\u010dela \/ luxusn\u00e1 zvieracia dekor\u00e1cia |Farba: \u010cierna a Zlat\u00e1 |S\u00fa\u010das\u0165ou: Zodpovedaj\u00faca ly\u017eica<\/p>\n","protected":false},"featured_media":122878,"template":"","meta":[],"product_cat":[16],"product_tag":[2515],"acf":[],"_links":{"self":[{"href":"https:\/\/smania.store\/sk\/wp-json\/wp\/v2\/product\/122890"}],"collection":[{"href":"https:\/\/smania.store\/sk\/wp-json\/wp\/v2\/product"}],"about":[{"href":"https:\/\/smania.store\/sk\/wp-json\/wp\/v2\/types\/product"}],"wp:featuredmedia":[{"embeddable":true,"href":"https:\/\/smania.store\/sk\/wp-json\/wp\/v2\/media\/122878"}],"wp:attachment":[{"href":"https:\/\/smania.store\/sk\/wp-json\/wp\/v2\/media?parent=122890"}],"wp:term":[{"taxonomy":"product_cat","embeddable":true,"href":"https:\/\/smania.store\/sk\/wp-json\/wp\/v2\/product_cat?post=122890"},{"taxonomy":"product_tag","embeddable":true,"href":"https:\/\/smania.store\/sk\/wp-json\/wp\/v2\/product_tag?post=122890"}],"curies":[{"name":"wp","href":"https:\/\/api.w.org\/{rel}","templated":true}]}}