{"id":122826,"date":"2026-03-30T06:45:40","date_gmt":"2026-03-30T04:45:40","guid":{"rendered":"https:\/\/smania.store\/sk\/produkt\/modulrack-dreveny-modularny-organizer-na-pracovnu-dosku\/"},"modified":"2026-04-13T09:42:23","modified_gmt":"2026-04-13T07:42:23","slug":"modulrack-dreveny-modularny-organizer-na-pracovnu-dosku","status":"publish","type":"product","link":"https:\/\/smania.store\/sk\/produkt\/modulrack-dreveny-modularny-organizer-na-pracovnu-dosku\/","title":{"rendered":"ModulRack\u2122 dreven\u00fd modul\u00e1rny organiz\u00e9r na pracovn\u00fa dosku"},"content":{"rendered":"<div class=\"smania_landing_description_title\">NOV\u00c9: Bezprobl\u00e9mov\u00e9 ulo\u017eenie obuvi pod poste\u013e<\/div>\n<div class=\"smania_landing_description_txt\">Zorganizujte svoj priestor so \u0161t\u00fdlom a flexibilitou!<\/div>\n<div class=\"smania_landing_description_subtitle\"> Transformujte svoj domov alebo kancel\u00e1riu s ModulRack\u2122, modul\u00e1rnym organiz\u00e9rom, ktor\u00fd pon\u00faka \u0161t\u00fdlov\u00e9 a flexibiln\u00e9 \u00falo\u017eisko. Jeho elegantn\u00fd dreven\u00fd povrch a nastavite\u013en\u00fd dizajn ho robia ide\u00e1lnym na udr\u017eanie v\u00e1\u0161ho priestoru bez neporiadku, zatia\u013e \u010do prid\u00e1va n\u00e1dych sofistikovanosti.<\/div>\n<div class=\"smania_landing_description_list\">\n<ul>\n<li>Nastavite\u013en\u00e9 a roz\u0161\u00edrite\u013en\u00e9 \u2013 Posu\u0148te dva kusy spolu alebo od seba, aby ste vytvorili dokonal\u00fa ve\u013ekos\u0165 <\/li>\n<li>Univerz\u00e1lne \u00falo\u017eisko \u2013 Ide\u00e1lne na knihy, kancel\u00e1rske potreby, dekor\u00e1cie alebo dokonca kuchynsk\u00e9 predmety ako koreniny <\/li>\n<li>Odoln\u00e9 a kompaktn\u00e9 \u2013 \u013dahk\u00e9, ale robustn\u00e9, toto organiz\u00e9r je navrhnut\u00e9 tak, aby vydr\u017ealo a \u0161etrilo miesto <\/li>\n<li>Elegantn\u00fd dizajn \u2013 Vysokokvalitn\u00e9 drevo dod\u00e1va \u0161t\u00fdlov\u00fd n\u00e1dych ka\u017ed\u00e9mu priestoru <\/li>\n<li>Jednoduch\u00e1 mont\u00e1\u017e \u2013 R\u00fdchla a jednoduch\u00e1 in\u0161tal\u00e1cia s dodan\u00fdmi dielmi a pokynmi<\/li>\n<\/ul><\/div>\n","protected":false},"excerpt":{"rendered":"<p>\u0160t\u00fdlov\u00fd dreven\u00fd povrch |Nastavite\u013en\u00fd pre flexibiln\u00e9 ulo\u017eenie |Ide\u00e1lny do kancel\u00e1rie, kuchyne alebo dom\u00e1cnosti |Jednoduch\u00e1 mont\u00e1\u017e s dodan\u00fdmi dielmi|Ve\u013ekos\u0165: 40 cm x 40 cm x 16,7 cm |Materi\u00e1l: Vysoko kvalitn\u00e9 drevo |Mo\u017enosti povrchovej \u00fapravy: Drevo alebo biela |\u00dadr\u017eba: Utierajte suchou handrou<\/p>\n","protected":false},"featured_media":122860,"template":"","meta":[],"product_cat":[16],"product_tag":[2515],"acf":[],"_links":{"self":[{"href":"https:\/\/smania.store\/sk\/wp-json\/wp\/v2\/product\/122826"}],"collection":[{"href":"https:\/\/smania.store\/sk\/wp-json\/wp\/v2\/product"}],"about":[{"href":"https:\/\/smania.store\/sk\/wp-json\/wp\/v2\/types\/product"}],"wp:featuredmedia":[{"embeddable":true,"href":"https:\/\/smania.store\/sk\/wp-json\/wp\/v2\/media\/122860"}],"wp:attachment":[{"href":"https:\/\/smania.store\/sk\/wp-json\/wp\/v2\/media?parent=122826"}],"wp:term":[{"taxonomy":"product_cat","embeddable":true,"href":"https:\/\/smania.store\/sk\/wp-json\/wp\/v2\/product_cat?post=122826"},{"taxonomy":"product_tag","embeddable":true,"href":"https:\/\/smania.store\/sk\/wp-json\/wp\/v2\/product_tag?post=122826"}],"curies":[{"name":"wp","href":"https:\/\/api.w.org\/{rel}","templated":true}]}}