{"id":122705,"date":"2026-03-20T10:34:54","date_gmt":"2026-03-20T09:34:54","guid":{"rendered":"https:\/\/smania.store\/sk\/produkt\/easycart-viacurovnovy-vozikovy-stojan\/"},"modified":"2026-04-05T11:32:24","modified_gmt":"2026-04-05T09:32:24","slug":"easycart-viacurovnovy-vozikovy-stojan","status":"publish","type":"product","link":"https:\/\/smania.store\/sk\/produkt\/easycart-viacurovnovy-vozikovy-stojan\/","title":{"rendered":"EasyCart\u2122 viac\u00farov\u0148ov\u00fd voz\u00edkov\u00fd stojan"},"content":{"rendered":"<div class=\"smania_landing_description_title\">NOV\u00c9, Ultim\u00e1tne pohodlie pre v\u00e1\u0161ho dom\u00e1ceho mil\u00e1\u010dika<\/div>\n<div class=\"smania_landing_description_txt\">Inteligentn\u00e9 \u00falo\u017eisko, ktor\u00e9 ide s vami!<\/div>\n<div class=\"smania_landing_description_subtitle\">Udr\u017eujte ka\u017ed\u00fa miestnos\u0165 organizovan\u00fa s EasyCart\u2122, viac\u00farov\u0148ov\u00fdm voz\u00edkom navrhnut\u00fdm pre bezprobl\u00e9mov\u00fa mobilitu a efekt\u00edvne skladovanie. S hladk\u00fdmi kolieskami, robustnou kon\u0161trukciou z uhl\u00edkovej ocele a elegantn\u00fdm \u010diernym orechov\u00fdm povrchom, premie\u0148a preplnen\u00e9 priestory na upraven\u00e9 a pr\u00edstupn\u00e9 z\u00f3ny.<\/div>\n<div class=\"smania_landing_description_list\">\n<ul>\n<li>Siln\u00e1 a odoln\u00e1 kon\u0161trukcia \u2013 Ochrann\u00fd r\u00e1m z uhl\u00edkovej ocele s ekologicky \u0161etrn\u00fdm n\u00e1terom pre dlhodob\u00fa pevnos\u0165 <\/li>\n<li>Hladk\u00e1 360\u00b0 mobilita \u2013 Tich\u00e9 kolieska a hladk\u00e9 kladky v\u00e1m umo\u017enia pres\u00fava\u0165 predmety potichu a jednoducho <\/li>\n<li>Viac\u00farov\u0148ov\u00e9 \u00falo\u017eisko \u2013 Vertik\u00e1lna a horizont\u00e1lna organiz\u00e1cia maximalizuje aj tie najmen\u0161ie priestory <\/li>\n<li>Ve\u013ek\u00e1 kapacita a jednoduch\u00fd pr\u00edstup \u2013 Jednoduch\u00e9 nalo\u017eenie, jednoduch\u00fd pr\u00edstup \u2014 ide\u00e1lne pre ka\u017edodenn\u00e9 predmety <\/li>\n<li>Univerz\u00e1lne pre ak\u00fako\u013evek miestnos\u0165 \u2013 Ide\u00e1lne do kuchyne, predsiene, k\u00fape\u013ene, pr\u00e1\u010dovne, kancel\u00e1rie alebo ob\u00fdvacej izby<\/li>\n<\/ul><\/div>\n","protected":false},"excerpt":{"rendered":"<p>Hladk\u00e9, tich\u00e9 koles\u00e1 |Viacvrstvov\u00e1 ve\u013ekokapacitn\u00e1 kon\u0161trukcia |Dizajn \u0161etrn\u00fd k priestoru |Pou\u017eitie: Kuchy\u0148a, predsie\u0148, ob\u00fdvacia izba, k\u00fape\u013e\u0148a, kancel\u00e1ria|Farba: \u010cierny orech |Polica: Vysokokvalitn\u00e1 dreven\u00e1 doska |R\u00e1m: Zosilnen\u00e1 oce\u013eov\u00e1 kon\u0161trukcia pre stabilitu |Mobilita: Tich\u00e1 koles\u00e1 s ot\u00e1\u010dan\u00edm o 360\u00b0<\/p>\n","protected":false},"featured_media":122693,"template":"","meta":[],"product_cat":[16,223],"product_tag":[],"acf":[],"_links":{"self":[{"href":"https:\/\/smania.store\/sk\/wp-json\/wp\/v2\/product\/122705"}],"collection":[{"href":"https:\/\/smania.store\/sk\/wp-json\/wp\/v2\/product"}],"about":[{"href":"https:\/\/smania.store\/sk\/wp-json\/wp\/v2\/types\/product"}],"wp:featuredmedia":[{"embeddable":true,"href":"https:\/\/smania.store\/sk\/wp-json\/wp\/v2\/media\/122693"}],"wp:attachment":[{"href":"https:\/\/smania.store\/sk\/wp-json\/wp\/v2\/media?parent=122705"}],"wp:term":[{"taxonomy":"product_cat","embeddable":true,"href":"https:\/\/smania.store\/sk\/wp-json\/wp\/v2\/product_cat?post=122705"},{"taxonomy":"product_tag","embeddable":true,"href":"https:\/\/smania.store\/sk\/wp-json\/wp\/v2\/product_tag?post=122705"}],"curies":[{"name":"wp","href":"https:\/\/api.w.org\/{rel}","templated":true}]}}