{"id":122687,"date":"2026-03-20T09:59:30","date_gmt":"2026-03-20T08:59:30","guid":{"rendered":"https:\/\/smania.store\/sk\/produkt\/kitchentower-trojvrstvovy-stojan-na-mikrovlnnu-ruru\/"},"modified":"2026-04-14T13:58:46","modified_gmt":"2026-04-14T11:58:46","slug":"kitchentower-trojvrstvovy-stojan-na-mikrovlnnu-ruru","status":"publish","type":"product","link":"https:\/\/smania.store\/sk\/produkt\/kitchentower-trojvrstvovy-stojan-na-mikrovlnnu-ruru\/","title":{"rendered":"KitchenTower\u2122 trojvrstvov\u00fd stojan na mikrovlnn\u00fa r\u00faru"},"content":{"rendered":"<div class=\"smania_landing_description_title\">NOV\u00c9, usporiadajte to \u0161t\u00fdlovo!<\/div>\n<div class=\"smania_landing_description_txt\">Urobte svoju kuchy\u0148u funk\u010dnej\u0161ou a z\u00edskajte trikr\u00e1t viac priestoru!<\/div>\n<div class=\"smania_landing_description_subtitle\">Tento univerz\u00e1lny \u00falo\u017en\u00fd ve\u017ea vyrie\u0161i probl\u00e9my s priestorom, pri\u010dom si zachov\u00e1va eleganciu!<\/div>\n<div class=\"smania_landing_description_list\">\n<ul>\n<li>Priestrann\u00e9 \u00falo\u017en\u00e9 rie\u0161enie: tri \u00farovne <\/li>\n<li>Odoln\u00e9 materi\u00e1ly, kvalitn\u00fd MDF <\/li>\n<li>Modern\u00fd dizajn pre ka\u017ed\u00fd \u0161t\u00fdl <\/li>\n<li>Univers\u00e1lne vyu\u017eitie pre v\u0161etky potreby <\/li>\n<li>Jednoduch\u00e1 a r\u00fdchla mont\u00e1\u017e a \u010distenie <\/li>\n<li>Kompaktn\u00e9 rozmery \u0161etriace miesto<\/li>\n<\/ul><\/div>\n","protected":false},"excerpt":{"rendered":"<p>Pasuje do ka\u017edej izby |Podporuje mikrovlnn\u00e9 r\u00fary a koreniny |Inteligentn\u00e1 organiz\u00e1cia kuchyne |Kompatibiln\u00fd so v\u0161etk\u00fdmi \u0161t\u00fdlmi n\u00e1bytku|Farba: tmavohned\u00e1\/svetlohned\u00e1 |Rozmery: 68 cm x 37 cm x 54 cm |Odoln\u00fd proti \u0161krabancom |Hmotnos\u0165 polo\u017eky: 0,5 kg<\/p>\n","protected":false},"featured_media":122676,"template":"","meta":[],"product_cat":[16,223],"product_tag":[1481],"acf":[],"_links":{"self":[{"href":"https:\/\/smania.store\/sk\/wp-json\/wp\/v2\/product\/122687"}],"collection":[{"href":"https:\/\/smania.store\/sk\/wp-json\/wp\/v2\/product"}],"about":[{"href":"https:\/\/smania.store\/sk\/wp-json\/wp\/v2\/types\/product"}],"wp:featuredmedia":[{"embeddable":true,"href":"https:\/\/smania.store\/sk\/wp-json\/wp\/v2\/media\/122676"}],"wp:attachment":[{"href":"https:\/\/smania.store\/sk\/wp-json\/wp\/v2\/media?parent=122687"}],"wp:term":[{"taxonomy":"product_cat","embeddable":true,"href":"https:\/\/smania.store\/sk\/wp-json\/wp\/v2\/product_cat?post=122687"},{"taxonomy":"product_tag","embeddable":true,"href":"https:\/\/smania.store\/sk\/wp-json\/wp\/v2\/product_tag?post=122687"}],"curies":[{"name":"wp","href":"https:\/\/api.w.org\/{rel}","templated":true}]}}