{"id":122598,"date":"2026-03-16T05:19:22","date_gmt":"2026-03-16T04:19:22","guid":{"rendered":"https:\/\/smania.store\/sk\/produkt\/dinopop-3d-encyklopedia-dinosaurov-s-3d-pop-up-efektem\/"},"modified":"2026-04-10T08:50:59","modified_gmt":"2026-04-10T06:50:59","slug":"dinopop-3d-encyklopedia-dinosaurov-s-3d-pop-up-efektem","status":"publish","type":"product","link":"https:\/\/smania.store\/sk\/produkt\/dinopop-3d-encyklopedia-dinosaurov-s-3d-pop-up-efektem\/","title":{"rendered":"DinoPop\u2122 3D encyklop\u00e9dia dinosaurov s 3D pop-up efektem"},"content":{"rendered":"<div class=\"smania_landing_description_title\">NOV\u00c9, Jednoduch\u00e9 \u010distenie pre ka\u017ed\u00fd povrch<\/div>\n<div class=\"smania_landing_description_txt\">Kniha, ktor\u00e1 vracia dinosaury sp\u00e4\u0165<\/div>\n<div class=\"smania_landing_description_subtitle\">DinoPop\u2122 o\u017eivuje svet dinosaurov s obrovsk\u00fdmi 3D pop-upmi, ktor\u00e9 sk\u00e1\u010du z knihy v ohromuj\u00facom detaile. Naplnen\u00e9 fascinuj\u00facimi faktami, humorom a spektakul\u00e1rnym papierov\u00fdm in\u017einierstvom, sp\u00f4sobuje, \u017ee u\u010denie sa st\u00e1va nezabudnute\u013en\u00fdm dobrodru\u017estvom.<\/div>\n<div class=\"smania_landing_description_list\">\n<ul>\n<li>Mass\u00edvne 3D pop-up obr\u00e1zky, ktor\u00e9 sa rozvin\u00fa do \u017eiv\u00fdch dinosaurov na ka\u017edej hlavnej dvojstrane <\/li>\n<li>Zah\u0155\u0148a T. rexa, raptorov, gigantov s dlh\u00fdm krkom, obrnen\u00e9 dinos a mnoh\u00e9 menej zn\u00e1me druhy <\/li>\n<li>Mal\u00e9 pop-up bro\u017e\u00fary odha\u013euj\u00fa extra fakty, pr\u00edbehy a prekvapuj\u00face prehistorick\u00e9 detaily <\/li>\n<li>Kombin\u00e1cia vzdel\u00e1vacieho obsahu a hrav\u00e9ho humoru udr\u017euje deti aj dospel\u00fdch rovnako zaujat\u00fdch <\/li>\n<li>Vyroben\u00e9 z kvalitn\u00e9ho papierov\u00e9ho in\u017einierstva navrhnut\u00e9ho tak, aby ohromilo, u\u010dilo a vydr\u017ealo mnoho rokov<\/li>\n<\/ul><\/div>\n","protected":false},"excerpt":{"rendered":"<p>Obrovsk\u00e9 3D v\u00fdrazy |Vzdel\u00e1vacie a z\u00e1bavn\u00e9 |\u017div\u00e9 ilustr\u00e1cie |Mnoho druhov zahrnut\u00fdch |Perfektn\u00fd dar\u010dek pre fan\u00fa\u0161ikov dinosaurov|Form\u00e1t: 3D v\u00fdklopn\u00e1 encyklop\u00e9dia |Strany: 6 ve\u013ek\u00fdch str\u00e1n s viacer\u00fdmi mini v\u00fdklopkami |Obsah: Fakty, prehistorick\u00e1 hist\u00f3ria, pr\u00edbehy z paleontol\u00f3gie |Vekov\u00e1 skupina: 4+ (skvel\u00e9 aj pre zberate\u013eov a dospel\u00fdch) |Ve\u013ekos\u0165: 25 x 20 x 2,5 cm<\/p>\n","protected":false},"featured_media":122585,"template":"","meta":[],"product_cat":[17],"product_tag":[1638],"acf":[],"_links":{"self":[{"href":"https:\/\/smania.store\/sk\/wp-json\/wp\/v2\/product\/122598"}],"collection":[{"href":"https:\/\/smania.store\/sk\/wp-json\/wp\/v2\/product"}],"about":[{"href":"https:\/\/smania.store\/sk\/wp-json\/wp\/v2\/types\/product"}],"wp:featuredmedia":[{"embeddable":true,"href":"https:\/\/smania.store\/sk\/wp-json\/wp\/v2\/media\/122585"}],"wp:attachment":[{"href":"https:\/\/smania.store\/sk\/wp-json\/wp\/v2\/media?parent=122598"}],"wp:term":[{"taxonomy":"product_cat","embeddable":true,"href":"https:\/\/smania.store\/sk\/wp-json\/wp\/v2\/product_cat?post=122598"},{"taxonomy":"product_tag","embeddable":true,"href":"https:\/\/smania.store\/sk\/wp-json\/wp\/v2\/product_tag?post=122598"}],"curies":[{"name":"wp","href":"https:\/\/api.w.org\/{rel}","templated":true}]}}