{"id":122396,"date":"2026-02-27T10:10:18","date_gmt":"2026-02-27T09:10:18","guid":{"rendered":"https:\/\/smania.store\/sk\/produkt\/peelpro-automaticky-skrabka-na-zeleninu-a-ovocie\/"},"modified":"2026-03-09T19:14:55","modified_gmt":"2026-03-09T18:14:55","slug":"peelpro-automaticky-skrabka-na-zeleninu-a-ovocie","status":"publish","type":"product","link":"https:\/\/smania.store\/sk\/produkt\/peelpro-automaticky-skrabka-na-zeleninu-a-ovocie\/","title":{"rendered":"PeelPro\u2122 automatick\u00fd \u0161krabka na zeleninu a ovocie"},"content":{"rendered":"<div class=\"smania_landing_description_title\"> NOV\u00c9: R\u00fdchle l\u00fapanie za sekundy <\/div>\n<div class=\"smania_landing_description_txt\"> Inteligentnej\u0161ie l\u00fapanie za\u010d\u00edna tu! <\/div>\n<div class=\"smania_landing_description_subtitle\"> Rozl\u00fa\u010dte sa s nepr\u00edjemn\u00fdm l\u00fapan\u00edm a priv\u00edtajte \u010dist\u00fa rados\u0165 z varenia! PeelPro loupe ovocie a cesnak za p\u00e1r sek\u00fand \u2014 r\u00fdchlo, presne a bez odpadu. Za\u017eite bud\u00facnos\u0165 r\u00fdchlej\u0161ieho a \u010distej\u0161ieho varenia e\u0161te dnes! <\/div>\n<div class=\"smania_landing_description_list\">\n<ul>\n<li>L\u00fape dokonale za sekundy \u2014 \u017eiadna du\u017eina nezostane, \u017eiadny odpad <\/li>\n<li>Vysokor\u00fdchlostn\u00e1 presnos\u0165 pre hladk\u00e9 a \u010dist\u00e9 v\u00fdsledky v\u017edy <\/li>\n<li>Kompaktn\u00fd a nab\u00edjate\u013en\u00fd \u2014 zmest\u00ed sa kdeko\u013evek a je pripraven\u00fd \u00eds\u0165 tam, kde ho potrebujete <\/li>\n<li>U\u013eah\u010duje l\u00fapanie doma alebo vonku <\/li>\n<li>R\u00fdchlo sa \u010dist\u00ed s plne odn\u00edmate\u013en\u00fdmi \u010das\u0165ami <\/li>\n<li>Udr\u017eiava va\u0161u kuchy\u0148u upratan\u00fa, svie\u017eu a hygienick\u00fa <\/li>\n<li>Bezpe\u010dn\u00e9, jednoduch\u00e9 a z\u00e1bavn\u00e9 pre ka\u017ed\u00e9ho, kto ho pou\u017e\u00edva<\/li>\n<\/ul><\/div>\n","protected":false},"excerpt":{"rendered":"<p>L\u00fapanie za iba 20 sek\u00fand |A\u017e 2+ hodiny bezdr\u00f4tov\u00e9ho pou\u017e\u00edvania |Automatick\u00e1 kontrola s jedn\u00fdm dotykom |\u013dahk\u00fd design 0,8 kg pre jednoduch\u00fa manipul\u00e1ciu |Odoln\u00e9 nerezov\u00e9 no\u017ee pre dlhodob\u00fd v\u00fdkon|Materi\u00e1l: Polypropyl\u00e9n (PP) |Ve\u013ekos\u0165: 20 \u00d7 22 cm |Kapacita bat\u00e9rie: 1300mAh (nab\u00edjate\u013en\u00e1) |Sp\u00f4sob nab\u00edjania: USB (nab\u00edjac\u00ed k\u00e1bel s\u00fa\u010das\u0165ou balenia) |\u00dadr\u017eba: \u010casti vhodn\u00e9 do um\u00fdva\u010dky riadu<\/p>\n","protected":false},"featured_media":122383,"template":"","meta":[],"product_cat":[223],"product_tag":[1805],"acf":[],"_links":{"self":[{"href":"https:\/\/smania.store\/sk\/wp-json\/wp\/v2\/product\/122396"}],"collection":[{"href":"https:\/\/smania.store\/sk\/wp-json\/wp\/v2\/product"}],"about":[{"href":"https:\/\/smania.store\/sk\/wp-json\/wp\/v2\/types\/product"}],"wp:featuredmedia":[{"embeddable":true,"href":"https:\/\/smania.store\/sk\/wp-json\/wp\/v2\/media\/122383"}],"wp:attachment":[{"href":"https:\/\/smania.store\/sk\/wp-json\/wp\/v2\/media?parent=122396"}],"wp:term":[{"taxonomy":"product_cat","embeddable":true,"href":"https:\/\/smania.store\/sk\/wp-json\/wp\/v2\/product_cat?post=122396"},{"taxonomy":"product_tag","embeddable":true,"href":"https:\/\/smania.store\/sk\/wp-json\/wp\/v2\/product_tag?post=122396"}],"curies":[{"name":"wp","href":"https:\/\/api.w.org\/{rel}","templated":true}]}}