{"id":122335,"date":"2026-02-26T11:37:31","date_gmt":"2026-02-26T10:37:31","guid":{"rendered":"https:\/\/smania.store\/sk\/produkt\/simstation-suprava-edukacnych-hraciek-na-simulaciu-jazdy\/"},"modified":"2026-02-26T11:37:31","modified_gmt":"2026-02-26T10:37:31","slug":"simstation-suprava-edukacnych-hraciek-na-simulaciu-jazdy","status":"publish","type":"product","link":"https:\/\/smania.store\/sk\/produkt\/simstation-suprava-edukacnych-hraciek-na-simulaciu-jazdy\/","title":{"rendered":"SimStation\u2122 s\u00faprava eduka\u010dn\u00fdch hra\u010diek na simul\u00e1ciu jazdy"},"content":{"rendered":"<div class=\"smania_landing_description_title\">NOV\u00c9: Ultim\u00e1tne z\u00e1\u017eitky z jazdy<\/div>\n<div class=\"smania_landing_description_txt\">Mal\u00e9 r\u00fa\u010dky, ve\u013ek\u00e9 dobrodru\u017estv\u00e1 \u2014 po\u010fme na jazdu! Vroom, vroom!<\/div>\n<div class=\"smania_landing_description_subtitle\">Nasuknite predstavivos\u0165 svojho die\u0165a\u0165a do vysok\u00fdch obr\u00e1tok! T\u00e1to interakt\u00edvna riadiaca stanica sp\u00e1ja svetl\u00e1, zvuky a skuto\u010dn\u00fa z\u00e1bavu s riaden\u00edm \u2013 premen\u00ed \u010das na hranie na dobrodru\u017estvo. Perfektn\u00fd dar\u010dek, ktor\u00fd podnecuje u\u010denie, kreativitu a nekone\u010dn\u00e9 \u00fasmevy!<\/div>\n<div class=\"smania_landing_description_list\">\n<ul>\n<li>Realistick\u00e9 svetl\u00e1, zvuky a pohyb pre vzru\u0161uj\u00faci hern\u00fd z\u00e1\u017eitok <\/li>\n<li>Podporuje predstavivos\u0165, koordin\u00e1ciu a kreat\u00edvnu hru na rol\u00e1ch <\/li>\n<li>Obsahuje volant s simul\u00e1ciou jazdy, plynov\u00fd ped\u00e1l a brzdu <\/li>\n<li>Bezpe\u010dn\u00e9, stabiln\u00e9 a dokonale prisp\u00f4soben\u00e9 pre mal\u00fdch vodi\u010dov <\/li>\n<li>Ide\u00e1lny dar\u010dek pre zvedav\u00e9 a dobrodru\u017en\u00e9 deti, ktor\u00e9 miluj\u00fa objavova\u0165<\/li>\n<\/ul><\/div>\n","protected":false},"excerpt":{"rendered":"<p>Vhodn\u00e9 pre deti od 36 mesiacov a viac |Vstavan\u00e1 hudba s nastavite\u013enou hlasitos\u0165ou |Jemn\u00e9 LED svetl\u00e1 \u0161etrn\u00e9 k detsk\u00fdm o\u010diam |Odn\u00edmate\u013en\u00fd k\u00e1blov\u00fd reproduktor pre interakt\u00edvnu hru |Cyklov\u00e1 rota\u010dn\u00e1 cestn\u00e1 sc\u00e9na pre realistick\u00fd z\u00e1\u017eitok z jazdy |Volant sa ot\u00e1\u010da o 90\u00b0 v\u013eavo a vpravo pre realistick\u00e9 ovl\u00e1danie|Materi\u00e1l: ABS, PP, PE (certifikovan\u00e9 pod\u013ea ASTM) |Rozmery (hra\u010dka): 47 \u00d7 47 \u00d7 55 cm |Rozmery (stoli\u010dka): 23 \u00d7 23 \u00d7 20 cm |Hmotnos\u0165: 3 kg |Nosnos\u0165 stoli\u010dky: 50 kg |Typ bat\u00e9rie: 6 \u00d7 1,5V AA bat\u00e9rie (nie s\u00fa s\u00fa\u010das\u0165ou balenia)<\/p>\n","protected":false},"featured_media":122322,"template":"","meta":[],"product_cat":[17],"product_tag":[1635,1513],"acf":[],"_links":{"self":[{"href":"https:\/\/smania.store\/sk\/wp-json\/wp\/v2\/product\/122335"}],"collection":[{"href":"https:\/\/smania.store\/sk\/wp-json\/wp\/v2\/product"}],"about":[{"href":"https:\/\/smania.store\/sk\/wp-json\/wp\/v2\/types\/product"}],"wp:featuredmedia":[{"embeddable":true,"href":"https:\/\/smania.store\/sk\/wp-json\/wp\/v2\/media\/122322"}],"wp:attachment":[{"href":"https:\/\/smania.store\/sk\/wp-json\/wp\/v2\/media?parent=122335"}],"wp:term":[{"taxonomy":"product_cat","embeddable":true,"href":"https:\/\/smania.store\/sk\/wp-json\/wp\/v2\/product_cat?post=122335"},{"taxonomy":"product_tag","embeddable":true,"href":"https:\/\/smania.store\/sk\/wp-json\/wp\/v2\/product_tag?post=122335"}],"curies":[{"name":"wp","href":"https:\/\/api.w.org\/{rel}","templated":true}]}}