{"id":122288,"date":"2026-02-23T13:49:42","date_gmt":"2026-02-23T12:49:42","guid":{"rendered":"https:\/\/smania.store\/sk\/produkt\/woodytile-prepojovacie-drevene-terasove-dlazdice-12-ks-30x30cm-108-m%c2%b2\/"},"modified":"2026-04-17T17:22:02","modified_gmt":"2026-04-17T15:22:02","slug":"woodytile-prepojovacie-drevene-terasove-dlazdice-12-ks-30x30cm-108-m%c2%b2","status":"publish","type":"product","link":"https:\/\/smania.store\/sk\/produkt\/woodytile-prepojovacie-drevene-terasove-dlazdice-12-ks-30x30cm-108-m%c2%b2\/","title":{"rendered":"WoodyTile\u2122 Prepojovacie dreven\u00e9 terasov\u00e9 dla\u017edice &#8211; 12 ks (30x30cm) = 1,08 m\u00b2"},"content":{"rendered":"<div class=\"smania_landing_description_title\">NOVINKA: Okam\u017eite vylep\u0161ite svoj priestor<\/div>\n<div class=\"smania_landing_description_txt\">Vytvorte si svoju o\u00e1zu jednoduch\u00fdm kliknut\u00edm<\/div>\n<div class=\"smania_landing_description_subtitle\">Objavte umenie elegancie bez n\u00e1mahy s WoodyTile\u2122. Tento \u00fa\u017easn\u00fd dreven\u00fd v\u00fdtvor je vstupenkou na premenu ak\u00e9hoko\u013evek priestoru na \u00fachvatn\u00e9 umeleck\u00e9 dielo.<\/div>\n<div class=\"smania_landing_description_list\">\n<ul>\n<li>Jednoduch\u00e1 in\u0161tal\u00e1cia: In\u0161taluje sa jednoduch\u00fdm kliknut\u00edm<\/li>\n<li>Sofistikovan\u00fd materi\u00e1l: Pr\u00e9miov\u00e9 drevo pre nad\u010dasov\u00fa kr\u00e1su<\/li>\n<li>V\u0161estrann\u00e9 pou\u017eitie: Vhodn\u00e9 na terasu, verandu, dvor, &#8230;<\/li>\n<li>Zv\u00e4\u010d\u0161enie priestoru: Okam\u017eite o\u017eiv\u00ed ka\u017ed\u00fa miestnos\u0165<\/li>\n<li>Ekologick\u00e1 vo\u013eba: materi\u00e1l z trvalo udr\u017eate\u013en\u00fdch zdrojov<\/li>\n<li>Prec\u00edzne spracovanie: Bezchybn\u00e1 povrchov\u00e1 \u00faprava a odolnos\u0165<\/li>\n<\/ul><\/div>\n","protected":false},"excerpt":{"rendered":"<p>Okam\u017eit\u00e1 premena podlahy|Zjednodu\u0161uje proces renov\u00e1cie domu|Nen\u00e1ro\u010dn\u00e1 \u00fadr\u017eba s vysok\u00fdm \u00fa\u010dinkom|Bez n\u00e1mahy dod\u00e1va luxusn\u00fd vzh\u013ead|Ide\u00e1lne pre dom\u00e1cich majstrov|Mo\u017enosti farieb: Hned\u00e1, svetlohned\u00e1, tmavohned\u00e1|Rozmery: 30 x 30 x 2,5 cm|Balenie obsahuje: 12x dla\u017edice na terasu|Materi\u00e1ly: Jed\u013eov\u00e9 drevo, polypropyl\u00e9nov\u00e1 z\u00e1klad\u0148a|Pokrytie: 1,08 m\u00b2<\/p>\n","protected":false},"featured_media":122276,"template":"","meta":[],"product_cat":[16],"product_tag":[1482],"acf":[],"_links":{"self":[{"href":"https:\/\/smania.store\/sk\/wp-json\/wp\/v2\/product\/122288"}],"collection":[{"href":"https:\/\/smania.store\/sk\/wp-json\/wp\/v2\/product"}],"about":[{"href":"https:\/\/smania.store\/sk\/wp-json\/wp\/v2\/types\/product"}],"wp:featuredmedia":[{"embeddable":true,"href":"https:\/\/smania.store\/sk\/wp-json\/wp\/v2\/media\/122276"}],"wp:attachment":[{"href":"https:\/\/smania.store\/sk\/wp-json\/wp\/v2\/media?parent=122288"}],"wp:term":[{"taxonomy":"product_cat","embeddable":true,"href":"https:\/\/smania.store\/sk\/wp-json\/wp\/v2\/product_cat?post=122288"},{"taxonomy":"product_tag","embeddable":true,"href":"https:\/\/smania.store\/sk\/wp-json\/wp\/v2\/product_tag?post=122288"}],"curies":[{"name":"wp","href":"https:\/\/api.w.org\/{rel}","templated":true}]}}