{"id":122227,"date":"2026-02-19T11:04:14","date_gmt":"2026-02-19T10:04:14","guid":{"rendered":"https:\/\/smania.store\/sk\/produkt\/woodydraw-organizator-na-pracovnu-dosku-s-vysuvnym-suflikom\/"},"modified":"2026-04-16T13:49:15","modified_gmt":"2026-04-16T11:49:15","slug":"woodydraw-organizator-na-pracovnu-dosku-s-vysuvnym-suflikom","status":"publish","type":"product","link":"https:\/\/smania.store\/sk\/produkt\/woodydraw-organizator-na-pracovnu-dosku-s-vysuvnym-suflikom\/","title":{"rendered":"WoodyDraw\u2122 organiz\u00e1tor na pracovn\u00fa dosku s v\u00fdsuvn\u00fdm \u0161ufl\u00edkom"},"content":{"rendered":"<div class=\"smania_landing_description_title\">NOV\u00c9, v\u00e1\u0161 organiz\u00e1tor rohovej poli\u010dky<\/div>\n<div class=\"smania_landing_description_txt\">Inteligentn\u00e9 \u00falo\u017eisko, ktor\u00e9 prin\u00e1\u0161a pokoj na va\u0161u pracovn\u00fa dosku.<\/div>\n<div class=\"smania_landing_description_subtitle\">Prineste bez n\u00e1mahy organiz\u00e1ciu a prirodzen\u00fa eleganciu do v\u00e1\u0161ho domova s t\u00fdmto \u0161t\u00fdlov\u00fdm organiz\u00e9rom na pracovnej doske. Vyroben\u00fd z pevn\u00fdch materi\u00e1lov, pon\u00faka kr\u00e1su a odolnos\u0165 a z\u00e1rove\u0148 udr\u017eiava va\u0161e nevyhnutnosti na spr\u00e1vnom mieste. Priestrann\u00e1 z\u00e1suvka poskytuje pohodln\u00fd pr\u00edstup a extra miesto pre va\u0161e ka\u017edodenn\u00e9 veci, \u010d\u00edm rob\u00ed v\u00e1\u0161 priestor \u010distej\u0161\u00edm, pokojnej\u0161\u00edm a dokonale usporiadan\u00fdm.<\/div>\n<div class=\"smania_landing_description_list\">\n<ul>\n<li>Udr\u017euje mal\u00e9 potrebn\u00e9 veci upratan\u00e9 a v\u017edy na dosah<\/li>\n<li>Vyroben\u00e9 z pevn\u00fdch materi\u00e1lov pre trval\u00fa stabilitu a silu<\/li>\n<li>Kombinuje prirodzen\u00e9 teplo a modern\u00fd minimalizmus, aby zv\u00fdraznila dekor\u00e1ciu ka\u017edej miestnosti<\/li>\n<li>Maximalizuje v\u00e1\u0161 priestor na kuchynskej linke, pri\u010dom udr\u017euje v\u00e1\u0161 domov upratan\u00fd a elegantn\u00fd<\/li>\n<li>Perfektn\u00e9 na uskladnenie ka\u017edodenn\u00fdch predmetov v kuchyni, k\u00fape\u013eni, kancel\u00e1rii alebo chodbe<\/li>\n<\/ul><\/div>\n","protected":false},"excerpt":{"rendered":"<p>Z\u00e1suvka: Vytiahnu\u0165|Mont\u00e1\u017e: Vo\u013ene stojaca a \u013eahko pren\u00e1\u0161ate\u013en\u00e1|\u0160trukt\u00fara: Stabiln\u00e1 kon\u0161trukcia|Ve\u013ekos\u0165: 37 \u00d7 26 \u00d7 20 cm (v\u00fd\u0161ka z\u00e1suvky: 9 cm) |Materi\u00e1l: Drevo, Kov |Farba: Svetlohned\u00e1, \u010cierna<\/p>\n","protected":false},"featured_media":122217,"template":"","meta":[],"product_cat":[16,223],"product_tag":[1800],"acf":[],"_links":{"self":[{"href":"https:\/\/smania.store\/sk\/wp-json\/wp\/v2\/product\/122227"}],"collection":[{"href":"https:\/\/smania.store\/sk\/wp-json\/wp\/v2\/product"}],"about":[{"href":"https:\/\/smania.store\/sk\/wp-json\/wp\/v2\/types\/product"}],"wp:featuredmedia":[{"embeddable":true,"href":"https:\/\/smania.store\/sk\/wp-json\/wp\/v2\/media\/122217"}],"wp:attachment":[{"href":"https:\/\/smania.store\/sk\/wp-json\/wp\/v2\/media?parent=122227"}],"wp:term":[{"taxonomy":"product_cat","embeddable":true,"href":"https:\/\/smania.store\/sk\/wp-json\/wp\/v2\/product_cat?post=122227"},{"taxonomy":"product_tag","embeddable":true,"href":"https:\/\/smania.store\/sk\/wp-json\/wp\/v2\/product_tag?post=122227"}],"curies":[{"name":"wp","href":"https:\/\/api.w.org\/{rel}","templated":true}]}}