{"id":122154,"date":"2026-02-13T07:21:44","date_gmt":"2026-02-13T06:21:44","guid":{"rendered":"https:\/\/smania.store\/sk\/produkt\/chopzone-sada-viacucelovych-bambusovych-krajacich-dosiek\/"},"modified":"2026-04-12T01:41:05","modified_gmt":"2026-04-11T23:41:05","slug":"chopzone-sada-viacucelovych-bambusovych-krajacich-dosiek","status":"publish","type":"product","link":"https:\/\/smania.store\/sk\/produkt\/chopzone-sada-viacucelovych-bambusovych-krajacich-dosiek\/","title":{"rendered":"ChopZone\u2122 Sada viac\u00fa\u010delov\u00fdch bambusov\u00fdch kr\u00e1jac\u00edch dosiek"},"content":{"rendered":"<div class=\"smania_landing_description_title\">NOV\u00c9: Revol\u00facia v pr\u00edprave jed\u00e1l bez n\u00e1mahy<\/div>\n<div class=\"smania_landing_description_txt\">Praktick\u00e9, \u0161t\u00fdlov\u00e9 a ide\u00e1lne na ka\u017edodenn\u00e9 pou\u017eitie!<\/div>\n<div class=\"smania_landing_description_subtitle\">Odomknite kone\u010dn\u00e9 rie\u0161enie na pr\u00edpravu jedla s setom ChopZone! Tento 4-dielny set bambusov\u00fdch dosiek, doplnen\u00fd elegantn\u00fdm \u00falo\u017en\u00fdm stojanom, prin\u00e1\u0161a \u0161t\u00fdl a praktickos\u0165 do va\u0161ej kuchyne. Je to nevyhnutn\u00fd set na ka\u017edodenn\u00e9 pou\u017eitie alebo dokonal\u00fd dar\u010dek, ktor\u00fd ohrom\u00ed!<\/div>\n<div class=\"smania_landing_description_list\">\n<ul>\n<li>Elegantn\u00fd \u00falo\u017en\u00fd reg\u00e1l \u2014 udr\u017eiava va\u0161u kuchy\u0148u organizovan\u00fa a bez neporiadku <\/li>\n<li>Sada 4 kusov \u2014 obsahuje viacero bambusov\u00fdch kr\u00e1jac\u00edch dosiek na v\u0161estrann\u00e9 pou\u017eitie <\/li>\n<li>Odoln\u00fd bambusov\u00fd materi\u00e1l \u2014 ekologick\u00fd a trv\u00e1cny na ka\u017edodenn\u00e9 pou\u017eitie <\/li>\n<li>Praktick\u00fd a \u0161t\u00fdlov\u00fd \u2014 kombinuje funk\u010dnos\u0165 s elegantn\u00fdm dizajnom <\/li>\n<li>Ide\u00e1lny na ka\u017edodenn\u00e9 pou\u017eitie \u2014 skvel\u00fd na pr\u00edpravu jed\u00e1l, kr\u00e1janie a serv\u00edrovanie <\/li>\n<li>Skvel\u00fd n\u00e1pad na dar\u010dek \u2014 premyslen\u00fd a funk\u010dn\u00fd dar\u010dek pre ka\u017ed\u00e9ho nad\u0161enca do kuchyne<\/li>\n<\/ul><\/div>\n","protected":false},"excerpt":{"rendered":"<p>Materi\u00e1l: odoln\u00e9 bambusov\u00e9, trv\u00e1cne, ide\u00e1lne na ka\u017edodenn\u00e9 pou\u017eitie |Pou\u017eitie: Ide\u00e1lne na pr\u00edpravu jed\u00e1l, kr\u00e1janie a serv\u00edrovanie |\u00dadr\u017eba: Odoln\u00e9 vo\u010di z\u00e1pachu, r\u00fdchloschn\u00face |Rie\u0161enie na uskladnenie: Elegantn\u00fd \u00fasporn\u00fd \u00falo\u017en\u00fd stojan |Dizajn: Modern\u00fd a \u0161t\u00fdlov\u00fd, dop\u013a\u0148aj\u00faci ak\u00fako\u013evek kuchynsk\u00fa v\u00fdzdobu|Rozmery: 28,5 x 20,5 x 6,5 cm |Obsahuje: 4 dosky (doska na ryby, 2x doska na m\u00e4so, doska na zeleninu) |Materi\u00e1l: Bambus |\u00dadr\u017eba: \u013dahko sa um\u00fdva: odpor\u00fa\u010da sa ru\u010dn\u00e9 um\u00fdvanie |Odolnos\u0165: Odoln\u00e9 proti po\u0161kriabaniu a dlh\u00e1 \u017eivotnos\u0165<\/p>\n","protected":false},"featured_media":122142,"template":"","meta":[],"product_cat":[16,223],"product_tag":[],"acf":[],"_links":{"self":[{"href":"https:\/\/smania.store\/sk\/wp-json\/wp\/v2\/product\/122154"}],"collection":[{"href":"https:\/\/smania.store\/sk\/wp-json\/wp\/v2\/product"}],"about":[{"href":"https:\/\/smania.store\/sk\/wp-json\/wp\/v2\/types\/product"}],"wp:featuredmedia":[{"embeddable":true,"href":"https:\/\/smania.store\/sk\/wp-json\/wp\/v2\/media\/122142"}],"wp:attachment":[{"href":"https:\/\/smania.store\/sk\/wp-json\/wp\/v2\/media?parent=122154"}],"wp:term":[{"taxonomy":"product_cat","embeddable":true,"href":"https:\/\/smania.store\/sk\/wp-json\/wp\/v2\/product_cat?post=122154"},{"taxonomy":"product_tag","embeddable":true,"href":"https:\/\/smania.store\/sk\/wp-json\/wp\/v2\/product_tag?post=122154"}],"curies":[{"name":"wp","href":"https:\/\/api.w.org\/{rel}","templated":true}]}}