{"id":121918,"date":"2026-01-27T07:52:17","date_gmt":"2026-01-27T06:52:17","guid":{"rendered":"https:\/\/smania.store\/sk\/produkt\/reflexivny-3d-pvc-zrkadlovy-panel-na-stenu-50-x-50-cm-8-kusov\/"},"modified":"2026-01-27T07:52:20","modified_gmt":"2026-01-27T06:52:20","slug":"reflexivny-3d-pvc-zrkadlovy-panel-na-stenu-50-x-50-cm-8-kusov","status":"publish","type":"product","link":"https:\/\/smania.store\/sk\/produkt\/reflexivny-3d-pvc-zrkadlovy-panel-na-stenu-50-x-50-cm-8-kusov\/","title":{"rendered":"Reflex\u00edvny\u2122 3D PVC zrkadlov\u00fd panel na stenu 50 x 50 cm &#8211; 8 kusov"},"content":{"rendered":"<div class=\"smania_landing_description_title\">NOV\u00c9: Okam\u017eite preme\u0148te ak\u00fako\u013evek stenu alebo strop<\/div>\n<div class=\"smania_landing_description_txt\">Preme\u0148te ka\u017ed\u00fa stenu na pr\u00edbeh \u0161t\u00fdlu!<\/div>\n<div class=\"smania_landing_description_subtitle\"> Transformujte svoje steny s Reflectiva\u2122 \u2013 odv\u00e1\u017ene 3D zrkadlov\u00e9 panely, ktor\u00e9 kombinuj\u00fa modern\u00fd dizajn s p\u00f4sobiv\u00fdmi odrazmi. \u013dahk\u00e9, odoln\u00e9 a jednoducho sa in\u0161taluj\u00fa, vytv\u00e1raj\u00fa okam\u017eit\u00fd dojem v ka\u017edej miestnosti.<\/div>\n<div class=\"smania_landing_description_list\">\n<ul>\n<li>\u0160t\u00fdlov\u00fd zrkadlov\u00fd efekt pre modern\u00e9 interi\u00e9ry <\/li>\n<li>Ide\u00e1lne pre domov alebo kancel\u00e1riu <\/li>\n<li>Pevn\u00fd a flexibiln\u00fd PVC materi\u00e1l <\/li>\n<li>Zvy\u0161uje svetlo, h\u013abku a priestrannos\u0165 miestnosti <\/li>\n<li>Zvukov\u00e1 izol\u00e1cia a dif\u00fazia<\/li>\n<\/ul><\/div>\n","protected":false},"excerpt":{"rendered":"<p>Povrch odoln\u00fd proti po\u0161kriabaniu pre dlhodob\u00fd lesk |UV-chr\u00e1nen\u00fd n\u00e1ter zabra\u0148uje vyblednutiu |Ekologick\u00fd PVC \u2013 bezpe\u010dn\u00fd pre ka\u017ed\u00fa dom\u00e1cnos\u0165 |N\u00edzko\u00fadr\u017ebov\u00fd povrch \u2013 \u013eahko sa \u010dist\u00ed|Vari\u00e1cie: matn\u00e1 \u0161ed\u00e1, matn\u00e1 biela, dreven\u00fd vzor |Rozmery jedn\u00e9ho panelu: 50 x 50 cm |Pokrytie jedn\u00e9ho panelu: 0,25 m\u00b2 |Pokrytie balenia 8 kusov: 2 m\u00b2<\/p>\n","protected":false},"featured_media":121904,"template":"","meta":[],"product_cat":[16],"product_tag":[2515],"acf":[],"_links":{"self":[{"href":"https:\/\/smania.store\/sk\/wp-json\/wp\/v2\/product\/121918"}],"collection":[{"href":"https:\/\/smania.store\/sk\/wp-json\/wp\/v2\/product"}],"about":[{"href":"https:\/\/smania.store\/sk\/wp-json\/wp\/v2\/types\/product"}],"wp:featuredmedia":[{"embeddable":true,"href":"https:\/\/smania.store\/sk\/wp-json\/wp\/v2\/media\/121904"}],"wp:attachment":[{"href":"https:\/\/smania.store\/sk\/wp-json\/wp\/v2\/media?parent=121918"}],"wp:term":[{"taxonomy":"product_cat","embeddable":true,"href":"https:\/\/smania.store\/sk\/wp-json\/wp\/v2\/product_cat?post=121918"},{"taxonomy":"product_tag","embeddable":true,"href":"https:\/\/smania.store\/sk\/wp-json\/wp\/v2\/product_tag?post=121918"}],"curies":[{"name":"wp","href":"https:\/\/api.w.org\/{rel}","templated":true}]}}