{"id":121842,"date":"2026-01-23T07:52:49","date_gmt":"2026-01-23T06:52:49","guid":{"rendered":"https:\/\/smania.store\/sk\/produkt\/lotionshelf-sprchovy-regal-na-telove-mlieko-s-prisavkou\/"},"modified":"2026-04-19T15:34:27","modified_gmt":"2026-04-19T13:34:27","slug":"lotionshelf-sprchovy-regal-na-telove-mlieko-s-prisavkou","status":"publish","type":"product","link":"https:\/\/smania.store\/sk\/produkt\/lotionshelf-sprchovy-regal-na-telove-mlieko-s-prisavkou\/","title":{"rendered":"LotionShelf\u2122 sprchov\u00fd reg\u00e1l na telov\u00e9 mlieko s pr\u00edsavkou"},"content":{"rendered":"<div class=\"smania_landing_description_title\">NOV\u00c9: Bezprobl\u00e9mov\u00e1 okam\u017eit\u00e1 organiz\u00e1cia steny<\/div>\n<div class=\"smania_landing_description_txt\">Ihned dostupn\u00e9 \u00falo\u017eisko na stenu, bez n\u00e1mahy!<\/div>\n<div class=\"smania_landing_description_subtitle\">Rozl\u00fa\u010dte sa s n\u00e1strojmi a zlo\u017eit\u00fdmi in\u0161tal\u00e1ciami s LotionShelf\u2122! Jednoducho preme\u0148te svoju k\u00fape\u013e\u0148u na organizovan\u00fd raj bez v\u0155tania, bez po\u0161kodenia a bez probl\u00e9mov. Sta\u010d\u00ed oto\u010di\u0165 a okam\u017eite si vychutna\u0165 siln\u00fa podporu a modern\u00fa estetiku.<\/div>\n<div class=\"smania_landing_description_list\">\n<ul>\n<li>Vytv\u00e1ra okam\u017eit\u00fd extra priestor <\/li>\n<li>\u017diadne n\u00e1radie ani v\u0155tanie nie je potrebn\u00e9 <\/li>\n<li>Extra 7 h\u00e1\u010dikov na uter\u00e1ky a doplnky <\/li>\n<li>Jednoduch\u00e9 prisp\u00f4sobenie a prenosnos\u0165 <\/li>\n<li>\u013dahko sa \u010dist\u00ed, povrch odoln\u00fd vo\u010di \u0161kvrn\u00e1m <\/li>\n<li>\u00da\u017easn\u00e1 nosnos\u0165<\/li>\n<\/ul><\/div>\n","protected":false},"excerpt":{"rendered":"<p>Revolu\u010dn\u00e1 in\u0161tal\u00e1cia bez otvorov |Ide\u00e1lne pre vlhk\u00e9 prostredia |Ide\u00e1lne pre mal\u00e9 k\u00fape\u013ene |\u017diadne stopy na sten\u00e1ch po pou\u017eit\u00ed|Farba: Strieborn\u00e1 |\u010eal\u0161\u00edch 7 h\u00e1\u010dikov |Nosnos\u0165: do 30 kg |Rozmery: 50 x 13,8 x 10 cm<\/p>\n","protected":false},"featured_media":121830,"template":"","meta":[],"product_cat":[16],"product_tag":[1484],"acf":[],"_links":{"self":[{"href":"https:\/\/smania.store\/sk\/wp-json\/wp\/v2\/product\/121842"}],"collection":[{"href":"https:\/\/smania.store\/sk\/wp-json\/wp\/v2\/product"}],"about":[{"href":"https:\/\/smania.store\/sk\/wp-json\/wp\/v2\/types\/product"}],"wp:featuredmedia":[{"embeddable":true,"href":"https:\/\/smania.store\/sk\/wp-json\/wp\/v2\/media\/121830"}],"wp:attachment":[{"href":"https:\/\/smania.store\/sk\/wp-json\/wp\/v2\/media?parent=121842"}],"wp:term":[{"taxonomy":"product_cat","embeddable":true,"href":"https:\/\/smania.store\/sk\/wp-json\/wp\/v2\/product_cat?post=121842"},{"taxonomy":"product_tag","embeddable":true,"href":"https:\/\/smania.store\/sk\/wp-json\/wp\/v2\/product_tag?post=121842"}],"curies":[{"name":"wp","href":"https:\/\/api.w.org\/{rel}","templated":true}]}}