{"id":121829,"date":"2026-01-23T07:38:37","date_gmt":"2026-01-23T06:38:37","guid":{"rendered":"https:\/\/smania.store\/sk\/produkt\/doorfit-hrazda-na-dvere\/"},"modified":"2026-03-15T13:44:18","modified_gmt":"2026-03-15T12:44:18","slug":"doorfit-hrazda-na-dvere","status":"publish","type":"product","link":"https:\/\/smania.store\/sk\/produkt\/doorfit-hrazda-na-dvere\/","title":{"rendered":"DoorFit\u2122 hrazda na dvere"},"content":{"rendered":"<div class=\"smania_landing_description_title\">NOV\u00c9! Kone\u010dn\u00e9 rie\u0161enie pre dom\u00e1ce posil\u0148ovanie<\/div>\n<div class=\"smania_landing_description_txt\">Z\u00edskajte svalnat\u00fa postavu bez opustenia domova<\/div>\n<div class=\"smania_landing_description_subtitle\">Uvo\u013enite svoj pln\u00fd potenci\u00e1l s DoorFit\u2122! Bez n\u00e1mahy posilnite svoju tr\u00e9ningov\u00fa rutinu a dosiahnite bezprecedentn\u00fa silu s jednoduch\u00fdm doplnkom k ak\u00e9muko\u013evek \u0161tandardn\u00e9mu dverov\u00e9mu r\u00e1mu. \u017diadne skrutky, \u017eiadne po\u0161kodenie, len \u010dist\u00e1 sila\u2014preto\u017ee va\u0161a v\u00e1\u0161e\u0148 pre fitness si zasl\u00fa\u017ei dokonalos\u0165!<\/div>\n<div class=\"smania_landing_description_list\">\n<ul>\n<li>Podporuje intenz\u00edvne tr\u00e9ningy <\/li>\n<li>Nie s\u00fa potrebn\u00e9 \u017eiadne n\u00e1stroje na nastavenie <\/li>\n<li>Bezpe\u010dn\u00e9, proti\u0161mykov\u00e9 penov\u00e9 \u00fachyty <\/li>\n<li>Zv\u00fd\u0161te tr\u00e9ningy s robustn\u00fdm dizajnom <\/li>\n<li>Prenosn\u00e9 pre r\u00f4zne cvi\u010denia <\/li>\n<li>R\u00fdchla, bez po\u0161kodenia in\u0161tal\u00e1cia<\/li>\n<\/ul><\/div>\n","protected":false},"excerpt":{"rendered":"<p>Inovat\u00edvne in\u017einierstvo bez kol\u00edsania |Profesion\u00e1lna \u00farove\u0148 budovania svalov |Ide\u00e1lne na zhyby a k\u013euky |Pohodln\u00e9 extra \u0161irok\u00e9 \u00fachopy|Nastavite\u013en\u00e1 v\u00fd\u0161ka ty\u010de |D\u013a\u017eka ty\u010de: 101,6 cm |Podpora: do 300 kg |Hod\u00ed sa na dvere: \u0161\u00edrka 70-90 cm, h\u013abka 12-24 cm<\/p>\n","protected":false},"featured_media":121816,"template":"","meta":[],"product_cat":[21],"product_tag":[],"acf":[],"_links":{"self":[{"href":"https:\/\/smania.store\/sk\/wp-json\/wp\/v2\/product\/121829"}],"collection":[{"href":"https:\/\/smania.store\/sk\/wp-json\/wp\/v2\/product"}],"about":[{"href":"https:\/\/smania.store\/sk\/wp-json\/wp\/v2\/types\/product"}],"wp:featuredmedia":[{"embeddable":true,"href":"https:\/\/smania.store\/sk\/wp-json\/wp\/v2\/media\/121816"}],"wp:attachment":[{"href":"https:\/\/smania.store\/sk\/wp-json\/wp\/v2\/media?parent=121829"}],"wp:term":[{"taxonomy":"product_cat","embeddable":true,"href":"https:\/\/smania.store\/sk\/wp-json\/wp\/v2\/product_cat?post=121829"},{"taxonomy":"product_tag","embeddable":true,"href":"https:\/\/smania.store\/sk\/wp-json\/wp\/v2\/product_tag?post=121829"}],"curies":[{"name":"wp","href":"https:\/\/api.w.org\/{rel}","templated":true}]}}