{"id":121699,"date":"2026-01-20T11:48:51","date_gmt":"2026-01-20T10:48:51","guid":{"rendered":"https:\/\/smania.store\/sk\/produkt\/stackmax-skladaci-kovovy-regal-4-urovne\/"},"modified":"2026-03-20T12:58:10","modified_gmt":"2026-03-20T11:58:10","slug":"stackmax-skladaci-kovovy-regal-4-urovne","status":"publish","type":"product","link":"https:\/\/smania.store\/sk\/produkt\/stackmax-skladaci-kovovy-regal-4-urovne\/","title":{"rendered":"StackMax\u2122 skladac\u00ed kovov\u00fd reg\u00e1l &#8211; 4 \u00farovne"},"content":{"rendered":"<div class=\"smania_landing_description_title\">NOV\u00c9: Okam\u017eit\u00e9 elegantn\u00e9 rie\u0161enie na uskladnenie<\/div>\n<div class=\"smania_landing_description_txt\">Rozlo\u017e, naskladaj a uskladni \u2013 je to tak\u00e9 jednoduch\u00e9!<\/div>\n<div class=\"smania_landing_description_subtitle\">Predstavujeme StackMax\u2122 \u2013 skladac\u00ed 4-podla\u017en\u00fd kovov\u00fd reg\u00e1l, ktor\u00fd u\u013eah\u010duje organiz\u00e1ciu! Vyroben\u00fd z pevn\u00e9ho oce\u013eov\u00e9ho r\u00e1mu a hladk\u00fdch koliesok, rozlo\u017e\u00ed sa za p\u00e1r sek\u00fand a pri nepou\u017e\u00edvan\u00ed sa sklad\u00e1 na plochu. Ide\u00e1lny na knihy, kuchynsk\u00e9 potreby alebo kancel\u00e1rske nevyhnutnosti \u2013 elegantn\u00fd, siln\u00fd a pripraven\u00fd na presun kamko\u013evek ho potrebujete!<\/div>\n<div class=\"smania_landing_description_list\">\n<ul>\n<li>Okam\u017eite sa zlo\u017e\u00ed na kompaktn\u00fdch 7,6 cm<\/li>\n<li>Bez n\u00e1mahy podporuje a\u017e 41 kg na \u00farove\u0148<\/li>\n<li>\u00dapln\u00e1 mobilita s tich\u00fdmi, uzamykate\u013en\u00fdmi kolesami<\/li>\n<li>Povrch odoln\u00fd proti po\u0161kriabaniu pre dlh\u00fa \u017eivotnos\u0165<\/li>\n<li>Predmontovan\u00e9 pre okam\u017eit\u00e9 pou\u017eitie<\/li>\n<li>\u0160etr\u00ed miesto, hod\u00ed sa do ka\u017ed\u00e9ho interi\u00e9ru<\/li>\n<\/ul><\/div>\n","protected":false},"excerpt":{"rendered":"<p>Zlo\u017e\u00ed sa za 5 sek\u00fand|Vodotesn\u00fd, hrdzav\u00fd dizajn|Odoln\u00fd pre dlhodob\u00e9 pou\u017e\u00edvanie|Nie je potrebn\u00e1 mont\u00e1\u017e|\u00daplne prenosn\u00fd s 360\u00b0 pohybom koliesok|Rozmery: 124 x 71,5 x 39,5 cm|Po\u010det pol\u00edc: 4 \u00farovne|Max. nosnos\u0165: a\u017e 41 kg\/\u00farove\u0148|Farebn\u00e9 varianty: \u010cierna, Biela|\u0160peci\u00e1lne vlastnosti: Skladac\u00ed, Odoln\u00fd proti po\u0161kriabaniu, \u00daspora miesta, 360\u00b0 kolieska<\/p>\n","protected":false},"featured_media":121686,"template":"","meta":[],"product_cat":[16],"product_tag":[2515],"acf":[],"_links":{"self":[{"href":"https:\/\/smania.store\/sk\/wp-json\/wp\/v2\/product\/121699"}],"collection":[{"href":"https:\/\/smania.store\/sk\/wp-json\/wp\/v2\/product"}],"about":[{"href":"https:\/\/smania.store\/sk\/wp-json\/wp\/v2\/types\/product"}],"wp:featuredmedia":[{"embeddable":true,"href":"https:\/\/smania.store\/sk\/wp-json\/wp\/v2\/media\/121686"}],"wp:attachment":[{"href":"https:\/\/smania.store\/sk\/wp-json\/wp\/v2\/media?parent=121699"}],"wp:term":[{"taxonomy":"product_cat","embeddable":true,"href":"https:\/\/smania.store\/sk\/wp-json\/wp\/v2\/product_cat?post=121699"},{"taxonomy":"product_tag","embeddable":true,"href":"https:\/\/smania.store\/sk\/wp-json\/wp\/v2\/product_tag?post=121699"}],"curies":[{"name":"wp","href":"https:\/\/api.w.org\/{rel}","templated":true}]}}