{"id":121595,"date":"2026-01-14T08:14:57","date_gmt":"2026-01-14T07:14:57","guid":{"rendered":"https:\/\/smania.store\/sk\/produkt\/jellymist-dizajn-meduzoveho-led-difuzera-a-zvlhcovaca\/"},"modified":"2026-01-14T08:14:57","modified_gmt":"2026-01-14T07:14:57","slug":"jellymist-dizajn-meduzoveho-led-difuzera-a-zvlhcovaca","status":"publish","type":"product","link":"https:\/\/smania.store\/sk\/produkt\/jellymist-dizajn-meduzoveho-led-difuzera-a-zvlhcovaca\/","title":{"rendered":"JellyMist\u2122 dizajn med\u00fazov\u00e9ho LED difuz\u00e9ra a zvlh\u010dova\u010da"},"content":{"rendered":"<div class=\"smania_landing_description_title\">NOV\u00c9: Ultra-jemn\u00e1 hmla pokrytie<\/div>\n<div class=\"smania_landing_description_txt\">Preme\u0148te ak\u00fdko\u013evek priestor na relaxa\u010dn\u00fa o\u00e1zu<\/div>\n<div class=\"smania_landing_description_subtitle\"> Ponorte sa do mora pokoja s JellyMist\u2122. T\u00e1to fascinuj\u00faca inov\u00e1cia zachyt\u00e1va podstatu pohybu med\u00faz, rozpty\u013euj\u00fac ultrajemn\u00fa hmlu, ktor\u00e1 upokojuje a revitalizuje va\u0161e dom\u00e1ce alebo kancel\u00e1rske prostredie. Zlep\u0161ite si n\u00e1ladu, vy\u010distite vzduch a vytvorte si pokojn\u00fd \u00fanik jedn\u00fdm stla\u010den\u00edm tla\u010didla.<\/div>\n<div class=\"smania_landing_description_list\">\n<ul>\n<li>3-v-1: Difuz\u00e9r, zvlh\u010dova\u010d a lampa <\/li>\n<li>Dynamick\u00e9 sn\u00edmanie zvuku synchronizuje hmlu <\/li>\n<li>7-farebn\u00e9 n\u00e1ladov\u00e9 osvetlenie a ovl\u00e1danie jasu <\/li>\n<li>Dlh\u00e1 v\u00fddr\u017e 250ml n\u00e1dr\u017ee na 8-12 hod\u00edn pou\u017e\u00edvania <\/li>\n<li>Dvojit\u00e9 ovl\u00e1danie s dotykov\u00fdm a dia\u013ekov\u00fdm ovl\u00e1dan\u00edm <\/li>\n<li>Tich\u00fd chod s hlu\u010dnos\u0165ou iba 32dB<\/li>\n<\/ul><\/div>\n","protected":false},"excerpt":{"rendered":"<p>Ide\u00e1lne na aromaterapiu a zvlh\u010dovanie |Bezpe\u010dn\u00e9 proti \u00fanikom, odoln\u00e9 vo\u010di rozliatiu |Vyroben\u00e9 z materi\u00e1lov bezpe\u010dn\u00fdch pre deti |Automatick\u00e9 vypnutie pre bezpe\u010dnos\u0165 pri pr\u00e1zdnej n\u00e1dr\u017ei |Elegantn\u00fd sope\u010dn\u00fd dizajn zvy\u0161uje dekor\u00e1ciu|Farba: Biela |Nap\u00e1janie: 24V |Kapacita n\u00e1dr\u017ee na vodu: 250 ml |Rozmery produktu: 160 x 140 mm |\u0160peci\u00e1lne funkcie: 360-stup\u0148ov\u00e1 tryska na paru, automatick\u00e9 vypnutie, nastavenie svetla, nastavenie hmly, nastavenie \u010dasova\u010da<\/p>\n","protected":false},"featured_media":121581,"template":"","meta":[],"product_cat":[16],"product_tag":[2515],"acf":[],"_links":{"self":[{"href":"https:\/\/smania.store\/sk\/wp-json\/wp\/v2\/product\/121595"}],"collection":[{"href":"https:\/\/smania.store\/sk\/wp-json\/wp\/v2\/product"}],"about":[{"href":"https:\/\/smania.store\/sk\/wp-json\/wp\/v2\/types\/product"}],"wp:featuredmedia":[{"embeddable":true,"href":"https:\/\/smania.store\/sk\/wp-json\/wp\/v2\/media\/121581"}],"wp:attachment":[{"href":"https:\/\/smania.store\/sk\/wp-json\/wp\/v2\/media?parent=121595"}],"wp:term":[{"taxonomy":"product_cat","embeddable":true,"href":"https:\/\/smania.store\/sk\/wp-json\/wp\/v2\/product_cat?post=121595"},{"taxonomy":"product_tag","embeddable":true,"href":"https:\/\/smania.store\/sk\/wp-json\/wp\/v2\/product_tag?post=121595"}],"curies":[{"name":"wp","href":"https:\/\/api.w.org\/{rel}","templated":true}]}}