{"id":121439,"date":"2026-01-05T06:06:21","date_gmt":"2026-01-05T05:06:21","guid":{"rendered":"https:\/\/smania.store\/sk\/produkt\/bedhubpro-inteligentny-nocny-stolik\/"},"modified":"2026-03-06T12:54:27","modified_gmt":"2026-03-06T11:54:27","slug":"bedhubpro-inteligentny-nocny-stolik","status":"publish","type":"product","link":"https:\/\/smania.store\/sk\/produkt\/bedhubpro-inteligentny-nocny-stolik\/","title":{"rendered":"BedhubPro\u2122 inteligentn\u00fd no\u010dn\u00fd stol\u00edk"},"content":{"rendered":"<div class=\"smania_landing_description_title\">NOV\u00c9: V\u00e1\u0161 komplexn\u00fd no\u010dn\u00fd spolo\u010dn\u00edk<\/div>\n<div class=\"smania_landing_description_txt\">Okam\u017eite pozdvihnite svoje noci!<\/div>\n<div class=\"smania_landing_description_subtitle\"> Za\u017eite vrchol modernej pohodlnosti s BedhubPro\u2122. Tento no\u010dn\u00fd stol\u00edk bezprobl\u00e9movo integruje nab\u00edjanie, bezpe\u010dnos\u0165, z\u00e1bavu, osvetlenie a estetiku do jedn\u00e9ho elegantn\u00e9ho zariadenia. Preme\u0148te svoju sp\u00e1l\u0148u na sv\u00e4ty\u0148u a prijmite \u017eivotn\u00fd \u0161t\u00fdl bez neporiadku!<\/div>\n<div class=\"smania_landing_description_list\">\n<ul>\n<li>Bezprobl\u00e9mov\u00e9 bezdr\u00f4tov\u00e9 a k\u00e1blov\u00e9 nab\u00edjanie <\/li>\n<li>Pokro\u010dil\u00e1 bezpe\u010dnos\u0165 odtla\u010dkov prstov <\/li>\n<li>Pohlcuj\u00faci zvukov\u00fd z\u00e1\u017eitok z dvojit\u00fdch reproduktorov <\/li>\n<li>Prisp\u00f4sobite\u013en\u00e9 LED osvetlenie <\/li>\n<li>Elegantn\u00fd povrch z tvrden\u00e9ho skla <\/li>\n<li>Priestrann\u00fd a bezpe\u010dn\u00fd dizajn<\/li>\n<\/ul><\/div>\n","protected":false},"excerpt":{"rendered":"<p>\u017diadne viac zamotan\u00e9 k\u00e1ble! |Personalizujte osvetlenie pod\u013ea svojej n\u00e1lady |Po\u010d\u00favajte hudbu ako nikdy predt\u00fdm |Perfektne sa hod\u00ed do ka\u017edej sp\u00e1lne |Zjednodu\u0161te si \u017eivot s inteligentnou technol\u00f3giou|Farba: Biela |Po\u010det z\u00e1suviek: 2 |Celkov\u00e9 rozmery: 40 x 40 x 46 cm |Nab\u00edjanie: Bezdr\u00f4tov\u00e9 nab\u00edjanie, 2 x r\u00fdchle nab\u00edjanie USB |\u0160peci\u00e1lne funkcie: 3 re\u017eimy LED svetiel, Inteligentn\u00fd z\u00e1mok na odtla\u010dok prsta, Bluetooth reproduktor<\/p>\n","protected":false},"featured_media":121425,"template":"","meta":[],"product_cat":[16],"product_tag":[2515],"acf":[],"_links":{"self":[{"href":"https:\/\/smania.store\/sk\/wp-json\/wp\/v2\/product\/121439"}],"collection":[{"href":"https:\/\/smania.store\/sk\/wp-json\/wp\/v2\/product"}],"about":[{"href":"https:\/\/smania.store\/sk\/wp-json\/wp\/v2\/types\/product"}],"wp:featuredmedia":[{"embeddable":true,"href":"https:\/\/smania.store\/sk\/wp-json\/wp\/v2\/media\/121425"}],"wp:attachment":[{"href":"https:\/\/smania.store\/sk\/wp-json\/wp\/v2\/media?parent=121439"}],"wp:term":[{"taxonomy":"product_cat","embeddable":true,"href":"https:\/\/smania.store\/sk\/wp-json\/wp\/v2\/product_cat?post=121439"},{"taxonomy":"product_tag","embeddable":true,"href":"https:\/\/smania.store\/sk\/wp-json\/wp\/v2\/product_tag?post=121439"}],"curies":[{"name":"wp","href":"https:\/\/api.w.org\/{rel}","templated":true}]}}