{"id":121279,"date":"2025-12-18T10:23:15","date_gmt":"2025-12-18T09:23:15","guid":{"rendered":"https:\/\/smania.store\/sk\/produkt\/magicrackpro-3-urovnovy-vysuvny-stojan-do-mikrovlnnej-rury\/"},"modified":"2026-04-13T16:40:15","modified_gmt":"2026-04-13T14:40:15","slug":"magicrackpro-3-urovnovy-vysuvny-stojan-do-mikrovlnnej-rury","status":"publish","type":"product","link":"https:\/\/smania.store\/sk\/produkt\/magicrackpro-3-urovnovy-vysuvny-stojan-do-mikrovlnnej-rury\/","title":{"rendered":"MagicRackPro\u2122 3-\u00farov\u0148ov\u00fd v\u00fdsuvn\u00fd stojan do mikrovlnnej r\u00fary"},"content":{"rendered":"<div class=\"smania_landing_description_title\">NOVINKA: zv\u00e4\u010d\u0161uje priestor v kuchyni<\/div>\n<div class=\"smania_landing_description_txt\">Mno\u017estvo \u010fal\u0161ieho priestoru na kuchynskej linke!<\/div>\n<div class=\"smania_landing_description_subtitle\">Preme\u0148te svoj kuchynsk\u00fd priestor s 3-\u00farov\u0148ov\u00fdm v\u00fdsuvn\u00fdm stojanom do mikrovlnnej r\u00fary MagicRackPro\u2122. Tento praktick\u00fd 3-\u00farov\u0148ov\u00fd reg\u00e1l je vyroben\u00fd z odolnej uhl\u00edkovej ocele a pon\u00faka v\u00fdnimo\u010dn\u00fa stabilitu a pevnos\u0165. Jej roz\u0165ahovac\u00ed dizajn sa dokonale prisp\u00f4sob\u00ed va\u0161im potreb\u00e1m, v\u010faka \u010domu bude va\u0161a kuchy\u0148a vyzera\u0165 \u00fah\u013eadnej\u0161ie a funk\u010dnej\u0161ie.<\/div>\n<div class=\"smania_landing_description_list\">\n<ul>\n<li>Zv\u00e4\u010d\u0161ite priestor na kuchynskej linke<\/li>\n<li>Roz\u0161\u00edrite\u013en\u00fd dizajn, ktor\u00fd sa zmest\u00ed na ak\u00fdko\u013evek povrch<\/li>\n<li>Ide\u00e1lne pre mikrovlnn\u00e9 r\u00fary a in\u00e9 kuchynsk\u00e9 spotrebi\u010de<\/li>\n<li>Odoln\u00fd kov pre stabilitu a dlh\u00fa \u017eivotnos\u0165<\/li>\n<li>Ide\u00e1lne do kuchyne, kancel\u00e1rie alebo ak\u00e9hoko\u013evek in\u00e9ho prostredia<\/li>\n<li>Obsahuje 6 h\u00e1\u010dikov na kuchynsk\u00e9 n\u00e1radie<\/li>\n<\/ul><\/div>\n","protected":false},"excerpt":{"rendered":"<p>Odoln\u00fd a pevn\u00fd materi\u00e1l|Dvojit\u00fd \u00falo\u017en\u00fd priestor|V\u0161estrann\u00e9 pou\u017eitie na r\u00f4zne \u00fa\u010dely|Obsahuje stojan na korenie a f\u00f3liu|Dizajn vhodn\u00fd do ka\u017edej kuchyne|Farby: \u010dierna alebo biela|Hmotnos\u0165: 3.6 kg|Materi\u00e1l: Odoln\u00fd kov|D\u013a\u017eka: Roz\u0161\u00edrite\u013en\u00e1 od 40 do 64 cm|Celkov\u00e9 rozmery: rozmery: 79 x 36,5 x 40-64 cm|Pevn\u00e1 a stabiln\u00e1 kon\u0161trukcia|Obsahuje 6 h\u00e1\u010dikov na kuchynsk\u00e9 n\u00e1radie<\/p>\n","protected":false},"featured_media":121268,"template":"","meta":[],"product_cat":[16,223],"product_tag":[2515,1805],"acf":[],"_links":{"self":[{"href":"https:\/\/smania.store\/sk\/wp-json\/wp\/v2\/product\/121279"}],"collection":[{"href":"https:\/\/smania.store\/sk\/wp-json\/wp\/v2\/product"}],"about":[{"href":"https:\/\/smania.store\/sk\/wp-json\/wp\/v2\/types\/product"}],"wp:featuredmedia":[{"embeddable":true,"href":"https:\/\/smania.store\/sk\/wp-json\/wp\/v2\/media\/121268"}],"wp:attachment":[{"href":"https:\/\/smania.store\/sk\/wp-json\/wp\/v2\/media?parent=121279"}],"wp:term":[{"taxonomy":"product_cat","embeddable":true,"href":"https:\/\/smania.store\/sk\/wp-json\/wp\/v2\/product_cat?post=121279"},{"taxonomy":"product_tag","embeddable":true,"href":"https:\/\/smania.store\/sk\/wp-json\/wp\/v2\/product_tag?post=121279"}],"curies":[{"name":"wp","href":"https:\/\/api.w.org\/{rel}","templated":true}]}}