{"id":121254,"date":"2025-12-17T13:44:54","date_gmt":"2025-12-17T12:44:54","guid":{"rendered":"https:\/\/smania.store\/sk\/produkt\/sinkslide-2-urovnovy-posuvny-ulozny-priestor\/"},"modified":"2026-04-13T20:01:35","modified_gmt":"2026-04-13T18:01:35","slug":"sinkslide-2-urovnovy-posuvny-ulozny-priestor","status":"publish","type":"product","link":"https:\/\/smania.store\/sk\/produkt\/sinkslide-2-urovnovy-posuvny-ulozny-priestor\/","title":{"rendered":"SinkSlide\u2122 2-\u00farov\u0148ov\u00fd posuvn\u00fd \u00falo\u017en\u00fd priestor"},"content":{"rendered":"<div class=\"smania_landing_description_title\">NOVINKA: Inteligentn\u00e1 organiz\u00e1cia um\u00fdvadla<\/div>\n<div class=\"smania_landing_description_txt\">Maxim\u00e1lne pohodlie v kuchyni bez n\u00e1mahy!<\/div>\n<div class=\"smania_landing_description_subtitle\"> Objavte efektivitu a \u0161t\u00fdl s technol\u00f3giou SinkSlide\u2122, ktor\u00e1 maximalizuje priestor pod um\u00fdvadlom. Tento organiz\u00e9r, navrhnut\u00fd pre t\u00fdch, ktor\u00ed h\u013eadaj\u00fa poriadok a dostupnos\u0165, v\u00e1m umo\u017en\u00ed pohodlne a v\u017edy na dosah ulo\u017ei\u0165 \u010distiace prostriedky, \u0161pongie a pr\u00edslu\u0161enstvo. Robustn\u00fd, modern\u00fd dizajn sa dokonale hod\u00ed do ka\u017edej kuchyne, bez potreby zlo\u017eitej in\u0161tal\u00e1cie alebo nap\u00e1jania.<\/div>\n<div class=\"smania_landing_description_list\">\n<ul>\n<li>Dokonal\u00fd poriadok &#8211; Organizuje \u010distiace prostriedky a pr\u00edslu\u0161enstvo v malom priestore<\/li>\n<li>Ide\u00e1lne pre mal\u00e9 kuchyne &#8211; Optimalizuje priestor pod drezom<\/li>\n<li>Dizajn \u0161etriaci priestor &#8211; 2-\u00farov\u0148ov\u00e1 \u0161trukt\u00fara pre v\u00e4\u010d\u0161iu \u00falo\u017en\u00fa kapacitu<\/li>\n<li>Jednoduch\u00e1 in\u0161tal\u00e1cia &#8211; Nie je potrebn\u00e9 \u017eiadne n\u00e1radie ani v\u0155tanie<\/li>\n<li>Hladk\u00fd posuv &#8211; V\u00fdsuvn\u00e9 z\u00e1suvky na r\u00fdchly pr\u00edstup<\/li>\n<li>Pevn\u00fd a odoln\u00fd &#8211; Vysokokvalitn\u00e9 materi\u00e1ly<\/li>\n<li>Modern\u00fd \u0161t\u00fdl &#8211; Hod\u00ed sa do ka\u017edej kuchyne<\/li>\n<li>Jednoduch\u00e9 \u010distenie &#8211; Povrchy odoln\u00e9 vo\u010di \u0161kvrn\u00e1m a vlhkosti<\/li>\n<\/ul><\/div>\n","protected":false},"excerpt":{"rendered":"<p>Pevn\u00e1 a odoln\u00e1 kon\u0161trukcia|Vysokokvalitn\u00e9 materi\u00e1ly|Vhodn\u00fd do ka\u017edej kuchyne|Hladk\u00e9 v\u00fdsuvn\u00e9 z\u00e1suvky|Mal\u00e9 rozmery, maxim\u00e1lna kapacita|Farba: \u010dierna alebo biela|Materi\u00e1l: Materi\u00e1l: plast a odoln\u00fd kov|Rozmery: Nastavite\u013en\u00e9 od 41 do 48,5 cm x 26,5 cm x 38 cm<\/p>\n","protected":false},"featured_media":121245,"template":"","meta":[],"product_cat":[223],"product_tag":[1800],"acf":[],"_links":{"self":[{"href":"https:\/\/smania.store\/sk\/wp-json\/wp\/v2\/product\/121254"}],"collection":[{"href":"https:\/\/smania.store\/sk\/wp-json\/wp\/v2\/product"}],"about":[{"href":"https:\/\/smania.store\/sk\/wp-json\/wp\/v2\/types\/product"}],"wp:featuredmedia":[{"embeddable":true,"href":"https:\/\/smania.store\/sk\/wp-json\/wp\/v2\/media\/121245"}],"wp:attachment":[{"href":"https:\/\/smania.store\/sk\/wp-json\/wp\/v2\/media?parent=121254"}],"wp:term":[{"taxonomy":"product_cat","embeddable":true,"href":"https:\/\/smania.store\/sk\/wp-json\/wp\/v2\/product_cat?post=121254"},{"taxonomy":"product_tag","embeddable":true,"href":"https:\/\/smania.store\/sk\/wp-json\/wp\/v2\/product_tag?post=121254"}],"curies":[{"name":"wp","href":"https:\/\/api.w.org\/{rel}","templated":true}]}}