{"id":121234,"date":"2025-12-16T13:11:13","date_gmt":"2025-12-16T12:11:13","guid":{"rendered":"https:\/\/smania.store\/sk\/produkt\/armsnug-pamatovy-vankus-na-pohodlnu-oporu-ruky\/"},"modified":"2026-03-19T17:21:36","modified_gmt":"2026-03-19T16:21:36","slug":"armsnug-pamatovy-vankus-na-pohodlnu-oporu-ruky","status":"publish","type":"product","link":"https:\/\/smania.store\/sk\/produkt\/armsnug-pamatovy-vankus-na-pohodlnu-oporu-ruky\/","title":{"rendered":"ArmSnug\u2122 pam\u00e4\u0165ov\u00fd vank\u00fa\u0161 na pohodln\u00fa oporu ruky"},"content":{"rendered":"<div class=\"smania_landing_description_title\"> Zozn\u00e1mte sa s prav\u00fdm sp\u00e1nkov\u00fdm komfortom <\/div>\n<div class=\"smania_landing_description_txt\"> Spite lep\u0161ie, obj\u00edmaj sa dlh\u0161ie <\/div>\n<div class=\"smania_landing_description_subtitle\"> Vylep\u0161ite si odpo\u010dinok s ArmSnug\u2122, kde inovat\u00edvny dizajn poskytuje v\u00e1m a v\u00e1\u0161mu partnerovi bezkonkuren\u010dn\u00fa podporu pre krk a hlavu \u2013 a lep\u0161\u00ed sp\u00f4sob, ako sa obj\u00edma\u0165 bez znecitlivenia r\u00fak. <\/div>\n<div class=\"smania_landing_description_list\">\n<ul>\n<li>Podporuje krk a hlavu pohodlne <\/li>\n<li>Inovat\u00edvny dut\u00fd dizajn na obj\u00edmanie <\/li>\n<li>100% priedu\u0161n\u00e1 \u010dist\u00e1 pam\u00e4\u0165ov\u00e1 pena <\/li>\n<li>Pon\u00faka jedine\u010dn\u00e9 sp\u00e1nkov\u00e9 polohy <\/li>\n<li>Podporuje zn\u00ed\u017eenie tlaku v ruk\u00e1ch<\/li>\n<\/ul><\/div>\n","protected":false},"excerpt":{"rendered":"<p>Zlep\u0161uje kvalitu sp\u00e1nku okam\u017eite |M\u00e4kk\u00fd, no odoln\u00fd pocit |Ide\u00e1lne pre pohodlie p\u00e1rov |Jednoduch\u00fd na \u010distenie po\u0165ah na vank\u00fa\u0161|Povlak na vank\u00fa\u0161 je odn\u00edmate\u013en\u00fd a prate\u013en\u00fd |Materi\u00e1l povlaku na vank\u00fa\u0161: Polyester, elastan |Materi\u00e1l v\u00fdplne: Polyester (nie je prate\u013en\u00fd) |Vari\u00e1cie: \u013dav\u00e1 strana alebo prav\u00e1 strana<\/p>\n","protected":false},"featured_media":121223,"template":"","meta":[],"product_cat":[19],"product_tag":[],"acf":[],"_links":{"self":[{"href":"https:\/\/smania.store\/sk\/wp-json\/wp\/v2\/product\/121234"}],"collection":[{"href":"https:\/\/smania.store\/sk\/wp-json\/wp\/v2\/product"}],"about":[{"href":"https:\/\/smania.store\/sk\/wp-json\/wp\/v2\/types\/product"}],"wp:featuredmedia":[{"embeddable":true,"href":"https:\/\/smania.store\/sk\/wp-json\/wp\/v2\/media\/121223"}],"wp:attachment":[{"href":"https:\/\/smania.store\/sk\/wp-json\/wp\/v2\/media?parent=121234"}],"wp:term":[{"taxonomy":"product_cat","embeddable":true,"href":"https:\/\/smania.store\/sk\/wp-json\/wp\/v2\/product_cat?post=121234"},{"taxonomy":"product_tag","embeddable":true,"href":"https:\/\/smania.store\/sk\/wp-json\/wp\/v2\/product_tag?post=121234"}],"curies":[{"name":"wp","href":"https:\/\/api.w.org\/{rel}","templated":true}]}}