{"id":121196,"date":"2025-12-16T12:47:20","date_gmt":"2025-12-16T11:47:20","guid":{"rendered":"https:\/\/smania.store\/sk\/produkt\/starlume-led-projektor-hviezd-s-dialkovym-ovladanim\/"},"modified":"2025-12-16T12:47:20","modified_gmt":"2025-12-16T11:47:20","slug":"starlume-led-projektor-hviezd-s-dialkovym-ovladanim","status":"publish","type":"product","link":"https:\/\/smania.store\/sk\/produkt\/starlume-led-projektor-hviezd-s-dialkovym-ovladanim\/","title":{"rendered":"StarLume\u2122 LED projektor hviezd s dia\u013ekov\u00fdm ovl\u00e1dan\u00edm"},"content":{"rendered":"<div class=\"smania_landing_description_title\">NOV\u00c9: Osvetlite svoj priestor<\/div>\n<div class=\"smania_landing_description_txt\">Preme\u0148te ak\u00fako\u013evek miestnos\u0165 na snov\u00fa podvodn\u00fa galaxiu!<\/div>\n<div class=\"smania_landing_description_subtitle\">Projektor hviezdneho mora StarLume\u2122 LED so vzdialen\u00fdm ovl\u00e1dan\u00edm vytv\u00e1ra magick\u00fa auroru na oblohe s 7 sveteln\u00fdmi re\u017eimami, ktor\u00e9 upokoja va\u0161e zmysly a osvetlia v\u00e1\u0161 priestor. Ide\u00e1lny pre deti aj dospel\u00fdch, premen\u00ed ak\u00fako\u013evek miestnos\u0165 na pokojn\u00fd o\u00e1z pre sp\u00e1nok, relax\u00e1ciu alebo \u010disto vizu\u00e1lny p\u00f4\u017eitok.<\/div>\n<div class=\"smania_landing_description_list\">\n<ul>\n<li>Transformuje ak\u00fako\u013evek miestnos\u0165 na upokojuj\u00facu hviezdnu oblohu <\/li>\n<li>7 sveteln\u00fdch re\u017eimov s nastavite\u013en\u00fdm jasom <\/li>\n<li>Dlh\u00e1 v\u00fddr\u017e bat\u00e9rie \u2013 a\u017e 80 hod\u00edn v n\u00edzkom re\u017eime <\/li>\n<li>R\u00fdchle nab\u00edjanie cez USB-C <\/li>\n<li>Skvel\u00fd dar\u010dek pre deti aj dospel\u00fdch<\/li>\n<\/ul><\/div>\n","protected":false},"excerpt":{"rendered":"<p>Okam\u017eit\u00e9 zlep\u0161enie atmosf\u00e9ry |Ide\u00e1lne na vn\u00fatorn\u00e9 aj vonkaj\u0161ie pou\u017eitie |Nastavite\u013en\u00e9 \u00farovne jasu |Kompaktn\u00e1 ve\u013ekos\u0165 pre jednoduch\u00e9 uskladnenie |7 farieb pre prep\u00ednanie|Bat\u00e9ria: vstavan\u00e1 bat\u00e9ria 1200mAh |\u010cas nab\u00edjania: pribli\u017ene 2,5 hodiny |Prev\u00e1dzkov\u00fd \u010das pri vysokom jase: 7\u20138 hod\u00edn |Prev\u00e1dzkov\u00fd \u010das pri n\u00edzkom jase: a\u017e 80 hod\u00edn |Nab\u00edjanie: USB Type-C (k\u00e1bel je s\u00fa\u010das\u0165ou balenia)<\/p>\n","protected":false},"featured_media":121185,"template":"","meta":[],"product_cat":[16],"product_tag":[1481,2515],"acf":[],"_links":{"self":[{"href":"https:\/\/smania.store\/sk\/wp-json\/wp\/v2\/product\/121196"}],"collection":[{"href":"https:\/\/smania.store\/sk\/wp-json\/wp\/v2\/product"}],"about":[{"href":"https:\/\/smania.store\/sk\/wp-json\/wp\/v2\/types\/product"}],"wp:featuredmedia":[{"embeddable":true,"href":"https:\/\/smania.store\/sk\/wp-json\/wp\/v2\/media\/121185"}],"wp:attachment":[{"href":"https:\/\/smania.store\/sk\/wp-json\/wp\/v2\/media?parent=121196"}],"wp:term":[{"taxonomy":"product_cat","embeddable":true,"href":"https:\/\/smania.store\/sk\/wp-json\/wp\/v2\/product_cat?post=121196"},{"taxonomy":"product_tag","embeddable":true,"href":"https:\/\/smania.store\/sk\/wp-json\/wp\/v2\/product_tag?post=121196"}],"curies":[{"name":"wp","href":"https:\/\/api.w.org\/{rel}","templated":true}]}}