{"id":121154,"date":"2025-12-16T09:36:03","date_gmt":"2025-12-16T08:36:03","guid":{"rendered":"https:\/\/smania.store\/sk\/produkt\/quackstand-nastavitelny-stojan-na-kupanie-babatka-v-tvare-kacky\/"},"modified":"2026-01-11T16:00:00","modified_gmt":"2026-01-11T15:00:00","slug":"quackstand-nastavitelny-stojan-na-kupanie-babatka-v-tvare-kacky","status":"publish","type":"product","link":"https:\/\/smania.store\/sk\/produkt\/quackstand-nastavitelny-stojan-na-kupanie-babatka-v-tvare-kacky\/","title":{"rendered":"QuackStand\u2122 nastavite\u013en\u00fd stojan na k\u00fapanie b\u00e1b\u00e4tka v tvare ka\u010dky"},"content":{"rendered":"<div class=\"smania_landing_description_title\">NOV\u00c9: U\u013eah\u010duje k\u00fapanie!<\/div>\n<div class=\"smania_landing_description_txt\">Zabezpe\u010denie bezpe\u010dnosti, z\u00e1bavy a pohodlia pri k\u00fapan\u00ed<\/div>\n<div class=\"smania_landing_description_subtitle\">QuackStand\u2122 je nevyhnutnos\u0165ou pre ka\u017ed\u00e9ho rodi\u010da, ktor\u00fd chce premeni\u0165 \u010das na k\u00fapanie na bezpe\u010dn\u00fd a pr\u00edjemn\u00fd z\u00e1\u017eitok! Navrhnut\u00e9 tak, aby podporovalo prirodzen\u00fa post\u00faru v\u00e1\u0161ho die\u0165a\u0165a, zatia\u013e \u010do ich zab\u00e1va roztomil\u00e1 t\u00e9ma ka\u010dky. Zabezpe\u010dte, aby ka\u017ed\u00e9 k\u00fapanie bolo z\u00e1bavn\u00fdm a radostn\u00fdm z\u00e1\u017eitkom!<\/div>\n<div class=\"smania_landing_description_list\">\n<ul>\n<li>Ergonomick\u00e1 podpora udr\u017euje b\u00e1b\u00e4tk\u00e1 stabiln\u00e9 pri st\u00e1t\u00ed <\/li>\n<li>Z\u00e1bavn\u00fd dizajn ka\u010dky zab\u00e1va a povzbudzuje hrav\u00fd \u010das pri k\u00fapan\u00ed <\/li>\n<li>Kompaktn\u00fd skladac\u00ed dizajn \u0161etr\u00ed miesto v ka\u017edej k\u00fape\u013eni <\/li>\n<li>R\u00fdchla, bezn\u00e1strojov\u00e1 mont\u00e1\u017e pre zanepr\u00e1zdnen\u00fdch rodi\u010dov <\/li>\n<li>\u013dahko sa \u010dist\u00ed, materi\u00e1ly odoln\u00e9 vo\u010di vode a \u0161kvrn\u00e1m <\/li>\n<li>\u013dahk\u00e9 a prenosn\u00e9 pre domov alebo cestovanie <\/li>\n<li>Ide\u00e1lne pre b\u00e1b\u00e4tk\u00e1 vo veku 6\u201324 mesiacov, podporuje ran\u00e9 zru\u010dnosti st\u00e1tia<\/li>\n<\/ul><\/div>\n","protected":false},"excerpt":{"rendered":"<p>Zlo\u017e\u00ed sa na ploch\u00fa ve\u013ekos\u0165 pre uskladnenie |Roztomil\u00fd dizajn ka\u010dky |Podporuje bezpe\u010dn\u00e9 st\u00e1tie |Vhodn\u00fd vek: 6\u201324 mesiacov|Rozmery: 47 x 40 x 63 cm |Nastavite\u013en\u00e1 v\u00fd\u0161ka: 47,5-63 cm |Materi\u00e1l: Odoln\u00fd, vodeodoln\u00fd ABS |Hmotnos\u0165: 2,1 kg, \u013eahk\u00fd a prenosn\u00fd<\/p>\n","protected":false},"featured_media":121150,"template":"","meta":[],"product_cat":[17],"product_tag":[],"acf":[],"_links":{"self":[{"href":"https:\/\/smania.store\/sk\/wp-json\/wp\/v2\/product\/121154"}],"collection":[{"href":"https:\/\/smania.store\/sk\/wp-json\/wp\/v2\/product"}],"about":[{"href":"https:\/\/smania.store\/sk\/wp-json\/wp\/v2\/types\/product"}],"wp:featuredmedia":[{"embeddable":true,"href":"https:\/\/smania.store\/sk\/wp-json\/wp\/v2\/media\/121150"}],"wp:attachment":[{"href":"https:\/\/smania.store\/sk\/wp-json\/wp\/v2\/media?parent=121154"}],"wp:term":[{"taxonomy":"product_cat","embeddable":true,"href":"https:\/\/smania.store\/sk\/wp-json\/wp\/v2\/product_cat?post=121154"},{"taxonomy":"product_tag","embeddable":true,"href":"https:\/\/smania.store\/sk\/wp-json\/wp\/v2\/product_tag?post=121154"}],"curies":[{"name":"wp","href":"https:\/\/api.w.org\/{rel}","templated":true}]}}