{"id":121040,"date":"2025-12-10T07:21:16","date_gmt":"2025-12-10T06:21:16","guid":{"rendered":"https:\/\/smania.store\/sk\/produkt\/floravine-nastenne-svetla-s-kvetinovymi-vinami-144-led\/"},"modified":"2026-01-20T05:33:01","modified_gmt":"2026-01-20T04:33:01","slug":"floravine-nastenne-svetla-s-kvetinovymi-vinami-144-led","status":"publish","type":"product","link":"https:\/\/smania.store\/sk\/produkt\/floravine-nastenne-svetla-s-kvetinovymi-vinami-144-led\/","title":{"rendered":"FloraVine\u2122 n\u00e1stenn\u00e9 svetl\u00e1 s kvetinov\u00fdmi v\u00ednami &#8211; 144 LED"},"content":{"rendered":"<div class=\"smania_landing_description_title\">NOV\u00c9, Vytvorte o\u010daruj\u00face n\u00e1stenn\u00e9 osvetlenie<\/div>\n<div class=\"smania_landing_description_txt\">Rozkvitnite svoj priestor magick\u00fdm svetlom!<\/div>\n<div class=\"smania_landing_description_subtitle\"> Prineste k\u00fazlo do ka\u017edej miestnosti s osvetlen\u00edm FloraVine\u2122 vo forme kvetinov\u00fdch v\u00edn. 144 LED svetiel in\u0161pirovan\u00fdch \u010dere\u0161\u0148ov\u00fdmi kvetmi vytv\u00e1ra \u00fatuln\u00fa, sl\u00e1vnostn\u00fa atmosf\u00e9ru. Flexibiln\u00fd dizajn a 8 sveteln\u00fdch re\u017eimov v\u00e1m umo\u017e\u0148uj\u00fa tvarova\u0165 a prisp\u00f4sobi\u0165 si dokonal\u00fa atmosf\u00e9ru\u2014ide\u00e1lne na sviatky, p\u00e1rty alebo ka\u017edodenn\u00e9 \u010daro.<\/div>\n<div class=\"smania_landing_description_list\">\n<ul>\n<li>144 LED svetiel pre jemn\u00e9, tepl\u00e9 osvetlenie <\/li>\n<li>8 dynamick\u00fdch sveteln\u00fdch re\u017eimov + nastavite\u013en\u00e1 jasnos\u0165 <\/li>\n<li>Dia\u013ekov\u00e9 ovl\u00e1danie pre jednoduch\u00e9 prisp\u00f4sobenie <\/li>\n<li>Flexibiln\u00e9 kon\u00e1re pre kreat\u00edvne DIY tvary <\/li>\n<li>Ide\u00e1lne na Vianoce, oslavy, svadby alebo ka\u017edodenn\u00fa dekor\u00e1ciu<\/li>\n<\/ul><\/div>\n","protected":false},"excerpt":{"rendered":"<p>Pohodln\u00e9 tepl\u00e9 osvetlenie |Jednoduch\u00e9 tvarovanie a zavesenie |Pohodln\u00e9 ovl\u00e1danie na dia\u013eku |Ide\u00e1lne na sl\u00e1vnostn\u00e9 a ka\u017edodenn\u00e9 pou\u017eitie|D\u013a\u017eka: 230 cm |Po\u010det LED: 144 |Materi\u00e1l: Flexibiln\u00fd dr\u00f4t + plastov\u00e9 kvety |Nap\u00e1janie: USB<\/p>\n","protected":false},"featured_media":121029,"template":"","meta":[],"product_cat":[16],"product_tag":[1481,1482],"acf":[],"_links":{"self":[{"href":"https:\/\/smania.store\/sk\/wp-json\/wp\/v2\/product\/121040"}],"collection":[{"href":"https:\/\/smania.store\/sk\/wp-json\/wp\/v2\/product"}],"about":[{"href":"https:\/\/smania.store\/sk\/wp-json\/wp\/v2\/types\/product"}],"wp:featuredmedia":[{"embeddable":true,"href":"https:\/\/smania.store\/sk\/wp-json\/wp\/v2\/media\/121029"}],"wp:attachment":[{"href":"https:\/\/smania.store\/sk\/wp-json\/wp\/v2\/media?parent=121040"}],"wp:term":[{"taxonomy":"product_cat","embeddable":true,"href":"https:\/\/smania.store\/sk\/wp-json\/wp\/v2\/product_cat?post=121040"},{"taxonomy":"product_tag","embeddable":true,"href":"https:\/\/smania.store\/sk\/wp-json\/wp\/v2\/product_tag?post=121040"}],"curies":[{"name":"wp","href":"https:\/\/api.w.org\/{rel}","templated":true}]}}