{"id":120906,"date":"2025-12-04T06:58:06","date_gmt":"2025-12-04T05:58:06","guid":{"rendered":"https:\/\/smania.store\/sk\/produkt\/superkart-detsky-elektricky-skladaci-go-kart\/"},"modified":"2026-04-16T21:20:56","modified_gmt":"2026-04-16T19:20:56","slug":"superkart-detsky-elektricky-skladaci-go-kart","status":"publish","type":"product","link":"https:\/\/smania.store\/sk\/produkt\/superkart-detsky-elektricky-skladaci-go-kart\/","title":{"rendered":"SuperKart\u2122 detsk\u00fd elektrick\u00fd skladac\u00ed go-kart"},"content":{"rendered":"<div class=\"smania_landing_description_title\">NOV\u00c9: Elektrizuj\u00faca z\u00e1bava pre deti<\/div>\n<div class=\"smania_landing_description_txt\">Z\u00e1bava, r\u00fdchlos\u0165 a svetl\u00e1 v jednom skvelom go-karte!<\/div>\n<div class=\"smania_landing_description_subtitle\"> Pripravte sa na nepretr\u017eit\u00fa z\u00e1bavu so SuperKart\u2122! S interakt\u00edvnymi ovl\u00e1dac\u00edmi prvkami, dlhotrvaj\u00facou bat\u00e9riou a skvel\u00fdmi LED svetlami, tento go-kart je navrhnut\u00fd tak, aby ka\u017ed\u00e1 jazda bola dobrodru\u017estvom. \u013dahko sa skladuje, \u013eahko sa ovl\u00e1da a je vyroben\u00fd na dlh\u00fa \u017eivotnos\u0165.<\/div>\n<div class=\"smania_landing_description_list\">\n<ul>\n<li>2 Re\u017eimy jazdy: Jazda nez\u00e1visle alebo s dia\u013ekov\u00fdm ovl\u00e1dan\u00edm <\/li>\n<li>Vpred a vzad: Pohybuje sa dopredu a dozadu pre lep\u0161iu kontrolu <\/li>\n<li>Oslniv\u00e9 LED svetl\u00e1: Jasn\u00e9, vzru\u0161uj\u00face svetl\u00e1 pre z\u00e1bavu, aj v noci <\/li>\n<li>Kompaktn\u00e9 a skladacie: \u013dahko sa skladuje a pren\u00e1\u0161a kamko\u013evek <\/li>\n<li>Nastavite\u013en\u00e9 sedadlo: Pohodlne sa prisp\u00f4sob\u00ed de\u0165om vo veku 2-8 rokov <\/li>\n<li>Ide\u00e1lne na jazdy v interi\u00e9ri aj exteri\u00e9ri<\/li>\n<\/ul><\/div>\n","protected":false},"excerpt":{"rendered":"<p>Perfektn\u00e9 pre deti vo veku 2-8 rokov |Bezpe\u010dn\u00e9 a z\u00e1bavn\u00e9 |No\u010dn\u00e1 z\u00e1bava |Vr\u00e1tane dia\u013ekov\u00e9ho ovl\u00e1dania|Rozmery: 85 x 56 x 51 cm |Bat\u00e9ria: 6V\/7A |Motor: 2 x 390W |R\u00fdchlos\u0165: 4.8-6.4 km\/h<\/p>\n","protected":false},"featured_media":120895,"template":"","meta":[],"product_cat":[17],"product_tag":[1635,1513],"acf":[],"_links":{"self":[{"href":"https:\/\/smania.store\/sk\/wp-json\/wp\/v2\/product\/120906"}],"collection":[{"href":"https:\/\/smania.store\/sk\/wp-json\/wp\/v2\/product"}],"about":[{"href":"https:\/\/smania.store\/sk\/wp-json\/wp\/v2\/types\/product"}],"wp:featuredmedia":[{"embeddable":true,"href":"https:\/\/smania.store\/sk\/wp-json\/wp\/v2\/media\/120895"}],"wp:attachment":[{"href":"https:\/\/smania.store\/sk\/wp-json\/wp\/v2\/media?parent=120906"}],"wp:term":[{"taxonomy":"product_cat","embeddable":true,"href":"https:\/\/smania.store\/sk\/wp-json\/wp\/v2\/product_cat?post=120906"},{"taxonomy":"product_tag","embeddable":true,"href":"https:\/\/smania.store\/sk\/wp-json\/wp\/v2\/product_tag?post=120906"}],"curies":[{"name":"wp","href":"https:\/\/api.w.org\/{rel}","templated":true}]}}