{"id":120889,"date":"2025-12-03T12:41:11","date_gmt":"2025-12-03T11:41:11","guid":{"rendered":"https:\/\/smania.store\/sk\/produkt\/spintower-viacurovnovy-dreveny-otacaci-regal\/"},"modified":"2026-04-02T17:49:16","modified_gmt":"2026-04-02T15:49:16","slug":"spintower-viacurovnovy-dreveny-otacaci-regal","status":"publish","type":"product","link":"https:\/\/smania.store\/sk\/produkt\/spintower-viacurovnovy-dreveny-otacaci-regal\/","title":{"rendered":"SpinTower\u2122 viac\u00farov\u0148ov\u00fd dreven\u00fd ot\u00e1\u010dac\u00ed reg\u00e1l"},"content":{"rendered":"<div class=\"smania_landing_description_title\">NOV\u00c9: Uvo\u013enite viac \u00falo\u017en\u00e9ho priestoru<\/div>\n<div class=\"smania_landing_description_txt\">Transformujte svoj priestor za p\u00e1r min\u00fat!<\/div>\n<div class=\"smania_landing_description_subtitle\">Unaven\u00fd z neporiadku, ktor\u00fd pohlcuje v\u00e1\u0161 priestor? Predstavujeme SpinTower\u2122\u2014va\u0161e ide\u00e1lne rie\u0161enie na maximaliz\u00e1ciu \u00falo\u017en\u00e9ho priestoru so \u0161t\u00fdlom! Tento v\u0161estrann\u00fd z\u00e1zrak sa bez n\u00e1mahy prisp\u00f4sob\u00ed va\u0161im potreb\u00e1m a pon\u00faka ve\u013ekorys\u00fd 5-podla\u017en\u00fd dizajn, ktor\u00fd roz\u0161iruje v\u00e1\u0161 priestor bez n\u00e1mahy. Investujte do \u017eivota bez neporiadku e\u0161te dnes!<\/div>\n<div class=\"smania_landing_description_list\">\n<ul>\n<li>Bez n\u00e1mahy organizujte bez chaosu a neporiadku <\/li>\n<li>Okam\u017eit\u00e1 mont\u00e1\u017e bez n\u00e1radia <\/li>\n<li>Prisp\u00f4sobite\u013en\u00e9 stohovate\u013en\u00e9 police <\/li>\n<li>\u00dasporn\u00fd dizajn maximalizuje v\u00e1\u0161 priestor <\/li>\n<li>Pevn\u00e9 a elegantn\u00e9, hod\u00ed sa do ka\u017ed\u00e9ho interi\u00e9ru <\/li>\n<li>Ve\u013ek\u00e1 kapacita: 46 x 160 cm<\/li>\n<\/ul><\/div>\n","protected":false},"excerpt":{"rendered":"<p>Bezprobl\u00e9mov\u00e1 in\u0161tal\u00e1cia: nie s\u00fa potrebn\u00e9 \u017eiadne n\u00e1stroje |Ide\u00e1lne pre mal\u00e9 byty |Skvel\u00e9 do ka\u017edej miestnosti alebo kancel\u00e1rie |R\u00fdchlo pridajte alebo odstr\u00e1\u0148te vrstvy |Odoln\u00e9, spo\u013eahliv\u00e9 a robustn\u00e9|Po\u010det pol\u00edc: 5 |V\u00fd\u0161ka police: 30 cm |Hr\u00fabka police: 1,2 cm |Rozmery: 160 x 46 cm |Materi\u00e1l: Mas\u00edvne drevo<\/p>\n","protected":false},"featured_media":120877,"template":"","meta":[],"product_cat":[16],"product_tag":[1481],"acf":[],"_links":{"self":[{"href":"https:\/\/smania.store\/sk\/wp-json\/wp\/v2\/product\/120889"}],"collection":[{"href":"https:\/\/smania.store\/sk\/wp-json\/wp\/v2\/product"}],"about":[{"href":"https:\/\/smania.store\/sk\/wp-json\/wp\/v2\/types\/product"}],"wp:featuredmedia":[{"embeddable":true,"href":"https:\/\/smania.store\/sk\/wp-json\/wp\/v2\/media\/120877"}],"wp:attachment":[{"href":"https:\/\/smania.store\/sk\/wp-json\/wp\/v2\/media?parent=120889"}],"wp:term":[{"taxonomy":"product_cat","embeddable":true,"href":"https:\/\/smania.store\/sk\/wp-json\/wp\/v2\/product_cat?post=120889"},{"taxonomy":"product_tag","embeddable":true,"href":"https:\/\/smania.store\/sk\/wp-json\/wp\/v2\/product_tag?post=120889"}],"curies":[{"name":"wp","href":"https:\/\/api.w.org\/{rel}","templated":true}]}}