{"id":120732,"date":"2025-11-21T10:04:01","date_gmt":"2025-11-21T09:04:01","guid":{"rendered":"https:\/\/smania.store\/sk\/produkt\/firefighterz-hasicske-auto-s-jednotkou-hasicov-a-vodnym-rozprasovacom\/"},"modified":"2026-04-13T10:37:51","modified_gmt":"2026-04-13T08:37:51","slug":"firefighterz-hasicske-auto-s-jednotkou-hasicov-a-vodnym-rozprasovacom","status":"publish","type":"product","link":"https:\/\/smania.store\/sk\/produkt\/firefighterz-hasicske-auto-s-jednotkou-hasicov-a-vodnym-rozprasovacom\/","title":{"rendered":"FireFighterz\u2122 hasi\u010dsk\u00e9 auto s jednotkou hasi\u010dov a vodn\u00fdm rozpra\u0161ova\u010dom"},"content":{"rendered":"<div class=\"smania_landing_description_title\">NOVINKA: Spustite z\u00e1bavu na vodn\u00fd pohon<\/div>\n<div class=\"smania_landing_description_txt\">Jazdi, striekaj, hraj sa &#8211; \u017eivot hasi\u010da \u010dak\u00e1!<\/div>\n<div class=\"smania_landing_description_subtitle\">O\u017eivte skuto\u010dn\u00e9 z\u00e1chran\u00e1rske dobrodru\u017estv\u00e1 s hasi\u010dsk\u00fdm autom FireFighterz\u2122. Toto multifunk\u010dn\u00e9 hasi\u010dsk\u00e9 auto je navrhnut\u00e9 pre z\u00e1bavu aj u\u010denie a podnecuje tvorivos\u0165, predstavivos\u0165 a nekone\u010dn\u00e9 vzru\u0161enie pri hre. Ide\u00e1lne pre mal\u00fdch hrdinov, ktor\u00ed sn\u00edvaj\u00fa o z\u00e1chrane!<\/div>\n<div class=\"smania_landing_description_list\">\n<ul>\n<li>Teleskopick\u00fd rebr\u00edk a zdv\u00edhacia plo\u0161ina na dynamick\u00fa z\u00e1chranu<\/li>\n<li>Oto\u010dn\u00fd pracovn\u00fd st\u00f4l o 270\u00b0 s rozpra\u0161ova\u010dom vody na interakt\u00edvnu hru<\/li>\n<li>Zabudovan\u00fd pr\u00edbeh a zvukov\u00e9 efekty pre pohlcuj\u00face dobrodru\u017estvo<\/li>\n<li>Obsahuje 6 minivozidiel pre roz\u0161\u00edren\u00e9 misie<\/li>\n<li>Podporuje kreativitu, koordin\u00e1ciu r\u00fak a o\u010d\u00ed a n\u00e1padit\u00fa hru<\/li>\n<\/ul><\/div>\n","protected":false},"excerpt":{"rendered":"<p>So 6 vozidlami a vodn\u00fdm postrekova\u010dom|Funkcia rozpra\u0161ovania vody|Rebr\u00edk sa ot\u00e1\u010da o 270\u00b0, vys\u00fava a zdv\u00edha|Zvukov\u00e9 a sveteln\u00e9 efekty s jednoduch\u00fdmi tla\u010didlami|Balenie obsahuje: 1 x ve\u013ek\u00e9 hasi\u010dsk\u00e9 auto, 6 x mal\u00e9 aut\u00e1|Nap\u00e1janie: potrebn\u00e9 s\u00fa 2 \u00d7 bat\u00e9rie AA (nie s\u00fa s\u00fa\u010das\u0165ou balenia)|Upozornenie: Obsahuje mal\u00e9 \u010dasti. Nebezpe\u010denstvo zadusenia!|Odpor\u00fa\u010dan\u00fd vek: +3 roky<\/p>\n","protected":false},"featured_media":120728,"template":"","meta":[],"product_cat":[17],"product_tag":[1635,1513],"acf":[],"_links":{"self":[{"href":"https:\/\/smania.store\/sk\/wp-json\/wp\/v2\/product\/120732"}],"collection":[{"href":"https:\/\/smania.store\/sk\/wp-json\/wp\/v2\/product"}],"about":[{"href":"https:\/\/smania.store\/sk\/wp-json\/wp\/v2\/types\/product"}],"wp:featuredmedia":[{"embeddable":true,"href":"https:\/\/smania.store\/sk\/wp-json\/wp\/v2\/media\/120728"}],"wp:attachment":[{"href":"https:\/\/smania.store\/sk\/wp-json\/wp\/v2\/media?parent=120732"}],"wp:term":[{"taxonomy":"product_cat","embeddable":true,"href":"https:\/\/smania.store\/sk\/wp-json\/wp\/v2\/product_cat?post=120732"},{"taxonomy":"product_tag","embeddable":true,"href":"https:\/\/smania.store\/sk\/wp-json\/wp\/v2\/product_tag?post=120732"}],"curies":[{"name":"wp","href":"https:\/\/api.w.org\/{rel}","templated":true}]}}