{"id":120723,"date":"2025-11-21T10:02:09","date_gmt":"2025-11-21T09:02:09","guid":{"rendered":"https:\/\/smania.store\/sk\/produkt\/driftracer-mini-dialkovo-ovladane-drift-auto-hracky\/"},"modified":"2026-04-03T22:35:18","modified_gmt":"2026-04-03T20:35:18","slug":"driftracer-mini-dialkovo-ovladane-drift-auto-hracky","status":"publish","type":"product","link":"https:\/\/smania.store\/sk\/produkt\/driftracer-mini-dialkovo-ovladane-drift-auto-hracky\/","title":{"rendered":"DriftRacer\u2122 mini dia\u013ekovo ovl\u00e1dan\u00e9 drift auto hra\u010dky"},"content":{"rendered":"<div class=\"smania_landing_description_title\">NOV\u00c9: O\u010darte s Miniat\u00farnou R\u00fdchlos\u0165ou<\/div>\n<div class=\"smania_landing_description_txt\">Uvo\u013enite svoj vn\u00fatorn\u00fd r\u00fdchlostn\u00fd d\u00e9mon okam\u017eite<\/div>\n<div class=\"smania_landing_description_subtitle\">Predstavujeme DriftRacer\u2122, v\u00e1\u0161 kompaktn\u00fd sil\u00e1k navrhnut\u00fd pre \u010d\u00edru adrenal\u00ednov\u00fa z\u00e1bavu! S elegantn\u00fdm telom a prelomov\u00fdmi schopnos\u0165ami driftovania je tento mini mon\u0161trum ide\u00e1lny na pretekanie na va\u0161om stole alebo vonku. Konajte teraz a z\u00edskajte ultim\u00e1tne pretek\u00e1rske z\u00e1\u017eitky, ktor\u00e9 sa zmestia do va\u0161ej dlane!<\/div>\n<div class=\"smania_landing_description_list\">\n<ul>\n<li>Mikro ve\u013ekos\u0165, makro vzru\u0161enie: Iba 7,8 cm!<\/li>\n<li>Bleskov\u00e1 r\u00fdchlos\u0165: R\u00fdchlosti a\u017e do 15 km\/h<\/li>\n<li>Magnetick\u00fd motor: Hladk\u00e9 zr\u00fdchlenie<\/li>\n<li>Bezdr\u00f4tov\u00e1 dokonalos\u0165: Ovl\u00e1dac\u00ed dosah 2,4 GHz<\/li>\n<li>R\u00fdchle nab\u00edjanie: 20 min\u00fat hracieho \u010dasu<\/li>\n<li>Kompletn\u00fd bal\u00edk: Obsahuje v\u0161etky pr\u00edslu\u0161enstvo<\/li>\n<\/ul><\/div>\n","protected":false},"excerpt":{"rendered":"<p>Kompaktn\u00fd, no v\u00fdkonn\u00fd dizajn|V\u00fdnimo\u010dn\u00fd v\u00fdkon pri driftovan\u00ed|Dynamick\u00e9 LED osvetlenie|Jednoduch\u00e9 r\u00fdchle nab\u00edjanie cez USB|Dve mo\u017enosti: Modr\u00e1 alebo biela|Dia\u013eka ovl\u00e1dania: 20-30 metrov|V\u00fddr\u017e: pribli\u017ene 25 min\u00fat|Rozmery auta: 3,5 x 7,8 x 2,5 cm|Sp\u00f4sob nab\u00edjania: nab\u00edjac\u00ed port typu C|Balenie obsahuje: 1x auto, 1x 2,4G dia\u013ekov\u00e9 ovl\u00e1danie, 1x nab\u00edjac\u00ed k\u00e1bel, 4x prek\u00e1\u017eka, 1x skrutkova\u010d<\/p>\n","protected":false},"featured_media":120712,"template":"","meta":[],"product_cat":[17],"product_tag":[1635,1513],"acf":[],"_links":{"self":[{"href":"https:\/\/smania.store\/sk\/wp-json\/wp\/v2\/product\/120723"}],"collection":[{"href":"https:\/\/smania.store\/sk\/wp-json\/wp\/v2\/product"}],"about":[{"href":"https:\/\/smania.store\/sk\/wp-json\/wp\/v2\/types\/product"}],"wp:featuredmedia":[{"embeddable":true,"href":"https:\/\/smania.store\/sk\/wp-json\/wp\/v2\/media\/120712"}],"wp:attachment":[{"href":"https:\/\/smania.store\/sk\/wp-json\/wp\/v2\/media?parent=120723"}],"wp:term":[{"taxonomy":"product_cat","embeddable":true,"href":"https:\/\/smania.store\/sk\/wp-json\/wp\/v2\/product_cat?post=120723"},{"taxonomy":"product_tag","embeddable":true,"href":"https:\/\/smania.store\/sk\/wp-json\/wp\/v2\/product_tag?post=120723"}],"curies":[{"name":"wp","href":"https:\/\/api.w.org\/{rel}","templated":true}]}}